{"id":32364,"date":"2025-12-26T15:21:41","date_gmt":"2025-12-26T15:21:41","guid":{"rendered":"https:\/\/www.infinitri.be\/?post_type=product&#038;p=32364"},"modified":"2026-04-04T18:44:37","modified_gmt":"2026-04-04T17:44:37","slug":"zone3-lunette-venator-x-white-silver","status":"publish","type":"product","link":"https:\/\/www.infinitri.be\/de\/produkt\/zone3-lunette-venator-x-white-silver\/","title":{"rendered":"Zone3 Brille Venator X White silver"},"content":{"rendered":"<p>Zone3 Lunettes de Natation &#8211; Venator-X &#8211; Polaris\u00e9 &#8211; white silver &#8211; polarized revo silver lens<\/p>\n<p>Eine flexible Struktur optimiert die Passform f\u00fcr eine Vielzahl von Gesichtsformen und -gr\u00f6\u00dfen und sorgt f\u00fcr Komfort und Leistung ohne Ablenkung. Mit polarisierten Gl\u00e4sern kann man sich immer auf die Venator-X-Schwimmbrille verlassen.<\/p>\n<p>Eine exklusive Form, die in Zusammenarbeit mit dem professionellen Ironman-Schwimmer Josh Amberger entwickelt wurde.<\/p>","protected":false},"excerpt":{"rendered":"<p>\u2018Polarisierte und reflektierende Gl\u00e4ser reduzieren die Blendung durch die Sonne im Wasser.<br \/>\n-Superweiche Silikondichtungen minimieren den Druck um die Augen, sodass du dich auch bei langen Schwimmstrecken wohlf\u00fchlst.<br \/>\n-Die LUCID-Gl\u00e4ser mit Antibeschlagbeschichtung garantieren kristallklare Sicht und verhindern das Beschlagen der Brille beim Schwimmen.<br \/>\n-Die gew\u00f6lbten Weitwinkelgl\u00e4ser von HORIZON bieten eine hervorragende Sicht, sodass du deine Richtung genau bestimmen und andere Schwimmer erkennen kannst.<\/p>","protected":false},"featured_media":32470,"comment_status":"open","ping_status":"closed","template":"","meta":[],"product_brand":[],"product_cat":[54,55,56,59],"product_tag":[239],"class_list":{"0":"post-32364","1":"product","2":"type-product","3":"status-publish","4":"has-post-thumbnail","6":"product_cat-lunettes","7":"product_cat-lunettes-natation","8":"product_cat-lunettes-triathlon","9":"product_cat-triathlon","10":"product_tag-venator","11":"nt-post-class","12":"","18":"first","19":"instock","20":"sale","21":"taxable","22":"shipping-taxable","23":"purchasable","24":"product-type-variable"},"_links":{"self":[{"href":"https:\/\/www.infinitri.be\/de\/wp-json\/wp\/v2\/product\/32364","targetHints":{"allow":["GET"]}}],"collection":[{"href":"https:\/\/www.infinitri.be\/de\/wp-json\/wp\/v2\/product"}],"about":[{"href":"https:\/\/www.infinitri.be\/de\/wp-json\/wp\/v2\/types\/product"}],"replies":[{"embeddable":true,"href":"https:\/\/www.infinitri.be\/de\/wp-json\/wp\/v2\/comments?post=32364"}],"wp:featuredmedia":[{"embeddable":true,"href":"https:\/\/www.infinitri.be\/de\/wp-json\/wp\/v2\/media\/32470"}],"wp:attachment":[{"href":"https:\/\/www.infinitri.be\/de\/wp-json\/wp\/v2\/media?parent=32364"}],"wp:term":[{"taxonomy":"product_brand","embeddable":true,"href":"https:\/\/www.infinitri.be\/de\/wp-json\/wp\/v2\/product_brand?post=32364"},{"taxonomy":"product_cat","embeddable":true,"href":"https:\/\/www.infinitri.be\/de\/wp-json\/wp\/v2\/product_cat?post=32364"},{"taxonomy":"product_tag","embeddable":true,"href":"https:\/\/www.infinitri.be\/de\/wp-json\/wp\/v2\/product_tag?post=32364"}],"curies":[{"name":"wp","href":"https:\/\/api.w.org\/{rel}","templated":true}]}}