{"id":32428,"date":"2025-12-26T15:22:06","date_gmt":"2025-12-26T15:22:06","guid":{"rendered":"https:\/\/www.infinitri.be\/?post_type=product&#038;p=32428"},"modified":"2026-04-04T18:46:17","modified_gmt":"2026-04-04T17:46:17","slug":"5-panel-light-cap-compressport-sugar-ice-print","status":"publish","type":"product","link":"https:\/\/www.infinitri.be\/de\/produkt\/5-panel-light-cap-compressport-sugar-ice-print\/","title":{"rendered":"5 Panel Light Cap Compressport Sugar Ice Print"},"content":{"rendered":"<p>Si vous h\u00e9sitiez entre notre casquette l\u00e9g\u00e8re et notre trucker \u00e9l\u00e9gant pour votre prochaine s\u00e9ance d\u2019entra\u00eenement, la toute nouvelle casquette l\u00e9g\u00e8re \u00e0 5 Panel Light Cap pourrait \u00eatre le bon choix. Con\u00e7ue dans un souci de performance, cette casquette ultral\u00e9g\u00e8re propose 5 tissus distincts et un look funky pour une thermor\u00e9gulation haute performance et une protection solaire pendant vos courses les plus chaudes. La ventilation int\u00e9gr\u00e9e \u00e0 l\u2019arri\u00e8re et le long des c\u00f4t\u00e9s se charge du refroidissement, tandis que les panneaux lat\u00e9raux ultrafins r\u00e9duisent son poids au minimum. Un bandeau anti-sueur int\u00e9gr\u00e9 autour du front arr\u00eate la transpiration lorsque vous acc\u00e9l\u00e9rez le rythme. La membrane de la partie sup\u00e9rieure est tr\u00e8s respirante et offre une protection contre les UV pour que vous puissiez garder la t\u00eate froide lorsque la course devient intense. La casquette est de taille unique, son slider pratique \u00e0 l\u2019arri\u00e8re permet de l\u2019ajuster facilement. Et parce que nous sommes des amoureux du sport comme vous, la 5-Panel Light Cap est tr\u00e8s facile \u00e0 plier et \u00e0 ranger dans votre poche ou votre sac lorsque les nuages apparaissent. Fra\u00eeche et l\u00e9g\u00e8re, c\u2019est la casquette parfaite pour les s\u00e9ances d\u2019entra\u00eenement ensoleill\u00e9es et les trails sans r\u00e9pit.<\/p>","protected":false},"excerpt":{"rendered":"<p>Protection UV sur la membrane sup\u00e9rieure pour une course sans souci tout au long de la journ\u00e9e<\/p>\n<p>L\u00e9g\u00e8re et facilement pliable, elle se range rapidement dans une poche ou un sac en cas de besoin<\/p>\n<p>Propri\u00e9t\u00e9s thermor\u00e9gulatrices pour rester au frais lorsque vous acc\u00e9l\u00e9rez le rythme<\/p>","protected":false},"featured_media":32481,"comment_status":"open","ping_status":"closed","template":"","meta":[],"product_brand":[329],"product_cat":[40,156,16,59],"product_tag":[],"class_list":{"0":"post-32428","1":"product","2":"type-product","3":"status-publish","4":"has-post-thumbnail","6":"product_brand-compressport","7":"product_cat-accessoires","8":"product_cat-casquettes-visieres-headband","9":"product_cat-course","10":"product_cat-triathlon","11":"zank_product_brands-compressport","12":"nt-post-class","13":"","19":"first","20":"instock","21":"taxable","22":"shipping-taxable","23":"purchasable","24":"product-type-simple"},"_links":{"self":[{"href":"https:\/\/www.infinitri.be\/de\/wp-json\/wp\/v2\/product\/32428","targetHints":{"allow":["GET"]}}],"collection":[{"href":"https:\/\/www.infinitri.be\/de\/wp-json\/wp\/v2\/product"}],"about":[{"href":"https:\/\/www.infinitri.be\/de\/wp-json\/wp\/v2\/types\/product"}],"replies":[{"embeddable":true,"href":"https:\/\/www.infinitri.be\/de\/wp-json\/wp\/v2\/comments?post=32428"}],"wp:featuredmedia":[{"embeddable":true,"href":"https:\/\/www.infinitri.be\/de\/wp-json\/wp\/v2\/media\/32481"}],"wp:attachment":[{"href":"https:\/\/www.infinitri.be\/de\/wp-json\/wp\/v2\/media?parent=32428"}],"wp:term":[{"taxonomy":"product_brand","embeddable":true,"href":"https:\/\/www.infinitri.be\/de\/wp-json\/wp\/v2\/product_brand?post=32428"},{"taxonomy":"product_cat","embeddable":true,"href":"https:\/\/www.infinitri.be\/de\/wp-json\/wp\/v2\/product_cat?post=32428"},{"taxonomy":"product_tag","embeddable":true,"href":"https:\/\/www.infinitri.be\/de\/wp-json\/wp\/v2\/product_tag?post=32428"}],"curies":[{"name":"wp","href":"https:\/\/api.w.org\/{rel}","templated":true}]}}