{"id":33120,"date":"2025-12-26T15:27:07","date_gmt":"2025-12-26T15:27:07","guid":{"rendered":"https:\/\/www.infinitri.be\/?post_type=product&#038;p=33120"},"modified":"2026-04-04T17:34:51","modified_gmt":"2026-04-04T16:34:51","slug":"huub-trifonction-femme-tc-performance-noir-rose","status":"publish","type":"product","link":"https:\/\/www.infinitri.be\/de\/produkt\/huub-trifonction-femme-tc-performance-noir-rose\/","title":{"rendered":"Huub - Trifunktion Frau TC Performance Schwarz \/ Pink"},"content":{"rendered":"<p>La trifonction Triathlon Collective Performance offre un confort complet tout au long de la journ\u00e9e. L&#8217;\u00e9quilibre entre des tissus doux, \u00e0 s\u00e9chage rapide et \u00e9vacuant la transpiration, une construction de panneaux profil\u00e9s sur les \u00e9paules et une peau de chamois 3D sp\u00e9cifique au triathlon en feront la combinaison la plus confortable que vous ayez jamais poss\u00e9d\u00e9e.<\/p>\n<p>La combinaison offre deux grandes poches arri\u00e8re a\u00e9rodynamiques, suffisamment grandes pour stocker toute votre nutrition du jour de la course et tout autre \u00e9l\u00e9ment essentiel de la course. Id\u00e9al pour les \u00e9v\u00e9nements de courte \u00e0 moyenne distance \u00e0 un prix in\u00e9gal\u00e9. Une combinaison de haute qualit\u00e9 parfaite pour le triathl\u00e8te d\u00e9butant.<\/p>\n<p>DETAILS :<\/p>\n<p>Protection UV des \u00e9paules et du haut des bras.<\/p>\n<p>Manches longues pour des performances a\u00e9rodynamiques et un confort le jour de la course.<\/p>\n<p>Leichte, schnell trocknende Stoffe.<\/p>\n<p>Pad tri-sp\u00e9cifique 3D.<\/p>\n<p>Panneaux lat\u00e9raux et sous les bras en maille d&#8217;une seule pi\u00e8ce<\/p>\n<p>Grandes poches arri\u00e8re a\u00e9rodynamiques.<\/p>\n<p>Pinces de jambe en silicone imprim\u00e9es.<\/p>","protected":false},"excerpt":{"rendered":"<p>La trifonction Triathlon Collective Performance offre un confort complet tout au long de la journ\u00e9e. L&#8217;\u00e9quilibre entre des tissus doux, \u00e0 s\u00e9chage rapide et \u00e9vacuant la transpiration, une construction de panneaux profil\u00e9s sur les \u00e9paules et une peau de chamois 3D sp\u00e9cifique au triathlon en feront la combinaison la plus confortable que vous ayez jamais&#8230;<\/p>","protected":false},"featured_media":33149,"comment_status":"open","ping_status":"closed","template":"","meta":[],"product_brand":[286],"product_cat":[59,242],"product_tag":[],"class_list":{"0":"post-33120","1":"product","2":"type-product","3":"status-publish","4":"has-post-thumbnail","6":"product_brand-huub","7":"product_cat-triathlon","8":"product_cat-trisuits","9":"zank_product_brands-huub","10":"nt-post-class","11":"","14":"excerpt-none","17":"first","18":"instock","19":"taxable","20":"shipping-taxable","21":"purchasable","22":"product-type-variable"},"_links":{"self":[{"href":"https:\/\/www.infinitri.be\/de\/wp-json\/wp\/v2\/product\/33120","targetHints":{"allow":["GET"]}}],"collection":[{"href":"https:\/\/www.infinitri.be\/de\/wp-json\/wp\/v2\/product"}],"about":[{"href":"https:\/\/www.infinitri.be\/de\/wp-json\/wp\/v2\/types\/product"}],"replies":[{"embeddable":true,"href":"https:\/\/www.infinitri.be\/de\/wp-json\/wp\/v2\/comments?post=33120"}],"wp:featuredmedia":[{"embeddable":true,"href":"https:\/\/www.infinitri.be\/de\/wp-json\/wp\/v2\/media\/33149"}],"wp:attachment":[{"href":"https:\/\/www.infinitri.be\/de\/wp-json\/wp\/v2\/media?parent=33120"}],"wp:term":[{"taxonomy":"product_brand","embeddable":true,"href":"https:\/\/www.infinitri.be\/de\/wp-json\/wp\/v2\/product_brand?post=33120"},{"taxonomy":"product_cat","embeddable":true,"href":"https:\/\/www.infinitri.be\/de\/wp-json\/wp\/v2\/product_cat?post=33120"},{"taxonomy":"product_tag","embeddable":true,"href":"https:\/\/www.infinitri.be\/de\/wp-json\/wp\/v2\/product_tag?post=33120"}],"curies":[{"name":"wp","href":"https:\/\/api.w.org\/{rel}","templated":true}]}}