{"id":33132,"date":"2025-12-26T15:27:07","date_gmt":"2025-12-26T15:27:07","guid":{"rendered":"https:\/\/www.infinitri.be\/?post_type=product&#038;p=33132"},"modified":"2026-04-04T17:34:43","modified_gmt":"2026-04-04T16:34:43","slug":"huub-chaussons-neoprene-noir","status":"publish","type":"product","link":"https:\/\/www.infinitri.be\/de\/produkt\/huub-chaussons-neoprene-noir\/","title":{"rendered":"Huub - Neoprenschuhe Schwarz"},"content":{"rendered":"<p>\u2018<\/p>","protected":false},"excerpt":{"rendered":"<p>\u2018<br \/>\nDie HUUB Neoprenschuhe oder F\u00fc\u00dflinge, verf\u00fcgen \u00fcber einen verst\u00e4rkten Schutz an der Sohle, der eine rutschfeste Festigkeit bietet und die F\u00fc\u00dfe vor hartem Boden, Steinen und scharfen Gegenst\u00e4nden sch\u00fctzt.<\/p>\n<p>Die Socken haben au\u00dferdem einen verstellbaren Klettverschluss, so dass du sie \u00fcber oder unter deinem Overall tragen kannst. .<\/p>","protected":false},"featured_media":33161,"comment_status":"open","ping_status":"closed","template":"","meta":[],"product_brand":[286],"product_cat":[137,59],"product_tag":[],"class_list":{"0":"post-33132","1":"product","2":"type-product","3":"status-publish","4":"has-post-thumbnail","6":"product_brand-huub","7":"product_cat-accessoires-eau-libre","8":"product_cat-triathlon","9":"zank_product_brands-huub","10":"nt-post-class","11":"","17":"first","18":"instock","19":"taxable","20":"shipping-taxable","21":"purchasable","22":"product-type-variable"},"_links":{"self":[{"href":"https:\/\/www.infinitri.be\/de\/wp-json\/wp\/v2\/product\/33132","targetHints":{"allow":["GET"]}}],"collection":[{"href":"https:\/\/www.infinitri.be\/de\/wp-json\/wp\/v2\/product"}],"about":[{"href":"https:\/\/www.infinitri.be\/de\/wp-json\/wp\/v2\/types\/product"}],"replies":[{"embeddable":true,"href":"https:\/\/www.infinitri.be\/de\/wp-json\/wp\/v2\/comments?post=33132"}],"wp:featuredmedia":[{"embeddable":true,"href":"https:\/\/www.infinitri.be\/de\/wp-json\/wp\/v2\/media\/33161"}],"wp:attachment":[{"href":"https:\/\/www.infinitri.be\/de\/wp-json\/wp\/v2\/media?parent=33132"}],"wp:term":[{"taxonomy":"product_brand","embeddable":true,"href":"https:\/\/www.infinitri.be\/de\/wp-json\/wp\/v2\/product_brand?post=33132"},{"taxonomy":"product_cat","embeddable":true,"href":"https:\/\/www.infinitri.be\/de\/wp-json\/wp\/v2\/product_cat?post=33132"},{"taxonomy":"product_tag","embeddable":true,"href":"https:\/\/www.infinitri.be\/de\/wp-json\/wp\/v2\/product_tag?post=33132"}],"curies":[{"name":"wp","href":"https:\/\/api.w.org\/{rel}","templated":true}]}}