{"id":33148,"date":"2025-12-26T15:27:08","date_gmt":"2025-12-26T15:27:08","guid":{"rendered":"https:\/\/www.infinitri.be\/?post_type=product&#038;p=33148"},"modified":"2026-04-04T17:34:43","modified_gmt":"2026-04-04T16:34:43","slug":"huub-combinaison-neoprene-huub-tc-performance-35-femme","status":"publish","type":"product","link":"https:\/\/www.infinitri.be\/de\/produkt\/huub-combinaison-neoprene-huub-tc-performance-35-femme\/","title":{"rendered":"Huub -Huub TC Performance Neoprenanzug 3:5 Damen"},"content":{"rendered":"<p>La combinaison TC Performance a \u00e9t\u00e9 con\u00e7ue pour garantir l&#8217;utilisation de panneaux tr\u00e8s extensibles en chloropr\u00e8ne lamin\u00e9 et de tissus tr\u00e8s extensibles pour donner la sensation HUUB reconnue de \u00ab No Suit feel\u2122 \u00bb.<br \/>\nNotre compr\u00e9hension approfondie de la tra\u00een\u00e9e hydrodynamique nous a permis de cr\u00e9er les seules combinaisons con\u00e7ues pour aider \u00e0 soulever les jambes et r\u00e9duire la zone frontale, ce qui vous rend plus rapide.<\/p>\n<p>La combinaison TC performance est la premi\u00e8re \u00e0 pr\u00e9senter notre \u00ab Fit panel \u00bb lat\u00e9ral pour assurer un ajustement correct en permettant une forte adh\u00e9rence \u00e0 la surface sans endommager les mat\u00e9riaux en mousse de chloropr\u00e8ne. Cela prolonge la dur\u00e9e de vie de votre combinaison.<\/p>\n<p><strong>Caract\u00e9ristiques principales\u00a0<\/strong><\/p>\n<ul>\n<li>Flottabilit\u00e9 3:5 exclusive \u00e0 HUUB<\/li>\n<li>Positionnement Arms Neutral\u2122 des \u00e9paules et des bras<\/li>\n<li>Chloropr\u00e8ne haut de gamme (n\u00e9opr\u00e8ne sans p\u00e9trole)<\/li>\n<li>Panneaux lat\u00e9raux \u00ab Fit Panel \u00bb durables<\/li>\n<\/ul>\n<p>&nbsp;<\/p>","protected":false},"excerpt":{"rendered":"<p>La combinaison TC Performance a \u00e9t\u00e9 con\u00e7ue pour garantir l&#8217;utilisation de panneaux tr\u00e8s extensibles en chloropr\u00e8ne lamin\u00e9 et de tissus tr\u00e8s extensibles pour donner la sensation HUUB reconnue de \u00ab No Suit feel\u2122 \u00bb. Notre compr\u00e9hension approfondie de la tra\u00een\u00e9e hydrodynamique nous a permis de cr\u00e9er les seules combinaisons con\u00e7ues pour aider \u00e0 soulever les&#8230;<\/p>","protected":false},"featured_media":33190,"comment_status":"open","ping_status":"closed","template":"","meta":[],"product_brand":[286],"product_cat":[130,59],"product_tag":[],"class_list":{"0":"post-33148","1":"product","2":"type-product","3":"status-publish","4":"has-post-thumbnail","6":"product_brand-huub","7":"product_cat-combinaison-neoprene","8":"product_cat-triathlon","9":"zank_product_brands-huub","10":"nt-post-class","11":"","14":"excerpt-none","17":"first","18":"instock","19":"sale","20":"taxable","21":"shipping-taxable","22":"purchasable","23":"product-type-variable"},"_links":{"self":[{"href":"https:\/\/www.infinitri.be\/de\/wp-json\/wp\/v2\/product\/33148","targetHints":{"allow":["GET"]}}],"collection":[{"href":"https:\/\/www.infinitri.be\/de\/wp-json\/wp\/v2\/product"}],"about":[{"href":"https:\/\/www.infinitri.be\/de\/wp-json\/wp\/v2\/types\/product"}],"replies":[{"embeddable":true,"href":"https:\/\/www.infinitri.be\/de\/wp-json\/wp\/v2\/comments?post=33148"}],"wp:featuredmedia":[{"embeddable":true,"href":"https:\/\/www.infinitri.be\/de\/wp-json\/wp\/v2\/media\/33190"}],"wp:attachment":[{"href":"https:\/\/www.infinitri.be\/de\/wp-json\/wp\/v2\/media?parent=33148"}],"wp:term":[{"taxonomy":"product_brand","embeddable":true,"href":"https:\/\/www.infinitri.be\/de\/wp-json\/wp\/v2\/product_brand?post=33148"},{"taxonomy":"product_cat","embeddable":true,"href":"https:\/\/www.infinitri.be\/de\/wp-json\/wp\/v2\/product_cat?post=33148"},{"taxonomy":"product_tag","embeddable":true,"href":"https:\/\/www.infinitri.be\/de\/wp-json\/wp\/v2\/product_tag?post=33148"}],"curies":[{"name":"wp","href":"https:\/\/api.w.org\/{rel}","templated":true}]}}