{"id":33322,"date":"2025-12-26T15:38:47","date_gmt":"2025-12-26T15:38:47","guid":{"rendered":"https:\/\/www.infinitri.be\/?post_type=product&#038;p=33322"},"modified":"2026-04-04T17:28:30","modified_gmt":"2026-04-04T16:28:30","slug":"arena-airspeed-mirror-silver-silver","status":"publish","type":"product","link":"https:\/\/www.infinitri.be\/de\/produkt\/arena-airspeed-mirror-silver-silver\/","title":{"rendered":"Arena - Airspeed Mirror silver silver"},"content":{"rendered":"<p>Weitwinkelgl\u00e4ser f\u00fcr eine hervorragende Seitensicht. Mit drei austauschbaren Nasenstegen, um die Brille an verschiedene Nasen- und Gesichtsformen anzupassen. Das Doppelband l\u00e4sst sich am Hinterkopf leicht verstellen und sorgt f\u00fcr einen stabilen Sitz, auch beim Start und in Kurven. Diese PVC-freie Brille verf\u00fcgt \u00fcber eine Antibeschlagbehandlung und einen UV-Schutz. Dieser Stil ist mit hellen verspiegelten Gl\u00e4sern f\u00fcr das Schwimmen im Innenbereich oder dunklen Gl\u00e4sern f\u00fcr das Schwimmen im Freien erh\u00e4ltlich.<\/p>","protected":false},"excerpt":{"rendered":"<p>Die ultrabequeme, von der FINA zugelassene Unisex-Wettkampfbrille arena AirspeedMirror mit Spiegeleffekt ist ideal f\u00fcr Wettkampfschwimmer. Die innovativen Air Seals mit luftdichter Technologie sind wabenf\u00f6rmig gestaltet, um die Kompression und Anpassung an das Gesicht zu erleichtern und gleichzeitig den Druck um die Augen herum zu reduzieren, um ein extrem leichtes Tragegef\u00fchl zu gew\u00e4hrleisten.<\/p>","protected":false},"featured_media":33367,"comment_status":"open","ping_status":"closed","template":"","meta":[],"product_brand":[326],"product_cat":[54,55,56,41],"product_tag":[],"class_list":{"0":"post-33322","1":"product","2":"type-product","3":"status-publish","4":"has-post-thumbnail","6":"product_brand-arena","7":"product_cat-lunettes","8":"product_cat-lunettes-natation","9":"product_cat-lunettes-triathlon","10":"product_cat-natation","11":"zank_product_brands-arena","12":"nt-post-class","13":"","19":"first","20":"instock","21":"taxable","22":"shipping-taxable","23":"purchasable","24":"product-type-simple"},"_links":{"self":[{"href":"https:\/\/www.infinitri.be\/de\/wp-json\/wp\/v2\/product\/33322","targetHints":{"allow":["GET"]}}],"collection":[{"href":"https:\/\/www.infinitri.be\/de\/wp-json\/wp\/v2\/product"}],"about":[{"href":"https:\/\/www.infinitri.be\/de\/wp-json\/wp\/v2\/types\/product"}],"replies":[{"embeddable":true,"href":"https:\/\/www.infinitri.be\/de\/wp-json\/wp\/v2\/comments?post=33322"}],"wp:featuredmedia":[{"embeddable":true,"href":"https:\/\/www.infinitri.be\/de\/wp-json\/wp\/v2\/media\/33367"}],"wp:attachment":[{"href":"https:\/\/www.infinitri.be\/de\/wp-json\/wp\/v2\/media?parent=33322"}],"wp:term":[{"taxonomy":"product_brand","embeddable":true,"href":"https:\/\/www.infinitri.be\/de\/wp-json\/wp\/v2\/product_brand?post=33322"},{"taxonomy":"product_cat","embeddable":true,"href":"https:\/\/www.infinitri.be\/de\/wp-json\/wp\/v2\/product_cat?post=33322"},{"taxonomy":"product_tag","embeddable":true,"href":"https:\/\/www.infinitri.be\/de\/wp-json\/wp\/v2\/product_tag?post=33322"}],"curies":[{"name":"wp","href":"https:\/\/api.w.org\/{rel}","templated":true}]}}