{"id":33683,"date":"2025-12-26T16:37:03","date_gmt":"2025-12-26T16:37:03","guid":{"rendered":"https:\/\/www.infinitri.be\/?post_type=product&#038;p=33683"},"modified":"2026-04-04T17:32:16","modified_gmt":"2026-04-04T16:32:16","slug":"compressport-performance-short-homme","status":"publish","type":"product","link":"https:\/\/www.infinitri.be\/de\/produkt\/compressport-performance-short-homme\/","title":{"rendered":"Compressport Performance Shorts f\u00fcr Herren"},"content":{"rendered":"<p>\u2018<br \/>\nMembrane l\u00e9g\u00e8re et ventil\u00e9e pour une libert\u00e9 et une amplitude de mouvement optimales lors de la course \u00e0 pied<\/p>\n<p>Tissu anti-adh\u00e9rent qui bouge au fur et \u00e0 mesure que vous courez et ne s&#8217;accroche pas entre vos cuisses, m\u00eame lorsque vous transpirez.<\/p>\n<p>Thermor\u00e9gulation maximale pour \u00e9vacuer rapidement la sueur et l&#8217;humidit\u00e9, afin que vous vous sentiez fra\u00eeche et \u00e0 l&#8217;aise tout au long de votre s\u00e9ance.<\/p>","protected":false},"excerpt":{"rendered":"<p>Die Performance Shorts sind wunderbar effektiv und luftig. Wenn es drau\u00dfen hei\u00df und feucht ist oder wenn Sie im Fitnessstudio sind, sind diese Shorts sehr praktisch.<\/p>","protected":false},"featured_media":33725,"comment_status":"open","ping_status":"closed","template":"","meta":[],"product_brand":[329],"product_cat":[16,18],"product_tag":[],"class_list":{"0":"post-33683","1":"product","2":"type-product","3":"status-publish","4":"has-post-thumbnail","6":"product_brand-compressport","7":"product_cat-course","8":"product_cat-shorts-collants","9":"zank_product_brands-compressport","10":"nt-post-class","11":"","17":"first","18":"outofstock","19":"taxable","20":"shipping-taxable","21":"purchasable","22":"product-type-variable"},"_links":{"self":[{"href":"https:\/\/www.infinitri.be\/de\/wp-json\/wp\/v2\/product\/33683","targetHints":{"allow":["GET"]}}],"collection":[{"href":"https:\/\/www.infinitri.be\/de\/wp-json\/wp\/v2\/product"}],"about":[{"href":"https:\/\/www.infinitri.be\/de\/wp-json\/wp\/v2\/types\/product"}],"replies":[{"embeddable":true,"href":"https:\/\/www.infinitri.be\/de\/wp-json\/wp\/v2\/comments?post=33683"}],"wp:featuredmedia":[{"embeddable":true,"href":"https:\/\/www.infinitri.be\/de\/wp-json\/wp\/v2\/media\/33725"}],"wp:attachment":[{"href":"https:\/\/www.infinitri.be\/de\/wp-json\/wp\/v2\/media?parent=33683"}],"wp:term":[{"taxonomy":"product_brand","embeddable":true,"href":"https:\/\/www.infinitri.be\/de\/wp-json\/wp\/v2\/product_brand?post=33683"},{"taxonomy":"product_cat","embeddable":true,"href":"https:\/\/www.infinitri.be\/de\/wp-json\/wp\/v2\/product_cat?post=33683"},{"taxonomy":"product_tag","embeddable":true,"href":"https:\/\/www.infinitri.be\/de\/wp-json\/wp\/v2\/product_tag?post=33683"}],"curies":[{"name":"wp","href":"https:\/\/api.w.org\/{rel}","templated":true}]}}