{"id":34209,"date":"2025-12-26T17:49:57","date_gmt":"2025-12-26T17:49:57","guid":{"rendered":"https:\/\/www.infinitri.be\/?post_type=product&#038;p=34209"},"modified":"2026-04-04T17:32:08","modified_gmt":"2026-04-04T16:32:08","slug":"compressport-3d-thermo-gloves","status":"publish","type":"product","link":"https:\/\/www.infinitri.be\/de\/produkt\/compressport-3d-thermo-gloves\/","title":{"rendered":"Compressport-3D Thermo Gloves"},"content":{"rendered":"<p>Die 3D Thermo Gloves sind warme und bequeme Laufhandschuhe f\u00fcr Frauen und M\u00e4nner. Diese Handschuhe bieten eine optimale Thermoregulation, damit Ihre H\u00e4nde beim Laufen an kalten Wintertagen warm und trocken bleiben.<\/p>\n<p>\u00b0Leicht<br \/>\n\u00b0Hohe Atmungsaktivit\u00e4t<br \/>\n\u00b0Abtransport von Feuchtigkeit und Schwei\u00df<br \/>\n\u00b0Leitf\u00e4hige Enden an Daumen und Zeigefinger bei Touchscreen-Telefonen<br \/>\n\u00b0Weiches Gewebe wie eine zweite Haut<br \/>\n\u00b0Exzellente Thermoregulation, um die Temperatur Ihrer H\u00e4nde auf einem perfekten Niveau zu halten<\/p>","protected":false},"excerpt":{"rendered":"<p>Die 3D Thermo Gloves sind warme und bequeme Laufhandschuhe f\u00fcr Frauen und M\u00e4nner. Diese Handschuhe bieten eine optimale Thermoregulation, damit Ihre H\u00e4nde beim Laufen an kalten Wintertagen warm und trocken bleiben.<\/p>","protected":false},"featured_media":34262,"comment_status":"open","ping_status":"closed","template":"","meta":[],"product_brand":[329],"product_cat":[139,16],"product_tag":[],"class_list":{"0":"post-34209","1":"product","2":"type-product","3":"status-publish","4":"has-post-thumbnail","6":"product_brand-compressport","7":"product_cat-accessoires-running","8":"product_cat-course","9":"zank_product_brands-compressport","10":"nt-post-class","11":"","17":"first","18":"instock","19":"taxable","20":"shipping-taxable","21":"purchasable","22":"product-type-variable"},"_links":{"self":[{"href":"https:\/\/www.infinitri.be\/de\/wp-json\/wp\/v2\/product\/34209","targetHints":{"allow":["GET"]}}],"collection":[{"href":"https:\/\/www.infinitri.be\/de\/wp-json\/wp\/v2\/product"}],"about":[{"href":"https:\/\/www.infinitri.be\/de\/wp-json\/wp\/v2\/types\/product"}],"replies":[{"embeddable":true,"href":"https:\/\/www.infinitri.be\/de\/wp-json\/wp\/v2\/comments?post=34209"}],"wp:featuredmedia":[{"embeddable":true,"href":"https:\/\/www.infinitri.be\/de\/wp-json\/wp\/v2\/media\/34262"}],"wp:attachment":[{"href":"https:\/\/www.infinitri.be\/de\/wp-json\/wp\/v2\/media?parent=34209"}],"wp:term":[{"taxonomy":"product_brand","embeddable":true,"href":"https:\/\/www.infinitri.be\/de\/wp-json\/wp\/v2\/product_brand?post=34209"},{"taxonomy":"product_cat","embeddable":true,"href":"https:\/\/www.infinitri.be\/de\/wp-json\/wp\/v2\/product_cat?post=34209"},{"taxonomy":"product_tag","embeddable":true,"href":"https:\/\/www.infinitri.be\/de\/wp-json\/wp\/v2\/product_tag?post=34209"}],"curies":[{"name":"wp","href":"https:\/\/api.w.org\/{rel}","templated":true}]}}