{"id":34589,"date":"2025-12-26T20:13:04","date_gmt":"2025-12-26T20:13:04","guid":{"rendered":"https:\/\/www.infinitri.be\/?post_type=product&#038;p=34589"},"modified":"2026-04-04T17:31:52","modified_gmt":"2026-04-04T16:31:52","slug":"pro-racing-socks-v4-0-run-low-yellow-neon-pink","status":"publish","type":"product","link":"https:\/\/www.infinitri.be\/de\/produkt\/pro-racing-socks-v4-0-run-low-yellow-neon-pink\/","title":{"rendered":"Pro Racing Socks v4.0 Run Low yellow neon pink"},"content":{"rendered":"","protected":false},"excerpt":{"rendered":"<p>Les Compressport Pro Racing Socks v4.0 sont la nouvelle g\u00e9n\u00e9ration de chaussettes de course basses qui offrent un confort ultime, une pr\u00e9vention des ampoules et une ventilation optimale pendant la course.<\/p>","protected":false},"featured_media":34594,"comment_status":"open","ping_status":"closed","template":"","meta":[],"product_brand":[329],"product_cat":[207,16],"product_tag":[],"class_list":{"0":"post-34589","1":"product","2":"type-product","3":"status-publish","4":"has-post-thumbnail","6":"product_brand-compressport","7":"product_cat-chaussettes-running","8":"product_cat-course","9":"zank_product_brands-compressport","10":"nt-post-class","11":"","17":"first","18":"instock","19":"taxable","20":"shipping-taxable","21":"purchasable","22":"product-type-variable"},"_links":{"self":[{"href":"https:\/\/www.infinitri.be\/de\/wp-json\/wp\/v2\/product\/34589","targetHints":{"allow":["GET"]}}],"collection":[{"href":"https:\/\/www.infinitri.be\/de\/wp-json\/wp\/v2\/product"}],"about":[{"href":"https:\/\/www.infinitri.be\/de\/wp-json\/wp\/v2\/types\/product"}],"replies":[{"embeddable":true,"href":"https:\/\/www.infinitri.be\/de\/wp-json\/wp\/v2\/comments?post=34589"}],"wp:featuredmedia":[{"embeddable":true,"href":"https:\/\/www.infinitri.be\/de\/wp-json\/wp\/v2\/media\/34594"}],"wp:attachment":[{"href":"https:\/\/www.infinitri.be\/de\/wp-json\/wp\/v2\/media?parent=34589"}],"wp:term":[{"taxonomy":"product_brand","embeddable":true,"href":"https:\/\/www.infinitri.be\/de\/wp-json\/wp\/v2\/product_brand?post=34589"},{"taxonomy":"product_cat","embeddable":true,"href":"https:\/\/www.infinitri.be\/de\/wp-json\/wp\/v2\/product_cat?post=34589"},{"taxonomy":"product_tag","embeddable":true,"href":"https:\/\/www.infinitri.be\/de\/wp-json\/wp\/v2\/product_tag?post=34589"}],"curies":[{"name":"wp","href":"https:\/\/api.w.org\/{rel}","templated":true}]}}