{"id":34803,"date":"2025-12-26T20:31:25","date_gmt":"2025-12-26T20:31:25","guid":{"rendered":"https:\/\/www.infinitri.be\/?post_type=product&#038;p=34803"},"modified":"2026-04-04T17:31:44","modified_gmt":"2026-04-04T16:31:44","slug":"compressport-performance-short-femme","status":"publish","type":"product","link":"https:\/\/www.infinitri.be\/de\/produkt\/compressport-performance-short-femme\/","title":{"rendered":"Compressport Performance Shorts f\u00fcr Damen"},"content":{"rendered":"<p>Sind Sie auf der Suche nach einer Hochleistungs-Laufshorts, die ein elegantes feminines Design mit purem Komfort verbindet? Dann suchen Sie nicht weiter als die brandneuen Performance Shorts f\u00fcr Frauen. Egal, ob Sie f\u00fcr einen gro\u00dfen Marathon trainieren, einen langen Sonntagslauf machen oder an einem hei\u00dfen Sommertag \u00fcber den Asphalt rollen - diese Shorts helfen Ihnen, bei jedem Schritt schnell und konzentriert zu bleiben. Sie wurden f\u00fcr Frauen von Frauen entworfen und bestehen aus einem ultraleichten, antihaftbeschichteten Formosa-Gewebe, das sich beim Laufen bewegt, ohne sich zwischen den Oberschenkeln zu verhaken. Sie haben au\u00dferdem eine eng anliegende Innenhose, damit Sie sich keine Gedanken dar\u00fcber machen m\u00fcssen, was Sie darunter tragen sollen. Die Shorts sind hoch atmungsaktiv und bieten ein nahtloses, reibungsfreies Design aus weichen Stoffen, um Irritationen zu beseitigen, egal wie weit oder wie schnell Sie laufen. Die L\u00e4nge reicht bis knapp unter die Mitte des Oberschenkels und wird durch einen Seitenschlitz erg\u00e4nzt, um perfekte Bewegungsfreiheit zu gew\u00e4hrleisten. L\u00e4uferinnen werden auch den h\u00f6heren und breiteren Bund zu sch\u00e4tzen wissen, der w\u00e4hrend der Anstrengung flach und unbeweglich bleibt. Mit einer verdeckten Rei\u00dfverschlusstasche auf der R\u00fcckseite f\u00fcr das Wichtigste wie Autoschl\u00fcssel oder Energiegels und einem Kordelzug zur individuellen Anpassung der Passform vereinen diese Laufshorts Stil und High-Tech-Leistung. Warum noch warten? Egal, ob Sie eine erfahrene L\u00e4uferin sind oder gerade erst anfangen, die Performance Shorts f\u00fcr Frauen sind die perfekte Wahl, um Ihr n\u00e4chstes sportliches Ziel zu erreichen.<\/p>","protected":false},"excerpt":{"rendered":"<p>Die Performance Shorts sind wunderbar effektiv und luftig. Wenn es drau\u00dfen hei\u00df und feucht ist oder wenn Sie im Fitnessstudio sind, sind diese Shorts sehr praktisch.<\/p>","protected":false},"featured_media":34869,"comment_status":"open","ping_status":"closed","template":"","meta":[],"product_brand":[329],"product_cat":[16,18],"product_tag":[],"class_list":{"0":"post-34803","1":"product","2":"type-product","3":"status-publish","4":"has-post-thumbnail","6":"product_brand-compressport","7":"product_cat-course","8":"product_cat-shorts-collants","9":"zank_product_brands-compressport","10":"nt-post-class","11":"","17":"first","18":"instock","19":"taxable","20":"shipping-taxable","21":"purchasable","22":"product-type-variable"},"_links":{"self":[{"href":"https:\/\/www.infinitri.be\/de\/wp-json\/wp\/v2\/product\/34803","targetHints":{"allow":["GET"]}}],"collection":[{"href":"https:\/\/www.infinitri.be\/de\/wp-json\/wp\/v2\/product"}],"about":[{"href":"https:\/\/www.infinitri.be\/de\/wp-json\/wp\/v2\/types\/product"}],"replies":[{"embeddable":true,"href":"https:\/\/www.infinitri.be\/de\/wp-json\/wp\/v2\/comments?post=34803"}],"wp:featuredmedia":[{"embeddable":true,"href":"https:\/\/www.infinitri.be\/de\/wp-json\/wp\/v2\/media\/34869"}],"wp:attachment":[{"href":"https:\/\/www.infinitri.be\/de\/wp-json\/wp\/v2\/media?parent=34803"}],"wp:term":[{"taxonomy":"product_brand","embeddable":true,"href":"https:\/\/www.infinitri.be\/de\/wp-json\/wp\/v2\/product_brand?post=34803"},{"taxonomy":"product_cat","embeddable":true,"href":"https:\/\/www.infinitri.be\/de\/wp-json\/wp\/v2\/product_cat?post=34803"},{"taxonomy":"product_tag","embeddable":true,"href":"https:\/\/www.infinitri.be\/de\/wp-json\/wp\/v2\/product_tag?post=34803"}],"curies":[{"name":"wp","href":"https:\/\/api.w.org\/{rel}","templated":true}]}}