{"id":35374,"date":"2025-12-26T21:09:37","date_gmt":"2025-12-26T21:09:37","guid":{"rendered":"https:\/\/www.infinitri.be\/?post_type=product&#038;p=35374"},"modified":"2026-04-23T20:41:24","modified_gmt":"2026-04-23T19:41:24","slug":"arena-powerskin-st-leopard-limited-next-jammer-garcon","status":"publish","type":"product","link":"https:\/\/www.infinitri.be\/de\/produkt\/arena-powerskin-st-leopard-limited-next-jammer-garcon\/","title":{"rendered":"Arena \u2013 Powerskin ST Leopard Limited Next Jammer \u2013 Jungen"},"content":{"rendered":"<p>Exklusive limitierte Auflage der Farbe. Tauchen Sie ein in die n\u00e4chste Generation und tragen Sie mit jeder Bewegung zur Abfallvermeidung bei.<\/p>\n<p>Eigenschaften :<\/p>\n<ul>\n<li>60 % des Gewebes stammt aus Material, das zur Deponierung bestimmt ist.<\/li>\n<li>Der verbesserte Stoff nimmt weniger Wasser auf und ist 20 % leichter als der vorherige ST 2.0.<\/li>\n<li>Das verbesserte Ged\u00e4chtnis des Stoffes sorgt daf\u00fcr, dass die Kompression und die Leistung \u00fcber einen l\u00e4ngeren Zeitraum hinweg anhalten.<\/li>\n<li>Die Stoffzusammensetzung ist dehnungsresistent und verbessert die Haltbarkeit.<\/li>\n<li>Das verst\u00e4rkte Design der Schultergurte sorgt bei Modellen mit offenem R\u00fccken f\u00fcr mehr Komfort und eine l\u00e4ngere Haltbarkeit.<\/li>\n<li>Erster nachhaltiger Laufanzug, der von der <strong>FINA<\/strong>.<\/li>\n<p><!--themify_builder_static--><iframe title=\"Der erste FINA-zugelassene Rennanzug aus recyceltem Stoff: arena Powerskin ST NEXT\" width=\"960\" height=\"540\" src=\"https:\/\/www.youtube.com\/embed\/4FmvfvPoPFo?feature=oembed\" frameborder=\"0\" allow=\"accelerometer; autoplay; clipboard-write; encrypted-media; gyroscope; picture-in-picture; web-share\" referrerpolicy=\"strict-origin-when-cross-origin\" allowfullscreen><\/iframe><!--\/themify_builder_static--><\/p>","protected":false},"excerpt":{"rendered":"<p>Arena ist stolz darauf, den POWERSKIN ST NEXT, den allerersten nachhaltigen Rennanzug, vorzustellen. Alles, was Ihnen am ST 2.0 gefallen hat, ist jetzt leichter, schneller und umweltfreundlicher.<\/p>\n<p>Neben den Vorteilen der Haltbarkeit weist das POWERSKIN ST Next Jammer Junior auch beeindruckende Leistungsverbesserungen auf. Zun\u00e4chst einmal ist er 20 % leichter als der ST 2.0, was auf eine geringere Wasseraufnahme zur\u00fcckzuf\u00fchren ist. Der Anzug verf\u00fcgt au\u00dferdem \u00fcber ein besseres Stoffged\u00e4chtnis, was eine dauerhaftere Kompression und Leistung im Laufe der Zeit gew\u00e4hrleistet.<\/p>\n<p>&nbsp;<\/p>","protected":false},"featured_media":35443,"comment_status":"open","ping_status":"closed","template":"","meta":[],"product_brand":[326],"product_cat":[60,126,41],"product_tag":[],"class_list":{"0":"post-35374","1":"product","2":"type-product","3":"status-publish","4":"has-post-thumbnail","6":"product_brand-arena","7":"product_cat-fina","8":"product_cat-maillot-competition","9":"product_cat-natation","10":"zank_product_brands-arena","11":"nt-post-class","12":"","18":"first","19":"instock","20":"taxable","21":"shipping-taxable","22":"purchasable","23":"product-type-variable"},"_links":{"self":[{"href":"https:\/\/www.infinitri.be\/de\/wp-json\/wp\/v2\/product\/35374","targetHints":{"allow":["GET"]}}],"collection":[{"href":"https:\/\/www.infinitri.be\/de\/wp-json\/wp\/v2\/product"}],"about":[{"href":"https:\/\/www.infinitri.be\/de\/wp-json\/wp\/v2\/types\/product"}],"replies":[{"embeddable":true,"href":"https:\/\/www.infinitri.be\/de\/wp-json\/wp\/v2\/comments?post=35374"}],"wp:featuredmedia":[{"embeddable":true,"href":"https:\/\/www.infinitri.be\/de\/wp-json\/wp\/v2\/media\/35443"}],"wp:attachment":[{"href":"https:\/\/www.infinitri.be\/de\/wp-json\/wp\/v2\/media?parent=35374"}],"wp:term":[{"taxonomy":"product_brand","embeddable":true,"href":"https:\/\/www.infinitri.be\/de\/wp-json\/wp\/v2\/product_brand?post=35374"},{"taxonomy":"product_cat","embeddable":true,"href":"https:\/\/www.infinitri.be\/de\/wp-json\/wp\/v2\/product_cat?post=35374"},{"taxonomy":"product_tag","embeddable":true,"href":"https:\/\/www.infinitri.be\/de\/wp-json\/wp\/v2\/product_tag?post=35374"}],"curies":[{"name":"wp","href":"https:\/\/api.w.org\/{rel}","templated":true}]}}