{"id":35378,"date":"2025-12-26T21:09:37","date_gmt":"2025-12-26T21:09:37","guid":{"rendered":"https:\/\/www.infinitri.be\/?post_type=product&#038;p=35378"},"modified":"2026-04-12T11:31:15","modified_gmt":"2026-04-12T10:31:15","slug":"arena-powerskin-st-limited-next-leopard-fille","status":"publish","type":"product","link":"https:\/\/www.infinitri.be\/de\/produkt\/arena-powerskin-st-limited-next-leopard-fille\/","title":{"rendered":"Arena \u2013 Powerskin ST Limited Next Leopard \u2013 M\u00e4dchen"},"content":{"rendered":"<p>Exklusive limitierte Auflage . Tauchen Sie in die n\u00e4chste Generation ein und tragen Sie mit jeder Bewegung zur Abfallvermeidung bei.<\/p>\n<p>Eigenschaften :<\/p>\n<ul>\n<li>Verst\u00e4rkte Schultergurte f\u00fcr mehr Komfort und Haltbarkeit.<\/li>\n<li>Dauerhaftere Kompression und bessere Unterst\u00fctzung des Rumpfes und der Beine<\/li>\n<li>Extraflexibles kettengewirktes Gewebe f\u00fcr hohe Leistung<\/li>\n<li>Geringere Wasseraufnahme f\u00fcr einen leichteren 20 %-Anzug<\/li>\n<li>Ergonomische Konstruktion mit niedrigen N\u00e4hten f\u00fcr eine perfekte Passform<\/li>\n<li>\u00dcber 60 % des Stoffes bestehen aus recyceltem Garn.<\/li>\n<li>Zusammensetzung: 71% Polyamid, 29% Elasthan.<\/li>\n<li>Von der FINA genehmigt<\/li>\n<\/ul>\n<p><!--themify_builder_static--><\/p>\n<p><iframe title=\"Der erste FINA-zugelassene Rennanzug aus recyceltem Stoff: arena Powerskin ST NEXT\" width=\"960\" height=\"540\" src=\"https:\/\/www.youtube.com\/embed\/4FmvfvPoPFo?feature=oembed\" frameborder=\"0\" allow=\"accelerometer; autoplay; clipboard-write; encrypted-media; gyroscope; picture-in-picture; web-share\" referrerpolicy=\"strict-origin-when-cross-origin\" allowfullscreen><\/iframe><\/p>\n<p><!--\/themify_builder_static--><\/p>","protected":false},"excerpt":{"rendered":"<p>Arena ist stolz darauf, den POWERSKIN ST NEXT, den allerersten nachhaltigen Rennanzug, vorzustellen. Alles, was Ihnen am ST 2.0 gefallen hat, ist jetzt leichter, schneller und umweltfreundlicher.<\/p>\n<p>Neben den Vorteilen der Haltbarkeit weist das POWERSKIN ST Next Jammer Junior auch beeindruckende Leistungsverbesserungen auf. Zun\u00e4chst einmal ist er 20 % leichter als der ST 2.0, was auf eine geringere Wasseraufnahme zur\u00fcckzuf\u00fchren ist. Der Anzug verf\u00fcgt au\u00dferdem \u00fcber ein besseres Stoffged\u00e4chtnis, was eine dauerhaftere Kompression und Leistung im Laufe der Zeit gew\u00e4hrleistet.<\/p>\n<p>&nbsp;<\/p>","protected":false},"featured_media":35449,"comment_status":"open","ping_status":"closed","template":"","meta":[],"product_brand":[326],"product_cat":[60,126,41],"product_tag":[],"class_list":{"0":"post-35378","1":"product","2":"type-product","3":"status-publish","4":"has-post-thumbnail","6":"product_brand-arena","7":"product_cat-fina","8":"product_cat-maillot-competition","9":"product_cat-natation","10":"zank_product_brands-arena","11":"nt-post-class","12":"","18":"first","19":"outofstock","20":"taxable","21":"shipping-taxable","22":"purchasable","23":"product-type-variable"},"_links":{"self":[{"href":"https:\/\/www.infinitri.be\/de\/wp-json\/wp\/v2\/product\/35378","targetHints":{"allow":["GET"]}}],"collection":[{"href":"https:\/\/www.infinitri.be\/de\/wp-json\/wp\/v2\/product"}],"about":[{"href":"https:\/\/www.infinitri.be\/de\/wp-json\/wp\/v2\/types\/product"}],"replies":[{"embeddable":true,"href":"https:\/\/www.infinitri.be\/de\/wp-json\/wp\/v2\/comments?post=35378"}],"wp:featuredmedia":[{"embeddable":true,"href":"https:\/\/www.infinitri.be\/de\/wp-json\/wp\/v2\/media\/35449"}],"wp:attachment":[{"href":"https:\/\/www.infinitri.be\/de\/wp-json\/wp\/v2\/media?parent=35378"}],"wp:term":[{"taxonomy":"product_brand","embeddable":true,"href":"https:\/\/www.infinitri.be\/de\/wp-json\/wp\/v2\/product_brand?post=35378"},{"taxonomy":"product_cat","embeddable":true,"href":"https:\/\/www.infinitri.be\/de\/wp-json\/wp\/v2\/product_cat?post=35378"},{"taxonomy":"product_tag","embeddable":true,"href":"https:\/\/www.infinitri.be\/de\/wp-json\/wp\/v2\/product_tag?post=35378"}],"curies":[{"name":"wp","href":"https:\/\/api.w.org\/{rel}","templated":true}]}}