{"id":35633,"date":"2025-12-26T21:36:29","date_gmt":"2025-12-26T21:36:29","guid":{"rendered":"https:\/\/www.infinitri.be\/?post_type=product&#038;p=35633"},"modified":"2026-04-04T17:27:01","modified_gmt":"2026-04-04T16:27:01","slug":"commit-trifonction-longue-distance-rouge-homme","status":"publish","type":"product","link":"https:\/\/www.infinitri.be\/de\/produkt\/commit-trifonction-longue-distance-rouge-homme\/","title":{"rendered":"Commit Triathlon-Anzug Langstrecke Rot \u2013 Herren"},"content":{"rendered":"<p>Ihre Laufbekleidung muss ausgewogen sein. Unsere Commit-Reihe ist eine ausgewogene Mischung aus schnell trocknenden und schwei\u00dfableitenden Stoffen, die den richtigen Komfort f\u00fcr Kurz- und Mitteldistanzwettk\u00e4mpfe zu einem un\u00fcbertroffenen Preis bietet. Eine hochwertige Kombination, die perfekt f\u00fcr den Triathloneinsteiger ist.<\/p>\n<ul>\n<li>UV-Schutz im Bereich der Schultern und Arme.<\/li>\n<li>Lange \u00c4rmel f\u00fcr aerodynamische Leistung und Laufkomfort.<\/li>\n<li>Leichte, schnell trocknende Stoffe.<\/li>\n<li>3D-Haut spezifische Sortierung.<\/li>\n<li>Hinteres Mittelfeld aus Mesh.<\/li>\n<li>Ges\u00e4\u00dftaschen<\/li>\n<li>Die Beingummis sind weich und haben eine geringe Spannung.<\/li>\n<\/ul>\n<ul><\/ul>\n<ul><\/ul>\n<ul><\/ul>\n<h4><\/h4>","protected":false},"excerpt":{"rendered":"<p>Vos v\u00eatements de course doivent \u00eatre \u00e9quilibr\u00e9s. Notre gamme Commit est un \u00e9quilibre de tissus \u00e0 s\u00e9chage rapide et \u00e0 \u00e9vacuation de la transpiration, offrant un confort adapt\u00e9 aux \u00e9preuves de courte et moyenne distance \u00e0 un prix in\u00e9gal\u00e9. Une combinaison de haute qualit\u00e9 parfaite pour le triathl\u00e8te d\u00e9butant. Protection contre les UV au niveau&#8230;<\/p>","protected":false},"featured_media":35662,"comment_status":"open","ping_status":"closed","template":"","meta":[],"product_brand":[],"product_cat":[15,141,59,242],"product_tag":[],"class_list":{"0":"post-35633","1":"product","2":"type-product","3":"status-publish","4":"has-post-thumbnail","6":"product_cat-non-classe","7":"product_cat-outlet","8":"product_cat-triathlon","9":"product_cat-trisuits","10":"nt-post-class","11":"","14":"excerpt-none","17":"first","18":"instock","19":"sale","20":"taxable","21":"shipping-taxable","22":"purchasable","23":"product-type-variable"},"_links":{"self":[{"href":"https:\/\/www.infinitri.be\/de\/wp-json\/wp\/v2\/product\/35633","targetHints":{"allow":["GET"]}}],"collection":[{"href":"https:\/\/www.infinitri.be\/de\/wp-json\/wp\/v2\/product"}],"about":[{"href":"https:\/\/www.infinitri.be\/de\/wp-json\/wp\/v2\/types\/product"}],"replies":[{"embeddable":true,"href":"https:\/\/www.infinitri.be\/de\/wp-json\/wp\/v2\/comments?post=35633"}],"wp:featuredmedia":[{"embeddable":true,"href":"https:\/\/www.infinitri.be\/de\/wp-json\/wp\/v2\/media\/35662"}],"wp:attachment":[{"href":"https:\/\/www.infinitri.be\/de\/wp-json\/wp\/v2\/media?parent=35633"}],"wp:term":[{"taxonomy":"product_brand","embeddable":true,"href":"https:\/\/www.infinitri.be\/de\/wp-json\/wp\/v2\/product_brand?post=35633"},{"taxonomy":"product_cat","embeddable":true,"href":"https:\/\/www.infinitri.be\/de\/wp-json\/wp\/v2\/product_cat?post=35633"},{"taxonomy":"product_tag","embeddable":true,"href":"https:\/\/www.infinitri.be\/de\/wp-json\/wp\/v2\/product_tag?post=35633"}],"curies":[{"name":"wp","href":"https:\/\/api.w.org\/{rel}","templated":true}]}}