{"id":36011,"date":"2025-12-27T10:47:36","date_gmt":"2025-12-27T10:47:36","guid":{"rendered":"https:\/\/www.infinitri.be\/?post_type=product&#038;p=36011"},"modified":"2026-04-04T18:45:06","modified_gmt":"2026-04-04T17:45:06","slug":"aphotic-ii-swim-goggle-fluo-yellow-photochromatic","status":"publish","type":"product","link":"https:\/\/www.infinitri.be\/de\/produkt\/aphotic-ii-swim-goggle-fluo-yellow-photochromatic\/","title":{"rendered":"Aphotic II Schwimmbrille Fluo Yellow \u2013 Photochromatisch"},"content":{"rendered":"<p>Die \u2019Aphotic II\u00ab setzt die Suche nach \u00bbPerfektion\u00ab fort, indem sie einige kleine \u00c4nderungen an unserer seit 10 Jahren meistverkauften Maske, der \u00bbAphotic\", vornimmt. Die zweite Generation verf\u00fcgt \u00fcber eine Ratsche zur Einstellung des Maskenbandes, was die Anpassung erleichtert. Das Silikonband weist au\u00dferdem Rillen auf, um den Halt und die Sicherheit zu verbessern.<\/p>\n<p>Die Schwimmbrille ist wahrscheinlich die wichtigste Ausr\u00fcstung am Tag des Wettkampfs. Eine Ausr\u00fcstung, die viele von uns als selbstverst\u00e4ndlich ansehen, ohne die aber unsere gesamte Vorbereitung und unser Training verpufft. Es ist an der Zeit, Ihre Brille ernst zu nehmen und sich dar\u00fcber klar zu werden, was Sie am Tag des Rennens brauchen.<\/p>\n<p>W\u00e4re es nicht toll, wenn die meisten Veranstaltungen mitten am Tag beginnen w\u00fcrden, die Sonne hoch steht, alle im Warmen sind und das Licht so gut ist, wie es nur sein kann? Leider ist aufgrund der Dauer der Veranstaltungen und der Sperrzeiten der Stra\u00dfen ein Start um 7 Uhr morgens nicht ungew\u00f6hnlich, und wie wir alle wissen, sieht das Licht 30 Minuten nach dem Startschuss ganz anders aus, und noch mehr, je weiter der Morgen voranschreitet.<\/p>\n<p>\u00abAphotic\u00bb von HUUB, unsere erste Schwimmbrille, die sich dank der photochromatischen Technologie w\u00e4hrend des Schwimmens abdunkelt oder aufhellt, ohne dass Sie es merken. Eine selbstregulierende Linse, die den Komfort und die Sicht bietet, die Sie ben\u00f6tigen, um Ihre Sicht zu maximieren und Ihnen beim Schwimmen zu helfen.<\/p>\n<p>Die klare \u00abphotochromatische\u00bb Sicht erleichtert das Sehen und erm\u00f6glicht es Ihnen, Hindernisse und andere Schwimmer zu umgehen, selbst wenn Sie gegen die Sonne oder mit dem R\u00fccken zur Sonne schwimmen.<\/p>\n<p>Diese unglaublichen Linsen passen sich perfekt an und brauchen nur 160 Sekunden, um von hell auf dunkel zu wechseln, und bieten so die ultimative Leistung bei jeder Kurve an jeder Boje.<\/p>\n<p>Spezielle patentierte photochromatische Farbstoffe aktivieren die Linse bzw. machen sie dunkler, wenn sie den ultravioletten Strahlen des Sonnenlichts ausgesetzt wird. Wenn das UV-Licht abnimmt, werden die Linsen dunkler. Wenn sich die Lichtverh\u00e4ltnisse \u00e4ndern, passt sich der T\u00f6nungsgrad an und bietet so die richtige T\u00f6nung zur richtigen Zeit.<\/p>\n<p>Entwickelt, um sich perfekt an das Gesicht anzupassen, mit einer angepassten Dichte von Silikon und TPR, um eine perfekte Passform und ein federleichtes Gef\u00fchl zu erzeugen, selbst bei den interessantesten Gesichtsprofilen. F\u00fcr ein gutes Schwimmen brauchen Sie eine bequeme Passform und die F\u00e4higkeit, so viel wie m\u00f6glich zu sehen und gleichzeitig so viel Licht wie m\u00f6glich zu blockieren, wenn die Sonne hoch steht oder die Wasserreflexion optimal ist.<\/p>\n<p>- Material des Okulars: PC<\/p>\n<p>- Dichtungsmaterial: Silikon<\/p>\n<p>- Material des Riemens: Silikon<\/p>\n<p>&nbsp;<\/p>","protected":false},"excerpt":{"rendered":"<p>L&#8217;\u00ab Aphotic II \u00bb poursuit la recherche de la \u00ab perfection \u00bb en apportant quelques petites modifications \u00e0 notre masque le plus vendu depuis 10 ans, l&#8217;Aphotic. La deuxi\u00e8me g\u00e9n\u00e9ration est dot\u00e9e d&#8217;un cliquet de r\u00e9glage de la sangle, ce qui facilite l&#8217;ajustement. La sangle en silicone pr\u00e9sente \u00e9galement des stries pour am\u00e9liorer le maintien&#8230;<\/p>","protected":false},"featured_media":36042,"comment_status":"open","ping_status":"closed","template":"","meta":[],"product_brand":[286],"product_cat":[55,56,59],"product_tag":[259,303],"class_list":{"0":"post-36011","1":"product","2":"type-product","3":"status-publish","4":"has-post-thumbnail","6":"product_brand-huub","7":"product_cat-lunettes-natation","8":"product_cat-lunettes-triathlon","9":"product_cat-triathlon","10":"product_tag-2025brochure","11":"product_tag-newfor2025","12":"zank_product_brands-huub","13":"nt-post-class","14":"","17":"excerpt-none","20":"first","21":"instock","22":"taxable","23":"shipping-taxable","24":"purchasable","25":"product-type-simple"},"_links":{"self":[{"href":"https:\/\/www.infinitri.be\/de\/wp-json\/wp\/v2\/product\/36011","targetHints":{"allow":["GET"]}}],"collection":[{"href":"https:\/\/www.infinitri.be\/de\/wp-json\/wp\/v2\/product"}],"about":[{"href":"https:\/\/www.infinitri.be\/de\/wp-json\/wp\/v2\/types\/product"}],"replies":[{"embeddable":true,"href":"https:\/\/www.infinitri.be\/de\/wp-json\/wp\/v2\/comments?post=36011"}],"wp:featuredmedia":[{"embeddable":true,"href":"https:\/\/www.infinitri.be\/de\/wp-json\/wp\/v2\/media\/36042"}],"wp:attachment":[{"href":"https:\/\/www.infinitri.be\/de\/wp-json\/wp\/v2\/media?parent=36011"}],"wp:term":[{"taxonomy":"product_brand","embeddable":true,"href":"https:\/\/www.infinitri.be\/de\/wp-json\/wp\/v2\/product_brand?post=36011"},{"taxonomy":"product_cat","embeddable":true,"href":"https:\/\/www.infinitri.be\/de\/wp-json\/wp\/v2\/product_cat?post=36011"},{"taxonomy":"product_tag","embeddable":true,"href":"https:\/\/www.infinitri.be\/de\/wp-json\/wp\/v2\/product_tag?post=36011"}],"curies":[{"name":"wp","href":"https:\/\/api.w.org\/{rel}","templated":true}]}}