{"id":36015,"date":"2025-12-27T10:47:37","date_gmt":"2025-12-27T10:47:37","guid":{"rendered":"https:\/\/www.infinitri.be\/?post_type=product&#038;p=36015"},"modified":"2026-04-04T18:44:44","modified_gmt":"2026-04-04T17:44:44","slug":"brownlee-custom-air-2-black-dark-smoke-mirror","status":"publish","type":"product","link":"https:\/\/www.infinitri.be\/de\/produkt\/brownlee-custom-air-2-black-dark-smoke-mirror\/","title":{"rendered":"Brownlee Custom Air 2 Black - Dark Smoke Mirror"},"content":{"rendered":"<p>La Brownlee 2 Custom Air est le r\u00e9sultat de la combinaison de deux de nos lunettes les plus populaires, le Brownlee 2 et le Pinnacle Air Seal. Les lunettes sont dot\u00e9es d&#8217;un coussin d&#8217;air \u00e0 double paroi, comme sur les lunettes Pinnacle, ce qui \u00e9limine les points de pression et permet de s&#8217;adapter \u00e0 toutes les formes d&#8217;orbites.<br \/>\nLe design \u00e9l\u00e9gant, associ\u00e9 \u00e0 trois options de lentilles, Gold Mirror, Light Smoke Mirror et Dark Smoke Mirror, toutes dot\u00e9es d&#8217;un rev\u00eatement antibu\u00e9e et d&#8217;une protection UV pour une clart\u00e9 de vision optimale, en fait des lunettes de course id\u00e9ales dans toutes les conditions.<\/p>\n<ul>\n<li>Technologie Custom Air Fit s&#8217;adaptant \u00e0 toutes les formes de visage<\/li>\n<li>Coussin d&#8217;air \u00e0 double paroi et joints en silicone souple pour un confort total<\/li>\n<li>Rev\u00eatement anti-UV et antibu\u00e9e pour une visibilit\u00e9 cristalline<\/li>\n<li>Pont nasal interchangeable<\/li>\n<\/ul>","protected":false},"excerpt":{"rendered":"<p>La Brownlee 2 Custom Air est le r\u00e9sultat de la combinaison de deux de nos lunettes les plus populaires, le Brownlee 2 et le Pinnacle Air Seal. Les lunettes sont dot\u00e9es d&#8217;un coussin d&#8217;air \u00e0 double paroi, comme sur les lunettes Pinnacle, ce qui \u00e9limine les points de pression et permet de s&#8217;adapter \u00e0 toutes&#8230;<\/p>","protected":false},"featured_media":36055,"comment_status":"open","ping_status":"closed","template":"","meta":[],"product_brand":[],"product_cat":[54,55,56],"product_tag":[259,303],"class_list":{"0":"post-36015","1":"product","2":"type-product","3":"status-publish","4":"has-post-thumbnail","6":"product_cat-lunettes","7":"product_cat-lunettes-natation","8":"product_cat-lunettes-triathlon","9":"product_tag-2025brochure","10":"product_tag-newfor2025","11":"nt-post-class","12":"","15":"excerpt-none","18":"first","19":"instock","20":"taxable","21":"shipping-taxable","22":"purchasable","23":"product-type-simple"},"_links":{"self":[{"href":"https:\/\/www.infinitri.be\/de\/wp-json\/wp\/v2\/product\/36015","targetHints":{"allow":["GET"]}}],"collection":[{"href":"https:\/\/www.infinitri.be\/de\/wp-json\/wp\/v2\/product"}],"about":[{"href":"https:\/\/www.infinitri.be\/de\/wp-json\/wp\/v2\/types\/product"}],"replies":[{"embeddable":true,"href":"https:\/\/www.infinitri.be\/de\/wp-json\/wp\/v2\/comments?post=36015"}],"wp:featuredmedia":[{"embeddable":true,"href":"https:\/\/www.infinitri.be\/de\/wp-json\/wp\/v2\/media\/36055"}],"wp:attachment":[{"href":"https:\/\/www.infinitri.be\/de\/wp-json\/wp\/v2\/media?parent=36015"}],"wp:term":[{"taxonomy":"product_brand","embeddable":true,"href":"https:\/\/www.infinitri.be\/de\/wp-json\/wp\/v2\/product_brand?post=36015"},{"taxonomy":"product_cat","embeddable":true,"href":"https:\/\/www.infinitri.be\/de\/wp-json\/wp\/v2\/product_cat?post=36015"},{"taxonomy":"product_tag","embeddable":true,"href":"https:\/\/www.infinitri.be\/de\/wp-json\/wp\/v2\/product_tag?post=36015"}],"curies":[{"name":"wp","href":"https:\/\/api.w.org\/{rel}","templated":true}]}}