{"id":36024,"date":"2025-12-27T10:47:37","date_gmt":"2025-12-27T10:47:37","guid":{"rendered":"https:\/\/www.infinitri.be\/?post_type=product&#038;p=36024"},"modified":"2026-04-04T18:44:59","modified_gmt":"2026-04-04T17:44:59","slug":"tt-bag-olive-orange","status":"publish","type":"product","link":"https:\/\/www.infinitri.be\/de\/produkt\/tt-bag-olive-orange\/","title":{"rendered":"TT Bag - Olive\/Orange"},"content":{"rendered":"<p><strong>Une place pour chaque chose et chaque chose \u00e0 sa place avec notre sac Transition TRI .<\/strong><\/p>\n<p>Le sac Transition\u00a0 de HUUB a une poche pour tout, que ce soit le jour de la course ou le jour de l&#8217;entra\u00eenement, \u00e0 la piscine ou sur la piste, l&#8217;\u00e9norme capacit\u00e9 de 40 litres du sac TT peut tout contenir.<\/p>\n<p>Il est \u00e9quip\u00e9 d&#8217;un support de casque en maille cach\u00e9, qui peut \u00eatre zipp\u00e9 lorsqu&#8217;il n&#8217;est pas utilis\u00e9, ce qui signifie que votre casque sera entre de bonnes mains, o\u00f9 que vous alliez. Avec des compartiments secs et humides, vous pouvez \u00eatre s\u00fbr que vos affaires s\u00e8ches seront toujours pr\u00eates \u00e0 partir, les affaires humides \u00e9tant stock\u00e9es en toute s\u00e9curit\u00e9 dans le compartiment \u00e9tanche au fond du sac. Les poches lat\u00e9rales extensibles sont parfaites pour les bouteilles de boisson. Il y a \u00e9galement une poche frontale zipp\u00e9e pratique pour un acc\u00e8s facile et rapide, id\u00e9ale pour vos appareils \u00e9lectroniques, vos cl\u00e9s, votre t\u00e9l\u00e9phone, etc.<\/p>\n<p>Les bretelles r\u00e9glables rembourr\u00e9es garantissent un confort optimal. La sangle de poitrine permet de r\u00e9partir le poids lors des d\u00e9placements \u00e0 v\u00e9lo, de la course \u00e0 pied ou tout simplement lors des trajets quotidiens.<\/p>\n<p>Le sac \u00e0 dos id\u00e9al pour les courses, les voyages, les entra\u00eenements ou les d\u00e9placements quotidiens.<\/p>\n<ul>\n<li>Un \u00e9norme volume de 40 litres pour ranger tout votre \u00e9quipement de triathlon.<\/li>\n<li>Support de casque zipp\u00e9.<\/li>\n<li>Poign\u00e9e de transport pratique sur le dessus.<\/li>\n<li>Wasserdichte Aufbewahrung f\u00fcr Ihren Neoprenanzug, Ihr Handtuch oder Ihre Badebekleidung.<\/li>\n<li>Compartiments de rangement pour les chaussures et les casques.<\/li>\n<li>Plusieurs poches pour ranger les outils, les cartes et autres objets essentiels.<\/li>\n<li>Bretelles r\u00e9glables rembourr\u00e9es pour un meilleur confort d&#8217;utilisation.<\/li>\n<li>Grande entr\u00e9e pour faciliter le rep\u00e9rage du kit.<\/li>\n<li>Garniture r\u00e9fl\u00e9chissante pour les d\u00e9placements nocturnes et matinaux.<\/li>\n<li>Pochette int\u00e9rieure en filet pour les ordinateurs portables.<\/li>\n<li>Poche arri\u00e8re en filet.<\/li>\n<li>Plusieurs poches int\u00e9rieures.<\/li>\n<\/ul>\n<p>Les dimensions du sac \u00e0 dos sont d&#8217;environ 60 cm de haut x 34 cm de large x 20 cm de profondeur.<\/p>","protected":false},"excerpt":{"rendered":"<p>Le sac \u00e0 dos id\u00e9al pour les courses, les voyages, les entra\u00eenements ou les d\u00e9placements quotidiens.<\/p>","protected":false},"featured_media":36081,"comment_status":"open","ping_status":"closed","template":"","meta":[],"product_brand":[286],"product_cat":[58,59],"product_tag":[259,303],"class_list":{"0":"post-36024","1":"product","2":"type-product","3":"status-publish","4":"has-post-thumbnail","6":"product_brand-huub","7":"product_cat-sacs","8":"product_cat-triathlon","9":"product_tag-2025brochure","10":"product_tag-newfor2025","11":"zank_product_brands-huub","12":"nt-post-class","13":"","19":"first","20":"instock","21":"taxable","22":"shipping-taxable","23":"purchasable","24":"product-type-simple"},"_links":{"self":[{"href":"https:\/\/www.infinitri.be\/de\/wp-json\/wp\/v2\/product\/36024","targetHints":{"allow":["GET"]}}],"collection":[{"href":"https:\/\/www.infinitri.be\/de\/wp-json\/wp\/v2\/product"}],"about":[{"href":"https:\/\/www.infinitri.be\/de\/wp-json\/wp\/v2\/types\/product"}],"replies":[{"embeddable":true,"href":"https:\/\/www.infinitri.be\/de\/wp-json\/wp\/v2\/comments?post=36024"}],"wp:featuredmedia":[{"embeddable":true,"href":"https:\/\/www.infinitri.be\/de\/wp-json\/wp\/v2\/media\/36081"}],"wp:attachment":[{"href":"https:\/\/www.infinitri.be\/de\/wp-json\/wp\/v2\/media?parent=36024"}],"wp:term":[{"taxonomy":"product_brand","embeddable":true,"href":"https:\/\/www.infinitri.be\/de\/wp-json\/wp\/v2\/product_brand?post=36024"},{"taxonomy":"product_cat","embeddable":true,"href":"https:\/\/www.infinitri.be\/de\/wp-json\/wp\/v2\/product_cat?post=36024"},{"taxonomy":"product_tag","embeddable":true,"href":"https:\/\/www.infinitri.be\/de\/wp-json\/wp\/v2\/product_tag?post=36024"}],"curies":[{"name":"wp","href":"https:\/\/api.w.org\/{rel}","templated":true}]}}