{"id":36290,"date":"2025-12-27T11:00:24","date_gmt":"2025-12-27T11:00:24","guid":{"rendered":"https:\/\/www.infinitri.be\/?post_type=product&#038;p=36290"},"modified":"2026-04-04T18:44:51","modified_gmt":"2026-04-04T17:44:51","slug":"huub-box-nourriture-sacoche-de-cadre","status":"publish","type":"product","link":"https:\/\/www.infinitri.be\/de\/produkt\/huub-box-nourriture-sacoche-de-cadre\/","title":{"rendered":"Huub-Box Nahrung - Rahmentasche"},"content":{"rendered":"<p>Id\u00e9al pour une vari\u00e9t\u00e9 d&#8217;utilisations, parfait pour la nutrition le jour de la course ou les pi\u00e8ces de rechange. \u00c0 l&#8217;entra\u00eenement, vous pouvez y ranger vos objets de valeur, votre t\u00e9l\u00e9phone, vos gels \u00e9nerg\u00e9tiques et votre argent liquide. Ils sont \u00e9galement de plus en plus populaires dans le monde du sac \u00e0 v\u00e9lo, offrant un espace de rangement a\u00e9rodynamique suppl\u00e9mentaire pour les aventures cyclistes.<\/p>\n<p>&nbsp;<\/p>\n<ul>\n<li>Conception a\u00e9rodynamique pour r\u00e9duire la tra\u00een\u00e9e.<\/li>\n<li>Form\u00e9 pour un ajustement solide du tube sup\u00e9rieur.<\/li>\n<li>Enti\u00e8rement \u00e9tanche.<\/li>\n<li>Grande capacit\u00e9.<\/li>\n<li>Ouverture facile, fermeture \u00e0 glissi\u00e8re \u00e0 un doigt.<\/li>\n<li>Sangles de s\u00e9curit\u00e9 \u00e0 3 points avec crochets et boucles.<\/li>\n<li>Longueur 16 cm x largeur 5 cm<\/li>\n<\/ul>","protected":false},"excerpt":{"rendered":"<p>Id\u00e9al pour une vari\u00e9t\u00e9 d&#8217;utilisations, parfait pour la nutrition le jour de la course ou les pi\u00e8ces de rechange. \u00c0 l&#8217;entra\u00eenement, vous pouvez y ranger vos objets de valeur, votre t\u00e9l\u00e9phone, vos gels \u00e9nerg\u00e9tiques et votre argent liquide. Ils sont \u00e9galement de plus en plus populaires dans le monde du sac \u00e0 v\u00e9lo<\/p>","protected":false},"featured_media":36338,"comment_status":"open","ping_status":"closed","template":"","meta":[],"product_brand":[286],"product_cat":[140,37,59],"product_tag":[],"class_list":{"0":"post-36290","1":"product","2":"type-product","3":"status-publish","4":"has-post-thumbnail","6":"product_brand-huub","7":"product_cat-accessoires-cyclisme","8":"product_cat-cyclisme","9":"product_cat-triathlon","10":"zank_product_brands-huub","11":"nt-post-class","12":"","18":"first","19":"instock","20":"taxable","21":"shipping-taxable","22":"purchasable","23":"product-type-simple"},"_links":{"self":[{"href":"https:\/\/www.infinitri.be\/de\/wp-json\/wp\/v2\/product\/36290","targetHints":{"allow":["GET"]}}],"collection":[{"href":"https:\/\/www.infinitri.be\/de\/wp-json\/wp\/v2\/product"}],"about":[{"href":"https:\/\/www.infinitri.be\/de\/wp-json\/wp\/v2\/types\/product"}],"replies":[{"embeddable":true,"href":"https:\/\/www.infinitri.be\/de\/wp-json\/wp\/v2\/comments?post=36290"}],"wp:featuredmedia":[{"embeddable":true,"href":"https:\/\/www.infinitri.be\/de\/wp-json\/wp\/v2\/media\/36338"}],"wp:attachment":[{"href":"https:\/\/www.infinitri.be\/de\/wp-json\/wp\/v2\/media?parent=36290"}],"wp:term":[{"taxonomy":"product_brand","embeddable":true,"href":"https:\/\/www.infinitri.be\/de\/wp-json\/wp\/v2\/product_brand?post=36290"},{"taxonomy":"product_cat","embeddable":true,"href":"https:\/\/www.infinitri.be\/de\/wp-json\/wp\/v2\/product_cat?post=36290"},{"taxonomy":"product_tag","embeddable":true,"href":"https:\/\/www.infinitri.be\/de\/wp-json\/wp\/v2\/product_tag?post=36290"}],"curies":[{"name":"wp","href":"https:\/\/api.w.org\/{rel}","templated":true}]}}