{"id":36458,"date":"2025-12-27T11:23:39","date_gmt":"2025-12-27T11:23:39","guid":{"rendered":"https:\/\/www.infinitri.be\/?post_type=product&#038;p=36458"},"modified":"2026-04-25T10:03:21","modified_gmt":"2026-04-25T09:03:21","slug":"brownlee-agilis-limited-edition-gold-44-mens","status":"publish","type":"product","link":"https:\/\/www.infinitri.be\/de\/produkt\/brownlee-agilis-limited-edition-gold-44-mens\/","title":{"rendered":"Brownlee Agilis Limited Edition Gold 4:4 \u2013 Herren"},"content":{"rendered":"<p><span><b>JONNY BROWNLEE Or 3:5 WETSUIT<\/b><\/span><\/p>\n<p><span><b>THE ULTIMATE WETSUIT FOR ELITE PERFORMANCE\u00a0<\/b><\/span><\/p>\n<p><span>Es gibt Dinge, die man nicht verbessern kann (na ja, zumindest im Moment nicht)! Die Br\u00fcder Alistair und Jonny Brownlee, Gold- und Silbermedaillengewinner bei den Olympischen Spielen, haben uns herausgefordert, den Agilis-Anzug mit zwei einfachen Zielen zu entwickeln.<\/span><\/p>\n<p>Die Brownlees wollten Macht :<\/p>\n<ol>\n<li>Schwimmen Sie w\u00e4hrend des gesamten Schwimmzyklus so, als ob sie keinen Neoprenanzug tragen w\u00fcrden.<\/li>\n<li>Sorgen Sie daf\u00fcr, dass ihre H\u00fcften und Beine so hoch wie m\u00f6glich sind, und halten Sie sie in dieser Position.<\/li>\n<\/ol>\n<p><span>Dies ist nun das dritte Jahr seit der Einf\u00fchrung des Anzugs, und es sollte ein eher standardm\u00e4\u00dfiges Jahr werden, bis 2020 und Covid-19 2021 in ein olympisches Jahr verwandelten. Wir wollten die Leistungen von Ali und Jonny bei den letzten beiden Olympischen Spielen mit diesen Brownlee Agilis-Anz\u00fcgen in limitierter Auflage feiern.\u00a0<\/span><\/p>\n<p><span>Die Anz\u00fcge repr\u00e4sentieren die Farben der Medaillen, die Alistair und Jonny bei den olympischen Triathlons in London 2012 und Rio 2016 gewonnen haben. Wir sind stolz auf unsere Partnerschaft mit den Brownless, und unsere limitierten Editionen Gold Agilis und Silver &amp; Bronze Agilis sind eine Hommage an Alistairs Goldmedaillen und Jonnys Silber- und Bronzemedaillen. Jeder Anzug ist auf 500 St\u00fcck limitiert, aber die gleiche High-End-Leistung, das gleiche hydrodynamische Wissen und die gleiche Designqualit\u00e4t sind vorhanden.<\/span><\/p>\n<p>\u00a0<\/p>\n<p><strong>+43\u2122<\/strong><\/p>\n<ol><\/ol>\n<p>Die neuen Auftriebsmaterialien bieten einen nie dagewesenen Auftrieb f\u00fcr Beine und Unterk\u00f6rper, und das unter Einhaltung der gesetzlichen Vorschriften. HUUBs exklusiver +43\u2122 Auftriebsschaum bietet 43 % zus\u00e4tzlichen Auftrieb im Vergleich zu Standard-Neopren. Normalerweise f\u00fcgen Hersteller von Anz\u00fcgen Auftrieb im Bereich der Oberschenkel und H\u00fcften hinzu, aber bei diesem Anzug geht das +43\u2122-Material \u00fcber das Auftriebszentrum hinaus und sorgt f\u00fcr maximalen Beinauftrieb.<\/p>\n<p>Dank der Beitr\u00e4ge von Alistair, Jonny und Professor Huub Toussaint k\u00f6nnen wir nun mit Zuversicht sagen, dass es keinen schnelleren Anzug gibt. Darauf haben die Triathleten gewartet, einen kompromisslosen Anzug f\u00fcr den Tag des Rennens. Alistair und Jonny w\u00fcrden ihre Leistung f\u00fcr nichts auf der Welt opfern, daher ist es nicht verwunderlich, dass sie sich nicht f\u00fcr einen Anzug entscheiden w\u00fcrden, wenn er nicht WIRKLICH der beste ist, in dem sie je geschwommen sind.<\/p>\n<p>Diese Art von Feedback von den Br\u00fcdern zu erhalten, ist etwas, das ohne ein immenses Wissen und eine gro\u00dfe Informationsquelle nicht m\u00f6glich ist. Dieser Anzug ist wirklich eine wunderbare Ausr\u00fcstung zum Schwimmen. Er ist einfach, aber unglaublich effektiv und mit unsichtbarer Technologie ausgestattet, aber wie wir sagen: \u00abEs ist das, was man nicht sieht, was einen schneller macht\u00bb.\u201d<\/p>\n<p><strong><\/strong><strong>Key features:<\/strong><span><\/span><\/p>\n<ul>\n<ul>\n<li>Exklusive und zum Patent angemeldete Arms Neutral\u2122-Technologie, die eine v\u00f6llig neue und unvergleichliche Rotational Freedom\u2122 bietet.<\/li>\n<li>HUUBs exklusiver +43\u2122-Auftriebsschaum bietet 43 % zus\u00e4tzlichen Auftrieb im Vergleich zu Standard-Neopren.<\/li>\n<li>Entstanden unter aktiver Beteiligung der Brownlee-Br\u00fcder.<\/li>\n<li>Hochwertiges Neopren.<\/li>\n<li>Rei\u00dfverschluss f\u00fcr die schnellsten \u00dcberg\u00e4nge.<\/li>\n<li>Die Halskante ist f\u00fcr mehr Komfort gepresst.<\/li>\n<\/ul>\n<\/ul>\n<p>\u00a0<\/p>\n<h4>Wie sollte ein gut sitzender Taucheranzug aussehen?<\/h4>\n<p><span>W\u00e4hlen Sie unten eine Gr\u00f6\u00dfe aus, um zu sehen, wie sie aussehen sollte :<\/span><\/p>\n<div>Mens Size:\u00a0 \u00a0<span>\u00a0<strong><a href=\"https:\/\/cdn.shopify.com\/s\/files\/1\/0233\/5881\/files\/MENS_S.mp4?16185\" target=\"_blank\" rel=\"noopener\">S<\/a>\u00a0<\/strong> -\u00a0\u00a0\u00a0<a href=\"https:\/\/cdn.shopify.com\/s\/files\/1\/0233\/5881\/files\/MENS_SMT.mp4?16185\" target=\"_blank\" rel=\"noopener\"><strong>SMT<\/strong><\/a>\u00a0 -\u00a0 <a href=\"https:\/\/cdn.shopify.com\/s\/files\/1\/0233\/5881\/files\/MENS_M.mp4?16189\" target=\"_blank\" rel=\"noopener\"><strong>M<\/strong><\/a>\u00a0 -\u00a0 <a href=\"https:\/\/cdn.shopify.com\/s\/files\/1\/0233\/5881\/files\/MENS_MT.mp4?16189\" target=\"_blank\" rel=\"noopener\"><strong>MT<\/strong><\/a>\u00a0 -\u00a0 <a href=\"https:\/\/cdn.shopify.com\/s\/files\/1\/0233\/5881\/files\/MENS_ML.mp4?16189\" target=\"_blank\" rel=\"noopener\"><strong>ML<\/strong><\/a>\u00a0 -\u00a0 <a href=\"https:\/\/cdn.shopify.com\/s\/files\/1\/0233\/5881\/files\/MENS_XL.mp4?16189\" target=\"_blank\" rel=\"noopener\"><strong>XL<\/strong><\/a>\u00a0 -\u00a0<strong>\u00a0\u00a0<a href=\"https:\/\/cdn.shopify.com\/s\/files\/1\/0233\/5881\/files\/MENS_SS.mp4?16190\" target=\"_blank\" rel=\"noopener\">SS<\/a><\/strong><\/span><\/div>\n<div><span><\/span><\/div>\n<div><span>Womens Size:\u00a0 \u00a0<\/span><span><a href=\"https:\/\/cdn.shopify.com\/s\/files\/1\/0233\/5881\/files\/WOMENS_S_2.0.mp4?16189\" target=\"_blank\" rel=\"noopener\"><strong>S<\/strong><\/a>\u00a0 -\u00a0 <a href=\"https:\/\/cdn.shopify.com\/s\/files\/1\/0233\/5881\/files\/WOMENS_M.mp4?16189\" target=\"_blank\" rel=\"noopener\"><strong>M<\/strong><\/a>\u00a0 -\u00a0 <a href=\"https:\/\/cdn.shopify.com\/s\/files\/1\/0233\/5881\/files\/WOMENS_ML.mp4?16189\" target=\"_blank\" rel=\"noopener\"><strong>ML<\/strong><\/a>\u00a0\u00a0-\u00a0\u00a0<a href=\"https:\/\/cdn.shopify.com\/s\/files\/1\/0233\/5881\/files\/WOMENS_SS_1.mp4?16190\" target=\"_blank\" rel=\"noopener\"><strong>SS<\/strong><\/a><\/span><\/div>\n<div><span><strong><\/strong><\/span><\/div>\n<div><\/div>\n<div><\/div>\n<div>\n<p>\u00a0<\/p>\n<p><a href=\"https:\/\/huubdesign.com\/pages\/refund-policy\">Warranty Information<\/a><\/p>\n<\/div>","protected":false},"excerpt":{"rendered":"<p>JONNY BROWNLEE Or 3:5 WETSUIT THE ULTIMATE WETSUIT FOR ELITE PERFORMANCE\u00a0 Il y a des choses qu&#8217;on ne peut pas am\u00e9liorer (enfin, pour l&#8217;instant) ! Les fr\u00e8res Alistair et Jonny Brownlee, m\u00e9daill\u00e9s d&#8217;or et d&#8217;argent aux Jeux olympiques, nous ont mis au d\u00e9fi de cr\u00e9er la combinaison Agilis avec deux objectifs simples. Les Brownlees voulaient&#8230;<\/p>","protected":false},"featured_media":36533,"comment_status":"open","ping_status":"closed","template":"","meta":[],"product_brand":[286],"product_cat":[130,141,59],"product_tag":[],"class_list":{"0":"post-36458","1":"product","2":"type-product","3":"status-publish","4":"has-post-thumbnail","6":"product_brand-huub","7":"product_cat-combinaison-neoprene","8":"product_cat-outlet","9":"product_cat-triathlon","10":"zank_product_brands-huub","11":"nt-post-class","12":"","15":"excerpt-none","18":"first","19":"instock","20":"sale","21":"taxable","22":"shipping-taxable","23":"purchasable","24":"product-type-variable","25":"has-default-attributes"},"_links":{"self":[{"href":"https:\/\/www.infinitri.be\/de\/wp-json\/wp\/v2\/product\/36458","targetHints":{"allow":["GET"]}}],"collection":[{"href":"https:\/\/www.infinitri.be\/de\/wp-json\/wp\/v2\/product"}],"about":[{"href":"https:\/\/www.infinitri.be\/de\/wp-json\/wp\/v2\/types\/product"}],"replies":[{"embeddable":true,"href":"https:\/\/www.infinitri.be\/de\/wp-json\/wp\/v2\/comments?post=36458"}],"wp:featuredmedia":[{"embeddable":true,"href":"https:\/\/www.infinitri.be\/de\/wp-json\/wp\/v2\/media\/36533"}],"wp:attachment":[{"href":"https:\/\/www.infinitri.be\/de\/wp-json\/wp\/v2\/media?parent=36458"}],"wp:term":[{"taxonomy":"product_brand","embeddable":true,"href":"https:\/\/www.infinitri.be\/de\/wp-json\/wp\/v2\/product_brand?post=36458"},{"taxonomy":"product_cat","embeddable":true,"href":"https:\/\/www.infinitri.be\/de\/wp-json\/wp\/v2\/product_cat?post=36458"},{"taxonomy":"product_tag","embeddable":true,"href":"https:\/\/www.infinitri.be\/de\/wp-json\/wp\/v2\/product_tag?post=36458"}],"curies":[{"name":"wp","href":"https:\/\/api.w.org\/{rel}","templated":true}]}}