{"id":36721,"date":"2025-12-27T11:56:28","date_gmt":"2025-12-27T11:56:28","guid":{"rendered":"https:\/\/www.infinitri.be\/?post_type=product&#038;p=36721"},"modified":"2026-04-04T17:31:36","modified_gmt":"2026-04-04T16:31:36","slug":"performance-ss-tshirt-homme-niagara-blue","status":"publish","type":"product","link":"https:\/\/www.infinitri.be\/de\/produkt\/performance-ss-tshirt-homme-niagara-blue\/","title":{"rendered":"Performance SS T-Shirt Herren Niagara Blue"},"content":{"rendered":"<p>\u2018Compressport Performance SS T-Shirt: Ideal f\u00fcr Athleten, die Vielseitigkeit und Leichtigkeit suchen, perfekt f\u00fcr Training und Wettkampf.<br \/>\n-Anti-Scheuer-Technologie: Ultraweiches Mikrofasergewebe mit nahtloser Konstruktion, um Irritationen, Reibung und Ger\u00fcche zu vermeiden.<br \/>\nOptimierte Bel\u00fcftung: Mesh-Eins\u00e4tze auf der Vorderseite, unter den Achseln und am R\u00fccken sorgen f\u00fcr eine schnelle Verdunstung des Schwei\u00dfes und halten Sie k\u00fchl und trocken.<br \/>\nVielseitig und leistungsstark: Geeignet f\u00fcr alle Disziplinen, von Nachtl\u00e4ufen bis hin zu Trailrunning-Sessions, mit temperaturregulierenden Eigenschaften f\u00fcr optimalen Tragekomfort.<\/p>","protected":false},"excerpt":{"rendered":"<p>Weiches, temperaturregulierendes Sport-T-Shirt f\u00fcr M\u00e4nner mit integrierter Bel\u00fcftung f\u00fcr Training, Laufen und hochintensive Workouts.<\/p>","protected":false},"featured_media":36742,"comment_status":"open","ping_status":"closed","template":"","meta":[],"product_brand":[329],"product_cat":[16,29],"product_tag":[],"class_list":{"0":"post-36721","1":"product","2":"type-product","3":"status-publish","4":"has-post-thumbnail","6":"product_brand-compressport","7":"product_cat-course","8":"product_cat-vestes-et-t-shirts","9":"zank_product_brands-compressport","10":"nt-post-class","11":"","17":"first","18":"outofstock","19":"sale","20":"taxable","21":"shipping-taxable","22":"purchasable","23":"product-type-variable"},"_links":{"self":[{"href":"https:\/\/www.infinitri.be\/de\/wp-json\/wp\/v2\/product\/36721","targetHints":{"allow":["GET"]}}],"collection":[{"href":"https:\/\/www.infinitri.be\/de\/wp-json\/wp\/v2\/product"}],"about":[{"href":"https:\/\/www.infinitri.be\/de\/wp-json\/wp\/v2\/types\/product"}],"replies":[{"embeddable":true,"href":"https:\/\/www.infinitri.be\/de\/wp-json\/wp\/v2\/comments?post=36721"}],"wp:featuredmedia":[{"embeddable":true,"href":"https:\/\/www.infinitri.be\/de\/wp-json\/wp\/v2\/media\/36742"}],"wp:attachment":[{"href":"https:\/\/www.infinitri.be\/de\/wp-json\/wp\/v2\/media?parent=36721"}],"wp:term":[{"taxonomy":"product_brand","embeddable":true,"href":"https:\/\/www.infinitri.be\/de\/wp-json\/wp\/v2\/product_brand?post=36721"},{"taxonomy":"product_cat","embeddable":true,"href":"https:\/\/www.infinitri.be\/de\/wp-json\/wp\/v2\/product_cat?post=36721"},{"taxonomy":"product_tag","embeddable":true,"href":"https:\/\/www.infinitri.be\/de\/wp-json\/wp\/v2\/product_tag?post=36721"}],"curies":[{"name":"wp","href":"https:\/\/api.w.org\/{rel}","templated":true}]}}