{"id":36762,"date":"2025-12-27T11:57:01","date_gmt":"2025-12-27T11:57:01","guid":{"rendered":"https:\/\/www.infinitri.be\/?post_type=product&#038;p=36762"},"modified":"2026-04-04T17:28:06","modified_gmt":"2026-04-04T16:28:06","slug":"arena-powerskin-carbon-air%c2%b2-dos-ouvert-biscay-bay-femme","status":"publish","type":"product","link":"https:\/\/www.infinitri.be\/de\/produkt\/arena-powerskin-carbon-air%c2%b2-dos-ouvert-biscay-bay-femme\/","title":{"rendered":"Arena - Powerskin Carbon Air\u00b2 R\u00fccken Offen Biscay Bay Frau"},"content":{"rendered":"<p>&nbsp;<\/p>\n<p><!--themify_builder_static--><\/p>\n<h1 style=\"text-align: center\" data-content-type=\"text\" data-appearance=\"default\" data-element=\"main\" data-pb-style=\"WTSTT5E\">POWERSKIN CARBON AIR\u00b2<\/h1>\n<h3 style=\"text-align: center\" data-content-type=\"text\" data-appearance=\"default\" data-element=\"main\" data-pb-style=\"WTSTT5E\">DIE KOMPRIMIERUNG WAR NOCH NIE SO ANGENEHM.<\/h3>\n<p><iframe title=\"arena Powerskin Carbon-Air\u00b2 explained (Eng)\" width=\"960\" height=\"540\" src=\"https:\/\/www.youtube.com\/embed\/vVI3i8aixpY?feature=oembed\" frameborder=\"0\" allow=\"accelerometer; autoplay; clipboard-write; encrypted-media; gyroscope; picture-in-picture; web-share\" referrerpolicy=\"strict-origin-when-cross-origin\" allowfullscreen><\/iframe><\/p>\n<p><img decoding=\"async\" title=\"logo-fina-approved-200px\" src=\"https:\/\/infinitri.be\/wp-content\/uploads\/2023\/02\/logo-fina-approved-200px.webp\" alt=\"logo-fina-approved-200px\" \/><br \/>\n<img decoding=\"async\" title=\"arena-carbon-air-positive-logo-2021\" src=\"https:\/\/infinitri.be\/wp-content\/uploads\/2023\/02\/arena-carbon-air-positive-logo-2021.webp\" alt=\"arena-carbon-air-positive-logo-2021\" \/><br \/>\n<img decoding=\"async\" title=\"ARENA-LOGO-NEW-HORIZONTAL-BLACK-WHITE-POSITIVE\" src=\"https:\/\/infinitri.be\/wp-content\/uploads\/2023\/02\/ARENA-LOGO-NEW-HORIZONTAL-BLACK-WHITE-POSITIVE-1024x724-336x75.jpg\" alt=\"ARENA-LOGO-NEW-HORIZONTAL-BLACK-WHITE-POSITIVE\" width=\"336\" height=\"75\" \/><br \/>\n<img fetchpriority=\"high\" decoding=\"async\" title=\"arena-powerskin-carbon-air-2-carbon-band-fabric-1920x900\" src=\"https:\/\/infinitri.be\/wp-content\/uploads\/2023\/02\/arena-powerskin-carbon-air-2-carbon-band-fabric-1920x900-1-1024x480-580x600.webp\" alt=\"arena-powerskin-carbon-air-2-carbon-band-fabric-1920x900\" width=\"580\" height=\"600\" \/><\/p>\n<p><b>KOMPRESSION<\/b><\/p>\n<p>Bequemer Stoff mit Karbonstreifen<\/p>\n<p>Horizontale Karbonstreifen setzen an einem kritischen Dehnungspunkt an, um Kompression, Rumpfstabilit\u00e4t und Kraft zu gew\u00e4hrleisten, wann und wo immer es n\u00f6tig ist. Intelligente, leichtere Kompression mit dem Komfort einer zweiten Haut.<\/p>\n<p style=\"text-align: left\"><b>ZWEITHAUT-EFFEKT<\/b><\/p>\n<p>Einteilige KonstruktionDurch den Verzicht auf mehrere N\u00e4hte bietet der Carbon-Air2 h\u00f6chsten Komfort und nimmt weniger Wasser auf, was zu einem geringeren Luftwiderstand und einer verbesserten hydrodynamischen Wirkung f\u00fchrt. Au\u00dferdem ist er leichter anzuziehen.<\/p>\n<p><img decoding=\"async\" title=\"arena-powerskin-carbon-air-2-new-internal-lining-1920x900\" src=\"https:\/\/infinitri.be\/wp-content\/uploads\/2023\/02\/arena-powerskin-carbon-air-2-new-internal-lining-1920x900-1-1024x480-600x628.webp\" alt=\"arena-powerskin-carbon-air-2-new-internal-lining-1920x900\" width=\"600\" height=\"628\" \/><br \/>\n<img loading=\"lazy\" decoding=\"async\" title=\"arena-powerskin-carbon-air-2-single-piece-construction-1920x900\" src=\"https:\/\/infinitri.be\/wp-content\/uploads\/2023\/02\/arena-powerskin-carbon-air-2-single-piece-construction-1920x900-1-1024x480-580x600.webp\" alt=\"arena-powerskin-carbon-air-2-single-piece-construction-1920x900\" width=\"580\" height=\"600\" \/><\/p>\n<h3><strong>NEU GESTALTET F\u00dcR MEHR FREIHEIT<\/strong><\/h3>\n<p>Innenfutter.<\/p>\n<p>Das Innenfutter besteht aus drei separaten Bahnen, um eine gr\u00f6\u00dfere Bewegungsfreiheit zu erm\u00f6glichen. Das Ergebnis ist eine geringere Kompression im Brustbereich (Damenanz\u00fcge), weniger Druck auf den H\u00fcften und eine verbesserte Flexibilit\u00e4t.<\/p>\n<p><!--\/themify_builder_static--><\/p>","protected":false},"excerpt":{"rendered":"<p>Das Carbon-Air2 weist zwei gro\u00dfe Verbesserungen auf: Das Innenfutter ist mit drei separaten Panels gestaltet und bietet mehr Bewegungsfreiheit bei geringerem Gewicht. Die neue einteilige Struktur bietet eine bessere Passform und ein besseres Gef\u00fchl f\u00fcr ein Trikot, das sich wie eine zweite Haut anf\u00fchlt. Carbon-Air2 wird aus demselben bew\u00e4hrten gewebten Textil wie das Original-Carbon-Air hergestellt, mit horizontalen Carbon-Streifen. So findet man alle Vorteile dieses Gewebes wieder: Leichtigkeit, Kompression, geringer Widerstand. Dank all dieser Eigenschaften ist das neue Carbon-Air2 leichter, flexibler und bequemer.<\/p>","protected":false},"featured_media":36815,"comment_status":"open","ping_status":"closed","template":"","meta":[],"product_brand":[326],"product_cat":[60,126,41],"product_tag":[],"class_list":{"0":"post-36762","1":"product","2":"type-product","3":"status-publish","4":"has-post-thumbnail","6":"product_brand-arena","7":"product_cat-fina","8":"product_cat-maillot-competition","9":"product_cat-natation","10":"zank_product_brands-arena","11":"nt-post-class","12":"","18":"first","19":"instock","20":"sale","21":"taxable","22":"shipping-taxable","23":"purchasable","24":"product-type-variable"},"_links":{"self":[{"href":"https:\/\/www.infinitri.be\/de\/wp-json\/wp\/v2\/product\/36762","targetHints":{"allow":["GET"]}}],"collection":[{"href":"https:\/\/www.infinitri.be\/de\/wp-json\/wp\/v2\/product"}],"about":[{"href":"https:\/\/www.infinitri.be\/de\/wp-json\/wp\/v2\/types\/product"}],"replies":[{"embeddable":true,"href":"https:\/\/www.infinitri.be\/de\/wp-json\/wp\/v2\/comments?post=36762"}],"wp:featuredmedia":[{"embeddable":true,"href":"https:\/\/www.infinitri.be\/de\/wp-json\/wp\/v2\/media\/36815"}],"wp:attachment":[{"href":"https:\/\/www.infinitri.be\/de\/wp-json\/wp\/v2\/media?parent=36762"}],"wp:term":[{"taxonomy":"product_brand","embeddable":true,"href":"https:\/\/www.infinitri.be\/de\/wp-json\/wp\/v2\/product_brand?post=36762"},{"taxonomy":"product_cat","embeddable":true,"href":"https:\/\/www.infinitri.be\/de\/wp-json\/wp\/v2\/product_cat?post=36762"},{"taxonomy":"product_tag","embeddable":true,"href":"https:\/\/www.infinitri.be\/de\/wp-json\/wp\/v2\/product_tag?post=36762"}],"curies":[{"name":"wp","href":"https:\/\/api.w.org\/{rel}","templated":true}]}}