{"id":36823,"date":"2025-12-27T12:28:19","date_gmt":"2025-12-27T12:28:19","guid":{"rendered":"https:\/\/www.infinitri.be\/?post_type=product&#038;p=36823"},"modified":"2026-04-04T18:44:09","modified_gmt":"2026-04-04T17:44:09","slug":"arena-bonnet-shocking-pink","status":"publish","type":"product","link":"https:\/\/www.infinitri.be\/de\/produkt\/arena-bonnet-shocking-pink\/","title":{"rendered":"Arena \u2013 M\u00fctze Shocking Pink"},"content":{"rendered":"","protected":false},"excerpt":{"rendered":"<p>Die bequeme arena Unisex-M\u00fctze Shocking Pink passt sich jeder Kopfform perfekt an. Die M\u00fctze sch\u00fctzt das Haar vor Chlor und verringert den Luftwiderstand. Ihr verst\u00e4rkter Rand verhindert, dass die M\u00fctze nach oben rutscht. Das spezielle Silikonmaterial mit Pfirsichhautgef\u00fchl sorgt f\u00fcr eine verbesserte Stabilit\u00e4t und Passform. <\/p>","protected":false},"featured_media":36918,"comment_status":"open","ping_status":"closed","template":"","meta":[],"product_brand":[326],"product_cat":[40,43,41],"product_tag":[],"class_list":{"0":"post-36823","1":"product","2":"type-product","3":"status-publish","4":"has-post-thumbnail","6":"product_brand-arena","7":"product_cat-accessoires","8":"product_cat-bonnet","9":"product_cat-natation","10":"zank_product_brands-arena","11":"nt-post-class","12":"","18":"first","19":"instock","20":"taxable","21":"shipping-taxable","22":"purchasable","23":"product-type-simple"},"_links":{"self":[{"href":"https:\/\/www.infinitri.be\/de\/wp-json\/wp\/v2\/product\/36823","targetHints":{"allow":["GET"]}}],"collection":[{"href":"https:\/\/www.infinitri.be\/de\/wp-json\/wp\/v2\/product"}],"about":[{"href":"https:\/\/www.infinitri.be\/de\/wp-json\/wp\/v2\/types\/product"}],"replies":[{"embeddable":true,"href":"https:\/\/www.infinitri.be\/de\/wp-json\/wp\/v2\/comments?post=36823"}],"wp:featuredmedia":[{"embeddable":true,"href":"https:\/\/www.infinitri.be\/de\/wp-json\/wp\/v2\/media\/36918"}],"wp:attachment":[{"href":"https:\/\/www.infinitri.be\/de\/wp-json\/wp\/v2\/media?parent=36823"}],"wp:term":[{"taxonomy":"product_brand","embeddable":true,"href":"https:\/\/www.infinitri.be\/de\/wp-json\/wp\/v2\/product_brand?post=36823"},{"taxonomy":"product_cat","embeddable":true,"href":"https:\/\/www.infinitri.be\/de\/wp-json\/wp\/v2\/product_cat?post=36823"},{"taxonomy":"product_tag","embeddable":true,"href":"https:\/\/www.infinitri.be\/de\/wp-json\/wp\/v2\/product_tag?post=36823"}],"curies":[{"name":"wp","href":"https:\/\/api.w.org\/{rel}","templated":true}]}}