{"id":36955,"date":"2025-12-27T12:44:45","date_gmt":"2025-12-27T12:44:45","guid":{"rendered":"https:\/\/www.infinitri.be\/?post_type=product&#038;p=36955"},"modified":"2026-04-04T18:47:30","modified_gmt":"2026-04-04T17:47:30","slug":"compressport-bandeau-fin-orange","status":"publish","type":"product","link":"https:\/\/www.infinitri.be\/de\/produkt\/compressport-bandeau-fin-orange\/","title":{"rendered":"Compressport \u2013 d\u00fcnnes Stirnband Orange"},"content":{"rendered":"<p><!--themify_builder_static--><\/p>\n<h1 style=\"text-align: center\">Beschreibung \u2699<\/h1>\n<p style=\"text-align: left\">Dieses Compressport-Headband f\u00fcr M\u00e4nner und Frauen ist schmaler als unser Standardmodell und bietet einen klaren, stilvollen und zeitgem\u00e4\u00dfen Look. Sein Mikrofasergewebe ist dehnbar und perforiert, um die Temperatur am Kopf konstant zu regeln und so f\u00fcr einen unvergleichlichen Tragekomfort zu sorgen.<\/p>\n<p><img fetchpriority=\"high\" decoding=\"async\" class=\"alignnone  wp-image-25760\" src=\"https:\/\/infinitri.be\/wp-content\/uploads\/2025\/01\/8cb1479055a12887e012576eda6bc253817bec3e-300x143.webp\" alt=\"\" width=\"630\" height=\"300\" \/><\/p>\n<h1>Technische Besonderheiten<\/h1>\n<p>Maximale Thermoregulation durch perforiertes Mikrofasergewebe, das Schwei\u00df und Feuchtigkeit schnell ableitet, damit Ihr Kopf trocken und frisch bleibtBequemer, ergonomischer Schnitt durch ultradehnbare, weiche Fasern, die sich perfekt an Ihre Kopfform anpassenExtrem leichtes Mikrofasergewebe, das Sie kaum um Ihren Kopf herum sp\u00fcren werden<\/p>\n<p style=\"text-align: left\">LEICHTIGKEIT \u2605\u2605\u2605<\/p>\n<p>&nbsp;<\/p>\n<p>THERMOREGULATION \u2605\u2605\u2605.<\/p>\n<h1 style=\"text-align: center\">Material \ud83d\udc56<\/h1>\n<p style=\"text-align: left\">98% Polyamid, 2% Elastan<\/p>\n<p><img decoding=\"async\" src=\"https:\/\/www.compressport.com\/inter\/img\/prods_entretien.png\" \/><\/p>\n<p><img decoding=\"async\" title=\"thin-headband-on-off-persian-red\" src=\"https:\/\/infinitri.be\/wp-content\/uploads\/2023\/02\/thin-headband-on-off-persian-red-545x545.jpg\" alt=\"thin-headband-on-off-persian-red\" width=\"545\" height=\"545\" \/><img decoding=\"async\" class=\"alignnone  wp-image-25761\" src=\"https:\/\/infinitri.be\/wp-content\/uploads\/2025\/01\/08b18c9742bee064c5d1aa9060937ac67ed56779-300x143.webp\" alt=\"\" width=\"545\" height=\"260\" \/><\/p>\n<h1 style=\"text-align: center\">Weitere Informationen\ud83d\udca1.<\/h1>\n<p>Die On\/Off-Technologie leitet Schwei\u00df schnell ab und l\u00e4sst den Stoff bis zu 7-mal schneller trocknen als ein herk\u00f6mmliches Stirnband, sodass der Kopf auch unter sehr hei\u00dfen Bedingungen k\u00fchl bleibt. Der seidige Stoff passt sich ergonomisch an die Konturen des Kopfes an und verhindert, dass Schwei\u00df und widerspenstige Haare die Sicht behindern. Energisch in der roten Version, kann das Thin Headband On\/Off auch ohne Irritationen unter einem Helm oder einer Kapuze getragen werden.<\/p>\n<section><\/section>\n<p><!--\/themify_builder_static--><\/p>","protected":false},"excerpt":{"rendered":"<p>Schmales, leichtes und temperaturregulierendes Stirnband, das bei Hitze f\u00fcr frische Gedanken sorgt<\/p>\n<p>Das Thin Headband On\/Off ist schmaler als unser Standardmodell und ein d\u00fcnnes Running-Stirnband f\u00fcr M\u00e4nner und Frauen. Das Mikrofasergewebe ist dehnbar und perforiert, um die Temperatur am Kopf konstant zu kontrollieren. Die On\/Off-Technologie leitet Schwei\u00df schnell ab und l\u00e4sst das Gewebe bis zu 7-mal schneller trocknen als ein herk\u00f6mmliches Stirnband, sodass der Kopf auch bei sehr hei\u00dfen Bedingungen k\u00fchl bleibt. <\/p>","protected":false},"featured_media":36995,"comment_status":"open","ping_status":"closed","template":"","meta":[],"product_brand":[329],"product_cat":[40,156,16,321,59],"product_tag":[],"class_list":{"0":"post-36955","1":"product","2":"type-product","3":"status-publish","4":"has-post-thumbnail","6":"product_brand-compressport","7":"product_cat-accessoires","8":"product_cat-casquettes-visieres-headband","9":"product_cat-course","10":"product_cat-nouveaute","11":"product_cat-triathlon","12":"zank_product_brands-compressport","13":"nt-post-class","14":"","20":"first","21":"instock","22":"taxable","23":"shipping-taxable","24":"purchasable","25":"product-type-simple"},"_links":{"self":[{"href":"https:\/\/www.infinitri.be\/de\/wp-json\/wp\/v2\/product\/36955","targetHints":{"allow":["GET"]}}],"collection":[{"href":"https:\/\/www.infinitri.be\/de\/wp-json\/wp\/v2\/product"}],"about":[{"href":"https:\/\/www.infinitri.be\/de\/wp-json\/wp\/v2\/types\/product"}],"replies":[{"embeddable":true,"href":"https:\/\/www.infinitri.be\/de\/wp-json\/wp\/v2\/comments?post=36955"}],"wp:featuredmedia":[{"embeddable":true,"href":"https:\/\/www.infinitri.be\/de\/wp-json\/wp\/v2\/media\/36995"}],"wp:attachment":[{"href":"https:\/\/www.infinitri.be\/de\/wp-json\/wp\/v2\/media?parent=36955"}],"wp:term":[{"taxonomy":"product_brand","embeddable":true,"href":"https:\/\/www.infinitri.be\/de\/wp-json\/wp\/v2\/product_brand?post=36955"},{"taxonomy":"product_cat","embeddable":true,"href":"https:\/\/www.infinitri.be\/de\/wp-json\/wp\/v2\/product_cat?post=36955"},{"taxonomy":"product_tag","embeddable":true,"href":"https:\/\/www.infinitri.be\/de\/wp-json\/wp\/v2\/product_tag?post=36955"}],"curies":[{"name":"wp","href":"https:\/\/api.w.org\/{rel}","templated":true}]}}