{"id":36962,"date":"2025-12-27T12:44:46","date_gmt":"2025-12-27T12:44:46","guid":{"rendered":"https:\/\/www.infinitri.be\/?post_type=product&#038;p=36962"},"modified":"2026-04-04T17:33:46","modified_gmt":"2026-04-04T16:33:46","slug":"compressport-pro-racing-socks-v4-0-bike-rouge-fluo-blanc","status":"publish","type":"product","link":"https:\/\/www.infinitri.be\/de\/produkt\/compressport-pro-racing-socks-v4-0-bike-rouge-fluo-blanc\/","title":{"rendered":"Compressport \u2013 Pro Racing Socks v4.0 Bike Neonrot Wei\u00df"},"content":{"rendered":"<p class=\"key_benefit_1\">Verbesserte Aerodynamik durch eine h\u00f6here, speziell f\u00fcr den Radsport entwickelte Socke und die Aero.dot-Technologie, die den Widerstand reduziert<\/p>\n<p class=\"key_benefit_2\">Enge Fu\u00dfgew\u00f6lbest\u00fctze zur Aktivierung des ven\u00f6sen R\u00fcckflusses und zur Anregung der Durchblutung w\u00e4hrend des Trainings, wodurch die Leistung verbessert wird und die Socke bei Ihren Ausfl\u00fcgen nicht verrutscht<\/p>\n<p class=\"key_benefit_3\">Hoher Komfort an langen Tagen im Sattel dank hoher Atmungsaktivit\u00e4t, Bel\u00fcftung und ergonomischem Schnitt<\/p>","protected":false},"excerpt":{"rendered":"<p>Die Compressport Pro Racing Socks v4.0 Bike sind elegante, hoch geschnittene Radsportsocken mit verbesserter aerodynamischer Leistung und optimierter Bel\u00fcftung f\u00fcr ein noch schnelleres und komfortableres Radfahren.<\/p>","protected":false},"featured_media":37005,"comment_status":"open","ping_status":"closed","template":"","meta":[],"product_brand":[329],"product_cat":[173,37,321],"product_tag":[],"class_list":{"0":"post-36962","1":"product","2":"type-product","3":"status-publish","4":"has-post-thumbnail","6":"product_brand-compressport","7":"product_cat-chaussettes-cyclisme","8":"product_cat-cyclisme","9":"product_cat-nouveaute","10":"zank_product_brands-compressport","11":"nt-post-class","12":"","18":"first","19":"instock","20":"taxable","21":"shipping-taxable","22":"purchasable","23":"product-type-variable"},"_links":{"self":[{"href":"https:\/\/www.infinitri.be\/de\/wp-json\/wp\/v2\/product\/36962","targetHints":{"allow":["GET"]}}],"collection":[{"href":"https:\/\/www.infinitri.be\/de\/wp-json\/wp\/v2\/product"}],"about":[{"href":"https:\/\/www.infinitri.be\/de\/wp-json\/wp\/v2\/types\/product"}],"replies":[{"embeddable":true,"href":"https:\/\/www.infinitri.be\/de\/wp-json\/wp\/v2\/comments?post=36962"}],"wp:featuredmedia":[{"embeddable":true,"href":"https:\/\/www.infinitri.be\/de\/wp-json\/wp\/v2\/media\/37005"}],"wp:attachment":[{"href":"https:\/\/www.infinitri.be\/de\/wp-json\/wp\/v2\/media?parent=36962"}],"wp:term":[{"taxonomy":"product_brand","embeddable":true,"href":"https:\/\/www.infinitri.be\/de\/wp-json\/wp\/v2\/product_brand?post=36962"},{"taxonomy":"product_cat","embeddable":true,"href":"https:\/\/www.infinitri.be\/de\/wp-json\/wp\/v2\/product_cat?post=36962"},{"taxonomy":"product_tag","embeddable":true,"href":"https:\/\/www.infinitri.be\/de\/wp-json\/wp\/v2\/product_tag?post=36962"}],"curies":[{"name":"wp","href":"https:\/\/api.w.org\/{rel}","templated":true}]}}