{"id":37004,"date":"2025-12-27T12:46:31","date_gmt":"2025-12-27T12:46:31","guid":{"rendered":"https:\/\/www.infinitri.be\/?post_type=product&#038;p=37004"},"modified":"2026-04-04T17:33:38","modified_gmt":"2026-04-04T16:33:38","slug":"compressport-pro-racing-socks-v4-0-run-high-elf-yellow-fluo-red","status":"publish","type":"product","link":"https:\/\/www.infinitri.be\/de\/produkt\/compressport-pro-racing-socks-v4-0-run-high-elf-yellow-fluo-red\/","title":{"rendered":"Compressport-Pro Racing Socks v4.0 Run High Elf Yellow \/ Neonrot"},"content":{"rendered":"<div class=\"d-flex flex-wrap col-12 product\">\n<div id=\"description\" class=\"d-flex flex-wrap w-100\">\n<div class=\"col-12\">\n<div class=\"d-none d-md-block container-fluid mt-5\">\n<div class=\"product__description rich-text\">Eine Laufsocke, die speziell f\u00fcr optimale Bel\u00fcftung und Schutz vor Blasen entwickelt wurde, damit Sie Ihren n\u00e4chsten Rekord aufstellen k\u00f6nnen. Das technische Gewebe ist leicht und luftig und leitet Feuchtigkeit schnell ab, sodass Ihre F\u00fc\u00dfe auch bei w\u00e4rmeren Bedingungen frisch und trocken bleiben. Ein brandneuer, breiterer Zehenbereich mit \u201cSpitzenverst\u00e4rkung\u201d bietet eine ergonomischere Passform und eine bessere Propriozeption, sodass sich die Zehen beim Aufsetzen intuitiv festkrallen k\u00f6nnen und ein nat\u00fcrlicher, fl\u00fcssiger Laufstil erm\u00f6glicht wird. Ein feines Mesh-Gewebe um den Kn\u00f6chel bietet gezielten Halt, wenn Sie das Tempo erh\u00f6hen, w\u00e4hrend eine Frottee-Polsterung am gro\u00dfen Zeh verhindert, dass Ihre Zehenn\u00e4gel bei l\u00e4ngeren L\u00e4ufen schwarz werden. Die mittlere Fu\u00dfgew\u00f6lbeunterst\u00fctzung regt die Mikrozirkulation an und verhindert, dass sich das Gewebe verdreht und faltet, wodurch Blasen und schmerzhafte Reizungen vermieden werden. An der Achillessehne sorgen zwei Reihen von 3D.Dots f\u00fcr zus\u00e4tzlichen Schutz und Halt. Sie umgeben eine Reihe brandneuer Flat.Dots f\u00fcr eine bessere Bel\u00fcftung. Unter dem Fu\u00df d\u00e4mpft ein Muster aus 3D.Dots (75 %) und Flat.Dots (25 %) St\u00f6\u00dfe und bietet zus\u00e4tzlichen Halt und Bel\u00fcftung sowie eine leichte Mikrostimulation, wodurch der ven\u00f6se R\u00fcckfluss erh\u00f6ht und die Erm\u00fcdung mit zunehmender Kilometerzahl verz\u00f6gert wird.Die H\u00f6he ist geringer als bei Trail- und Fahrradmodellen, mit einer Passform und Technologien, die speziell auf die Anforderungen des Stra\u00dfenlaufs zugeschnitten sind.<\/div>\n<\/div>\n<div id=\"caract\" class=\"d-flex w-100\">\n<div class=\"d-flex flex-wrap w-100 dashboard_features\">\n<div class=\"col-12 col-md-6 right_features d-flex flex-column justify-content-center\">\n<div class=\"feature_block d-flex align-items-baseline\">\n<p class=\"title\">Entwickelt f\u00fcr<\/p>\n<div class=\"d-flex justify-content-around align-items-start\">\n<div class=\"feature_values text-center\"><span class=\"value ms-2\">Maximale Temperaturregulierung und Schwei\u00dfableitung<\/span><\/div>\n<\/div>\n<\/div>\n<div class=\"feature_block weight d-flex align-items-baseline\">\n<p class=\"title\">GEWICHT<\/p>\n<div class=\"d-flex justify-content-center align-items-start ms-2\"><span class=\"value\">37,00 g<\/span><\/div>\n<\/div>\n<\/div>\n<div class=\"col-12 col-md-6 left_features\">\n<div class=\"feature_block f_activity\">\n<p class=\"title px-md-5 text-bold\">\n<\/div>\n<\/div>\n<\/div>\n<\/div>\n<div id=\"video\" class=\"video-wrapper\"><\/div>\n<div id=\"reviews\" class=\"product-details-wrapper col-12 d-none d-md-block\"><\/div>\n<\/div>\n<\/div>\n<\/div>\n<div class=\"fixed-product-actions position-fixed bottom-0 p-4 bg-white w-100\">\n<div class=\"d-flex align-items-center\">\n<div class=\"col-7 col-md-5 addToCart\">\n<div class=\"product__add-to-cart product-add-to-cart js-product-add-to-cart mb-0\">\n<div class=\"product-actions__button add col ps-0 mt-0\"><\/div>\n<\/div>\n<\/div>\n<\/div>\n<\/div>","protected":false},"excerpt":{"rendered":"<p>Die Compressport Pro Racing Socks v4.0 Run High bieten ultimativen Komfort, verhindern Blasenbildung und sorgen f\u00fcr optimale Bel\u00fcftung bei all Ihren L\u00e4ufen.<\/p>","protected":false},"featured_media":37045,"comment_status":"open","ping_status":"closed","template":"","meta":[],"product_brand":[329],"product_cat":[207,16,321],"product_tag":[],"class_list":{"0":"post-37004","1":"product","2":"type-product","3":"status-publish","4":"has-post-thumbnail","6":"product_brand-compressport","7":"product_cat-chaussettes-running","8":"product_cat-course","9":"product_cat-nouveaute","10":"zank_product_brands-compressport","11":"nt-post-class","12":"","18":"first","19":"instock","20":"taxable","21":"shipping-taxable","22":"purchasable","23":"product-type-variable"},"_links":{"self":[{"href":"https:\/\/www.infinitri.be\/de\/wp-json\/wp\/v2\/product\/37004","targetHints":{"allow":["GET"]}}],"collection":[{"href":"https:\/\/www.infinitri.be\/de\/wp-json\/wp\/v2\/product"}],"about":[{"href":"https:\/\/www.infinitri.be\/de\/wp-json\/wp\/v2\/types\/product"}],"replies":[{"embeddable":true,"href":"https:\/\/www.infinitri.be\/de\/wp-json\/wp\/v2\/comments?post=37004"}],"wp:featuredmedia":[{"embeddable":true,"href":"https:\/\/www.infinitri.be\/de\/wp-json\/wp\/v2\/media\/37045"}],"wp:attachment":[{"href":"https:\/\/www.infinitri.be\/de\/wp-json\/wp\/v2\/media?parent=37004"}],"wp:term":[{"taxonomy":"product_brand","embeddable":true,"href":"https:\/\/www.infinitri.be\/de\/wp-json\/wp\/v2\/product_brand?post=37004"},{"taxonomy":"product_cat","embeddable":true,"href":"https:\/\/www.infinitri.be\/de\/wp-json\/wp\/v2\/product_cat?post=37004"},{"taxonomy":"product_tag","embeddable":true,"href":"https:\/\/www.infinitri.be\/de\/wp-json\/wp\/v2\/product_tag?post=37004"}],"curies":[{"name":"wp","href":"https:\/\/api.w.org\/{rel}","templated":true}]}}