{"id":37019,"date":"2025-12-27T12:46:56","date_gmt":"2025-12-27T12:46:56","guid":{"rendered":"https:\/\/www.infinitri.be\/?post_type=product&#038;p=37019"},"modified":"2026-04-04T17:33:38","modified_gmt":"2026-04-04T16:33:38","slug":"compressport-mid-compression-socks-v2-0-rouge-fluo-blanche","status":"publish","type":"product","link":"https:\/\/www.infinitri.be\/de\/produkt\/compressport-mid-compression-socks-v2-0-rouge-fluo-blanche\/","title":{"rendered":"Compressport \u2013 Mid Compression Socks V2.0 Neonrot\/Wei\u00df"},"content":{"rendered":"<p><!--themify_builder_static--><\/p>\n<h1 style=\"text-align: center\">Beschreibung \u2699<\/h1>\n<p>Certains de\u00a0 athl\u00e8tes professionnels sont fans des chaussettes int\u00e9grales&#8230; D&#8217;autres pr\u00e9f\u00e8rent une coupe plus basse, mais ne souhaitent pas faire de compromis sur l&#8217;efficacit\u00e9 et les performances. Notre r\u00e9ponse est la chaussette de compression moyenne. Tiss\u00e9 sur les m\u00eames machines m\u00e9dicalement approuv\u00e9es que le reste de notre gamme haute performance Oxygen, cette chaussette de compression mi-haute am\u00e9liore le retour veineux et l&#8217;apport d&#8217;oxyg\u00e8ne aux muscles des jambes. Aucun compromis n&#8217;est fait sur le confort, la ventilation ou le poids. Les fibres ultrafines et douces procurent une sensation inimitable de seconde peau et une respirabilit\u00e9 maximale gr\u00e2ce \u00e0 des bandes de ventilation plac\u00e9es strat\u00e9giquement. Notre technologie 3D.Dot, d\u00e9sormais caract\u00e9ristique, garantit une excellente adh\u00e9rence du pied dans la chaussure, ce qui r\u00e9duit le risque de surchauffe de la peau et d&#8217;ampoules.<br \/>\n<img fetchpriority=\"high\" decoding=\"async\" class=\"wp-image-25844 aligncenter\" src=\"https:\/\/infinitri.be\/wp-content\/uploads\/2025\/01\/mid-compression-socks-v20-fluo-red-white-231x300.webp\" alt=\"\" width=\"401\" height=\"521\" \/><\/p>\n<h1>Technische Besonderheiten<\/h1>\n<p>Une proprioception maximale pour une sensibilit\u00e9 et une conscience du pied accrues, vous encourageant \u00e0 \u00eatre extra-conscient du placement du pied dans toutes les activit\u00e9s sportives.<\/p>\n<p>Soutien musculaire cibl\u00e9 gr\u00e2ce \u00e0 une compression de haut niveau, m\u00e9dicalement contr\u00f4l\u00e9e, qui am\u00e9liore les performances et retarde la fatigue.<\/p>\n<p>Respirabilit\u00e9 et ventilation exceptionnelles \u00e0 360\u00b0 gr\u00e2ce \u00e0 des fibres ultrafines et des panneaux en maille, pour garder vos pieds frais et secs m\u00eame en cas de forte chaleur.<\/p>\n<p>&nbsp;<\/p>\n<p style=\"text-align: left\">ABSORPTION DES CHOCS\u00a0 \u2605\u2605<\/p>\n<p>&nbsp;<\/p>\n<p>PROTECTION \u2605\u2605\u2605<\/p>\n<p>&nbsp;<\/p>\n<p style=\"text-align: left\">RESPIRABILITE \u2605\u2605\u2605<\/p>\n<p>&nbsp;<\/p>\n<p>SUPPORT \u2605\u2605\u2605<\/p>\n<h1 style=\"text-align: center\">Material \ud83d\udc56<\/h1>\n<p>89% Polyamide, 11% Elastane<\/p>\n<p><img decoding=\"async\" src=\"https:\/\/www.compressport.com\/inter\/img\/prods_entretien.png\" \/><\/p>\n<p><img decoding=\"async\" title=\"2305_BEN_BECKER_compressport_7894\" src=\"https:\/\/infinitri.be\/wp-content\/uploads\/2024\/02\/2305_BEN_BECKER_compressport_7894-683x1024-545x545.jpg\" alt=\"2305_BEN_BECKER_compressport_7894\" width=\"545\" height=\"545\" \/><br \/>\n<img decoding=\"async\" title=\"2305_BEN_BECKER_compressport_7651\" src=\"https:\/\/infinitri.be\/wp-content\/uploads\/2024\/02\/2305_BEN_BECKER_compressport_7651-1024x683-545x545.jpg\" alt=\"2305_BEN_BECKER_compressport_7651\" width=\"545\" height=\"545\" \/><\/p>\n<h1 style=\"text-align: center\">Weitere Informationen\ud83d\udca1.<\/h1>\n<p style=\"text-align: left\">Le support de vo\u00fbte plantaire int\u00e9gr\u00e9 emp\u00eache le tissu de se tordre et offre une stabilit\u00e9 rassurante sur les terrains rocheux, tandis que les fibres extensibles permettent \u00e0 vos orteils de se dilater naturellement \u00e0 l&#8217;impact pour une course instinctive et fluide. L&#8217;efficacit\u00e9 des chaussettes de compression mi est soulign\u00e9e par un design rouge et noir tr\u00e8s tendance : la maille sup\u00e9rieure \u00e0 rayures \u00e9l\u00e9gantes vous permet de vous entra\u00eener, de courir et peut-\u00eatre m\u00eame d&#8217;aller au bureau dans des chaussures l\u00e9g\u00e8res qui offrent une compression et une a\u00e9ration de classe mondiale dans un emballage \u00e9l\u00e9gant.<\/p>\n<p><!--\/themify_builder_static--><\/p>","protected":false},"excerpt":{"rendered":"<p>Ces MID COMPRESSION socks et leur compression interm\u00e9diaire offrent tous les avantages d&#8217;un<br \/>\nmanchon de compression de haut niveau combin\u00e9 \u00e0 une thermor\u00e9gulation, une a\u00e9ration et un confort<br \/>\nmaximums.<\/p>\n<p>La compression graduelle \u00e0 partir du pied retarde la fatigue pour permettre de courir plus loin, plus<br \/>\nlongtemps.<br \/>\nLes fibres souples sont l\u00e9g\u00e8res, orant une sensation inimitable de seconde peau et une respirabilit\u00e9<br \/>\nmaximale gr\u00e2ce \u00e0 des bandes de ventilation strat\u00e9giquement plac\u00e9es.<br \/>\nL&#8217;adh\u00e9rence et la proprioception sont encore am\u00e9lior\u00e9es gr\u00e2ce \u00e0 la technologie 3D.Dot.<\/p>","protected":false},"featured_media":37061,"comment_status":"open","ping_status":"closed","template":"","meta":[],"product_brand":[329],"product_cat":[207,155,16,321],"product_tag":[],"class_list":{"0":"post-37019","1":"product","2":"type-product","3":"status-publish","4":"has-post-thumbnail","6":"product_brand-compressport","7":"product_cat-chaussettes-running","8":"product_cat-compression","9":"product_cat-course","10":"product_cat-nouveaute","11":"zank_product_brands-compressport","12":"nt-post-class","13":"","19":"first","20":"instock","21":"taxable","22":"shipping-taxable","23":"purchasable","24":"product-type-variable"},"_links":{"self":[{"href":"https:\/\/www.infinitri.be\/de\/wp-json\/wp\/v2\/product\/37019","targetHints":{"allow":["GET"]}}],"collection":[{"href":"https:\/\/www.infinitri.be\/de\/wp-json\/wp\/v2\/product"}],"about":[{"href":"https:\/\/www.infinitri.be\/de\/wp-json\/wp\/v2\/types\/product"}],"replies":[{"embeddable":true,"href":"https:\/\/www.infinitri.be\/de\/wp-json\/wp\/v2\/comments?post=37019"}],"wp:featuredmedia":[{"embeddable":true,"href":"https:\/\/www.infinitri.be\/de\/wp-json\/wp\/v2\/media\/37061"}],"wp:attachment":[{"href":"https:\/\/www.infinitri.be\/de\/wp-json\/wp\/v2\/media?parent=37019"}],"wp:term":[{"taxonomy":"product_brand","embeddable":true,"href":"https:\/\/www.infinitri.be\/de\/wp-json\/wp\/v2\/product_brand?post=37019"},{"taxonomy":"product_cat","embeddable":true,"href":"https:\/\/www.infinitri.be\/de\/wp-json\/wp\/v2\/product_cat?post=37019"},{"taxonomy":"product_tag","embeddable":true,"href":"https:\/\/www.infinitri.be\/de\/wp-json\/wp\/v2\/product_tag?post=37019"}],"curies":[{"name":"wp","href":"https:\/\/api.w.org\/{rel}","templated":true}]}}