{"id":37196,"date":"2025-12-27T13:00:29","date_gmt":"2025-12-27T13:00:29","guid":{"rendered":"https:\/\/www.infinitri.be\/?post_type=product&#038;p=37196"},"modified":"2026-04-04T17:33:20","modified_gmt":"2026-04-04T16:33:20","slug":"compressport-performance-short-homme-poche-zip","status":"publish","type":"product","link":"https:\/\/www.infinitri.be\/de\/produkt\/compressport-performance-short-homme-poche-zip\/","title":{"rendered":"Compressport Performance Short Herren mit Rei\u00dfverschlusstasche"},"content":{"rendered":"<p>&nbsp;<\/p>\n<p>Bereiten Sie sich mit den neuen Performance Shorts f\u00fcr M\u00e4nner auf all Ihre Ziele vor. Diese Shorts sind das Flaggschiff unserer Performance-Reihe und eine unverzichtbare Erg\u00e4nzung f\u00fcr deine Multisport-Garderobe. Das d\u00fcnne, flie\u00dfende, ultraleichte Material folgt Ihrem Schritt, ohne an den Oberschenkeln zu kleben. Die Hose ist l\u00e4nger geschnitten als unsere Racing-Modelle und reibt oder scheuert nicht, auch nicht bei gro\u00dfer Hitze. Ein ultrabequemer, atmungsaktiver Slip aus Lycra h\u00e4lt alles, was du brauchst, an Ort und Stelle, w\u00e4hrend eine Ges\u00e4\u00dftasche mit Rei\u00dfverschluss Platz f\u00fcr einen Autoschl\u00fcssel oder ein Energiegel bietet. Diese Runningshorts haben einen flachen Bund mit Kordelzug f\u00fcr eine einfache Anpassung. Diese Shorts wurden f\u00fcr alle begeisterten Sportler entworfen und werden schnell zu Ihrer bevorzugten Option f\u00fcr alle Ihre Trainingseinheiten: vom Laufen \u00fcber die Halle bis hin zum Stadion - sie bieten die Funktionalit\u00e4t und den Stil, die Sie suchen, um Ihre Leistung zu steigern.<\/p>\n<p>&nbsp;<\/p>\n<p><img fetchpriority=\"high\" decoding=\"async\" class=\"\" src=\"https:\/\/www.compressport.com\/inter\/modules\/sizeconversion\/views\/img\/BOTTOM%20HOMME.png\" width=\"203\" height=\"271\" \/><\/p>\n<table id=\"chart_table_59\" class=\"table table-striped table-bordered text-center chart-table\">\n<thead class=\"thead-default\">\n<tr class=\"big_size\">\n<th><\/th>\n<th id=\"conversion_group_240\" colspan=\"1\">Gr\u00f6\u00dfe<\/th>\n<th id=\"conversion_group_241\" colspan=\"1\">H\u00fcften<\/th>\n<\/tr>\n<\/thead>\n<tbody>\n<tr class=\"chart-table-row\">\n<th class=\"cc-name\">XS<\/th>\n<td>70 - 75cm<\/td>\n<td>83 - 88cm<\/td>\n<\/tr>\n<tr class=\"chart-table-row\">\n<th class=\"cc-name\">S<\/th>\n<td>76 - 81cm<\/td>\n<td>89 - 94cm<\/td>\n<\/tr>\n<tr class=\"chart-table-row\">\n<th class=\"cc-name\">M<\/th>\n<td>82 - 87cm<\/td>\n<td>95 - 100cm<\/td>\n<\/tr>\n<tr class=\"chart-table-row\">\n<th class=\"cc-name\">L<\/th>\n<td>88 - 93cm<\/td>\n<td>101 - 106cm<\/td>\n<\/tr>\n<tr class=\"chart-table-row\">\n<th class=\"cc-name\">XL<\/th>\n<td>94 - 99cm<\/td>\n<td>107 - 112cm<\/td>\n<\/tr>\n<\/tbody>\n<\/table>","protected":false},"excerpt":{"rendered":"<p>Leichte, halblange Trainingsshorts mit integriertem Slip f\u00fcr maximalen Komfort beim Laufen oder bei Multisport-Aktivit\u00e4ten.<\/p>","protected":false},"featured_media":37229,"comment_status":"open","ping_status":"closed","template":"","meta":[],"product_brand":[329],"product_cat":[16,18],"product_tag":[],"class_list":{"0":"post-37196","1":"product","2":"type-product","3":"status-publish","4":"has-post-thumbnail","6":"product_brand-compressport","7":"product_cat-course","8":"product_cat-shorts-collants","9":"zank_product_brands-compressport","10":"nt-post-class","11":"","17":"first","18":"instock","19":"taxable","20":"shipping-taxable","21":"purchasable","22":"product-type-variable"},"_links":{"self":[{"href":"https:\/\/www.infinitri.be\/de\/wp-json\/wp\/v2\/product\/37196","targetHints":{"allow":["GET"]}}],"collection":[{"href":"https:\/\/www.infinitri.be\/de\/wp-json\/wp\/v2\/product"}],"about":[{"href":"https:\/\/www.infinitri.be\/de\/wp-json\/wp\/v2\/types\/product"}],"replies":[{"embeddable":true,"href":"https:\/\/www.infinitri.be\/de\/wp-json\/wp\/v2\/comments?post=37196"}],"wp:featuredmedia":[{"embeddable":true,"href":"https:\/\/www.infinitri.be\/de\/wp-json\/wp\/v2\/media\/37229"}],"wp:attachment":[{"href":"https:\/\/www.infinitri.be\/de\/wp-json\/wp\/v2\/media?parent=37196"}],"wp:term":[{"taxonomy":"product_brand","embeddable":true,"href":"https:\/\/www.infinitri.be\/de\/wp-json\/wp\/v2\/product_brand?post=37196"},{"taxonomy":"product_cat","embeddable":true,"href":"https:\/\/www.infinitri.be\/de\/wp-json\/wp\/v2\/product_cat?post=37196"},{"taxonomy":"product_tag","embeddable":true,"href":"https:\/\/www.infinitri.be\/de\/wp-json\/wp\/v2\/product_tag?post=37196"}],"curies":[{"name":"wp","href":"https:\/\/api.w.org\/{rel}","templated":true}]}}