{"id":37250,"date":"2025-12-27T13:35:24","date_gmt":"2025-12-27T13:35:24","guid":{"rendered":"https:\/\/www.infinitri.be\/?post_type=product&#038;p=37250"},"modified":"2026-04-04T18:43:26","modified_gmt":"2026-04-04T17:43:26","slug":"arena-cobra-core-swipe-mirror-silver-gold","status":"publish","type":"product","link":"https:\/\/www.infinitri.be\/de\/produkt\/arena-cobra-core-swipe-mirror-silver-gold\/","title":{"rendered":"Arena - Cobra Core Swipe Spiegel Silber Gold"},"content":{"rendered":"","protected":false},"excerpt":{"rendered":"<p>Die Arena Cobra Core Swipe Mirror Brille ist perfekt f\u00fcr Schwimmer und Triathleten. Die Swipe Anti Fog Technologie h\u00e4lt zehnmal l\u00e4nger und kann durch Verschieben der Gl\u00e4ser mit dem Finger wieder aktiviert werden. Tun Sie dies jedes Mal, wenn die Gl\u00e4ser beschlagen, um l\u00e4nger eine klare Sicht zu genie\u00dfen. Die geschwungene Form der Gl\u00e4ser erh\u00f6ht die periphere und frontale Sicht erheblich. Im Lieferumfang enthalten sind f\u00fcnf austauschbare Nasenstege f\u00fcr eine perfekte Anpassung an verschiedene Gesichts- und Nasenformen. Der doppelte Riemen ist am Hinterkopf leicht verstellbar und sorgt f\u00fcr einen stabilen Sitz, auch beim Start und der Kurve. Die Brille hat verspiegelte Gl\u00e4ser, einen UV 400-Schutz und ist PVC-frei.<\/p>","protected":false},"featured_media":37256,"comment_status":"open","ping_status":"closed","template":"","meta":[],"product_brand":[326],"product_cat":[54,55,56,41],"product_tag":[],"class_list":{"0":"post-37250","1":"product","2":"type-product","3":"status-publish","4":"has-post-thumbnail","6":"product_brand-arena","7":"product_cat-lunettes","8":"product_cat-lunettes-natation","9":"product_cat-lunettes-triathlon","10":"product_cat-natation","11":"zank_product_brands-arena","12":"nt-post-class","13":"","19":"first","20":"instock","21":"sale","22":"taxable","23":"shipping-taxable","24":"purchasable","25":"product-type-simple"},"_links":{"self":[{"href":"https:\/\/www.infinitri.be\/de\/wp-json\/wp\/v2\/product\/37250","targetHints":{"allow":["GET"]}}],"collection":[{"href":"https:\/\/www.infinitri.be\/de\/wp-json\/wp\/v2\/product"}],"about":[{"href":"https:\/\/www.infinitri.be\/de\/wp-json\/wp\/v2\/types\/product"}],"replies":[{"embeddable":true,"href":"https:\/\/www.infinitri.be\/de\/wp-json\/wp\/v2\/comments?post=37250"}],"wp:featuredmedia":[{"embeddable":true,"href":"https:\/\/www.infinitri.be\/de\/wp-json\/wp\/v2\/media\/37256"}],"wp:attachment":[{"href":"https:\/\/www.infinitri.be\/de\/wp-json\/wp\/v2\/media?parent=37250"}],"wp:term":[{"taxonomy":"product_brand","embeddable":true,"href":"https:\/\/www.infinitri.be\/de\/wp-json\/wp\/v2\/product_brand?post=37250"},{"taxonomy":"product_cat","embeddable":true,"href":"https:\/\/www.infinitri.be\/de\/wp-json\/wp\/v2\/product_cat?post=37250"},{"taxonomy":"product_tag","embeddable":true,"href":"https:\/\/www.infinitri.be\/de\/wp-json\/wp\/v2\/product_tag?post=37250"}],"curies":[{"name":"wp","href":"https:\/\/api.w.org\/{rel}","templated":true}]}}