{"id":40031,"date":"2026-02-12T20:52:02","date_gmt":"2026-02-12T19:52:02","guid":{"rendered":"https:\/\/www.infinitri.be\/?post_type=product&#038;p=40031"},"modified":"2026-04-12T09:40:30","modified_gmt":"2026-04-12T08:40:30","slug":"arena-bonnet-shine-plum-violet","status":"publish","type":"product","link":"https:\/\/www.infinitri.be\/de\/produkt\/arena-bonnet-shine-plum-violet\/","title":{"rendered":"Arena - M\u00fctze Shine plum violett"},"content":{"rendered":"<div class=\"otQkpb\" role=\"heading\" data-animation-nesting=\"\" data-sfc-cp=\"\" data-complete=\"true\" data-processed=\"true\" data-sae=\"\">Caract\u00e9ristiques principales<\/div>\n<ul class=\"KsbFXc U6u95\" data-complete=\"true\" data-processed=\"true\">\n<li data-hveid=\"CAQQAA\" data-complete=\"true\" data-sae=\"\"><span class=\"T286Pc\" data-sfc-cp=\"\" data-complete=\"true\"><strong class=\"Yjhzub\" data-complete=\"true\">Mati\u00e8re :<\/strong>\u00a0100 % silicone, sans PVC, offrant une grande durabilit\u00e9 et r\u00e9sistance au chlore.<\/span><\/li>\n<li data-hveid=\"CAQQAQ\" data-complete=\"true\" data-sae=\"\"><span class=\"T286Pc\" data-sfc-cp=\"\" data-complete=\"true\"><strong class=\"Yjhzub\" data-complete=\"true\">Confort :<\/strong>\u00a0Texture tr\u00e8s douce et bord renforc\u00e9 pour emp\u00eacher le bonnet de remonter pendant la nage.<\/span><\/li>\n<li data-hveid=\"CAQQAg\" data-complete=\"true\" data-sae=\"\"><span class=\"T286Pc\" data-sfc-cp=\"\" data-complete=\"true\"><strong class=\"Yjhzub\" data-complete=\"true\">Design :<\/strong>\u00a0Look moderne avec un fini m\u00e9tallis\u00e9 violet prune (Plum).<\/span><\/li>\n<li data-hveid=\"CAQQAw\" data-complete=\"true\" data-sae=\"\"><span class=\"T286Pc\" data-sfc-cp=\"\" data-complete=\"true\"><strong class=\"Yjhzub\" data-complete=\"true\">Usage :<\/strong>\u00a0Id\u00e9al pour r\u00e9duire la tra\u00een\u00e9e hydrodynamique tout en prot\u00e9geant les cheveux<\/span><\/li>\n<\/ul>","protected":false},"excerpt":{"rendered":"<p>Le bonnet de natation\u00a0<strong class=\"Yjhzub\" data-complete=\"true\">Arena Shine<\/strong>\u00a0en coloris\u00a0<strong class=\"Yjhzub\" data-complete=\"true\">Plum \/ Violet<\/strong>\u00a0est un\u00a0<mark class=\"HxTRcb\" data-complete=\"true\" data-sae=\"\">mod\u00e8le en silicone con\u00e7u pour l&#8217;entra\u00eenement r\u00e9gulier et intensif<\/mark>. Il se distingue par sa finition m\u00e9tallique brillante et son \u00e9lasticit\u00e9 sup\u00e9rieure qui assure un ajustement parfait et sans plis.<\/p>","protected":false},"featured_media":40032,"comment_status":"open","ping_status":"closed","template":"","meta":[],"product_brand":[326],"product_cat":[40,43,41],"product_tag":[],"class_list":{"0":"post-40031","1":"product","2":"type-product","3":"status-publish","4":"has-post-thumbnail","6":"product_brand-arena","7":"product_cat-accessoires","8":"product_cat-bonnet","9":"product_cat-natation","10":"zank_product_brands-arena","11":"nt-post-class","12":"","18":"first","19":"instock","20":"taxable","21":"shipping-taxable","22":"purchasable","23":"product-type-simple"},"_links":{"self":[{"href":"https:\/\/www.infinitri.be\/de\/wp-json\/wp\/v2\/product\/40031","targetHints":{"allow":["GET"]}}],"collection":[{"href":"https:\/\/www.infinitri.be\/de\/wp-json\/wp\/v2\/product"}],"about":[{"href":"https:\/\/www.infinitri.be\/de\/wp-json\/wp\/v2\/types\/product"}],"replies":[{"embeddable":true,"href":"https:\/\/www.infinitri.be\/de\/wp-json\/wp\/v2\/comments?post=40031"}],"wp:featuredmedia":[{"embeddable":true,"href":"https:\/\/www.infinitri.be\/de\/wp-json\/wp\/v2\/media\/40032"}],"wp:attachment":[{"href":"https:\/\/www.infinitri.be\/de\/wp-json\/wp\/v2\/media?parent=40031"}],"wp:term":[{"taxonomy":"product_brand","embeddable":true,"href":"https:\/\/www.infinitri.be\/de\/wp-json\/wp\/v2\/product_brand?post=40031"},{"taxonomy":"product_cat","embeddable":true,"href":"https:\/\/www.infinitri.be\/de\/wp-json\/wp\/v2\/product_cat?post=40031"},{"taxonomy":"product_tag","embeddable":true,"href":"https:\/\/www.infinitri.be\/de\/wp-json\/wp\/v2\/product_tag?post=40031"}],"curies":[{"name":"wp","href":"https:\/\/api.w.org\/{rel}","templated":true}]}}