{"id":40106,"date":"2026-02-12T20:43:34","date_gmt":"2026-02-12T20:43:34","guid":{"rendered":"https:\/\/www.infinitri.be\/?post_type=product&#038;p=40106"},"modified":"2026-04-12T10:48:11","modified_gmt":"2026-04-12T09:48:11","slug":"arena-homme-fireflow-jammer-navy-team-blue-green","status":"publish","type":"product","link":"https:\/\/www.infinitri.be\/de\/produkt\/arena-homme-fireflow-jammer-navy-team-blue-green\/","title":{"rendered":"Arena &#8211; Homme Fireflow Jammer navy team blue green"},"content":{"rendered":"<div class=\"otQkpb\" role=\"heading\" data-animation-nesting=\"\" data-sfc-cp=\"\" data-complete=\"true\" data-processed=\"true\" data-sae=\"\">Caract\u00e9ristiques principales<button class=\"rBl3me\" data-amic=\"true\" data-icl-uuid=\"ce21b1f6-f61d-4d0c-90e4-a5294586c626\" aria-label=\"Afficher les liens associ\u00e9s\" data-wiz-attrbind=\"disabled=uJn6ff_o\/C5gNJc;aria-label=uJn6ff_o\/bOjMyf;class=uJn6ff_o\/UpSNec\" data-ved=\"2ahUKEwjO5ti96NSSAxXffKQEHexTHboQye0OegQIAxAA\"><\/button><\/div>\n<div class=\"Y3BBE\" data-sfc-cp=\"\" data-hveid=\"CAQQAA\" data-complete=\"true\" data-processed=\"true\">Le jammer Fireflow fait partie de la collection Fireflow, inspir\u00e9e par l&#8217;\u00e9quilibre entre la passion et la concentration mentale des athl\u00e8tes.<span class=\"uJ19be notranslate\" data-wiz-uids=\"uJn6ff_t,uJn6ff_u\" data-complete=\"true\"><span class=\"vKEkVd\" data-animation-atomic=\"\" data-wiz-attrbind=\"class=uJn6ff_s\/TKHnVd\" data-sae=\"\"><span aria-hidden=\"true\">\u00a0<\/span><button class=\"rBl3me\" data-amic=\"true\" data-icl-uuid=\"7d0b867d-c091-495c-b525-0baa3bacf345\" aria-label=\"Afficher les liens associ\u00e9s\" data-wiz-attrbind=\"disabled=uJn6ff_s\/C5gNJc;aria-label=uJn6ff_s\/bOjMyf;class=uJn6ff_s\/UpSNec\" data-ved=\"2ahUKEwjO5ti96NSSAxXffKQEHexTHboQye0OegQIBBAB\"><\/button><\/span><\/span><\/div>\n<ul class=\"KsbFXc U6u95\" data-complete=\"true\" data-processed=\"true\">\n<li data-hveid=\"CAUQAA\" data-complete=\"true\" data-sae=\"\"><span class=\"T286Pc\" data-sfc-cp=\"\" data-complete=\"true\"><strong class=\"Yjhzub\" data-complete=\"true\">Mati\u00e8re :<\/strong>\u00a0Fabriqu\u00e9 en tissu\u00a0<strong class=\"Yjhzub\" data-complete=\"true\">MaxLife Eco<\/strong>\u00a0d&#8217;Arena (100% polyester, dont au moins 50% de polyester recycl\u00e9 provenant de bouteilles PET), un mat\u00e9riau tr\u00e8s durable et r\u00e9sistant au chlore.<\/span><\/li>\n<li data-hveid=\"CAUQAQ\" data-complete=\"true\" data-sae=\"\"><span class=\"T286Pc\" data-sfc-cp=\"\" data-complete=\"true\"><strong class=\"Yjhzub\" data-complete=\"true\">Protection :<\/strong>\u00a0Le tissu offre une protection UV UPF 50+ et s\u00e8che rapidement.<\/span><\/li>\n<li data-hveid=\"CAUQAg\" data-complete=\"true\" data-sae=\"\"><span class=\"T286Pc\" data-sfc-cp=\"\" data-complete=\"true\"><strong class=\"Yjhzub\" data-complete=\"true\">Conception :<\/strong>\u00a0Il pr\u00e9sente une coupe profil\u00e9e pour minimiser la friction dans l&#8217;eau, une longueur lat\u00e9rale de 45 cm, une doublure frontale confortable et un cordon de serrage interne pour un ajustement s\u00fbr.<\/span><\/li>\n<\/ul>","protected":false},"excerpt":{"rendered":"<p><mark class=\"HxTRcb\" data-complete=\"true\" data-sae=\"\">L&#8217;<strong class=\"Yjhzub\" data-complete=\"true\">Arena M Fireflow Swim Jammer<\/strong>\u00a0est un maillot de bain d&#8217;entra\u00eenement tr\u00e8s r\u00e9sistant au chlore, con\u00e7u pour les nageurs r\u00e9guliers et comp\u00e9titifs, disponible dans une couleur\u00a0<strong class=\"Yjhzub\" data-complete=\"true\">bleu-vert<\/strong><\/mark>\u00a0(nomm\u00e9e &#8220;navy\/team-blue\/green&#8221; ou similaire selon les d\u00e9taillants). Il est reconnu pour sa durabilit\u00e9 et son confort<\/p>","protected":false},"featured_media":40113,"comment_status":"open","ping_status":"closed","template":"","meta":[],"product_brand":[326],"product_cat":[86,41],"product_tag":[],"class_list":{"0":"post-40106","1":"product","2":"type-product","3":"status-publish","4":"has-post-thumbnail","6":"product_brand-arena","7":"product_cat-maillots","8":"product_cat-natation","9":"zank_product_brands-arena","10":"nt-post-class","11":"","17":"first","18":"instock","19":"taxable","20":"shipping-taxable","21":"purchasable","22":"product-type-variable"},"_links":{"self":[{"href":"https:\/\/www.infinitri.be\/de\/wp-json\/wp\/v2\/product\/40106","targetHints":{"allow":["GET"]}}],"collection":[{"href":"https:\/\/www.infinitri.be\/de\/wp-json\/wp\/v2\/product"}],"about":[{"href":"https:\/\/www.infinitri.be\/de\/wp-json\/wp\/v2\/types\/product"}],"replies":[{"embeddable":true,"href":"https:\/\/www.infinitri.be\/de\/wp-json\/wp\/v2\/comments?post=40106"}],"wp:featuredmedia":[{"embeddable":true,"href":"https:\/\/www.infinitri.be\/de\/wp-json\/wp\/v2\/media\/40113"}],"wp:attachment":[{"href":"https:\/\/www.infinitri.be\/de\/wp-json\/wp\/v2\/media?parent=40106"}],"wp:term":[{"taxonomy":"product_brand","embeddable":true,"href":"https:\/\/www.infinitri.be\/de\/wp-json\/wp\/v2\/product_brand?post=40106"},{"taxonomy":"product_cat","embeddable":true,"href":"https:\/\/www.infinitri.be\/de\/wp-json\/wp\/v2\/product_cat?post=40106"},{"taxonomy":"product_tag","embeddable":true,"href":"https:\/\/www.infinitri.be\/de\/wp-json\/wp\/v2\/product_tag?post=40106"}],"curies":[{"name":"wp","href":"https:\/\/api.w.org\/{rel}","templated":true}]}}