{"id":46781,"date":"2026-04-23T19:56:49","date_gmt":"2026-04-23T18:56:49","guid":{"rendered":"https:\/\/www.infinitri.be\/?post_type=product&#038;p=46781"},"modified":"2026-04-23T20:13:06","modified_gmt":"2026-04-23T19:13:06","slug":"arena-powerskin-st-next-fireflow-seaglass-jammer-homme","status":"publish","type":"product","link":"https:\/\/www.infinitri.be\/de\/produkt\/arena-powerskin-st-next-fireflow-seaglass-jammer-homme\/","title":{"rendered":"Arena &#8211; Powerskin ST Next Fireflow seaglass Jammer Homme"},"content":{"rendered":"<div class=\"qJYHHd mp0vvc\" data-xid=\"aim-mars-turn-root\" data-asrc=\"true\">\n<div class=\"tonYlb\" data-tr-rsts=\"false\">\n<div>\n<div class=\"\" data-streaming-container=\"\">\n<div data-processed=\"true\">\n<div class=\"CKgc1d\" data-scope-id=\"turn\" data-sfc-root=\"c\" data-sfc-cb=\"\" data-processed=\"true\" data-complete=\"true\">\n<div class=\"Zkbeff\" data-sfc-root=\"c\" data-wiz-uids=\"U5EDvf_3\" data-sfc-cb=\"\" data-processed=\"true\" data-complete=\"true\">\n<div class=\"pWvJNd\" data-sfc-root=\"c\" data-sfc-cb=\"\" data-processed=\"true\" data-complete=\"true\">\n<div class=\"mZJni Dn7Fzd\" dir=\"ltr\" data-container-id=\"main-col\" data-xid=\"VpUvz\" data-sfc-root=\"c\" data-sfc-cb=\"\" data-ved=\"2ahUKEwj_ooOd04SUAxXcV6QEHdemK1cQ3KYQegYIAQgAEAE\" data-processed=\"true\">\n<div class=\"AdPoic\" role=\"heading\" data-animation-nesting=\"\" data-sfc-cp=\"\" data-sfc-root=\"c\" data-sfc-cb=\"\" data-complete=\"true\" data-processed=\"true\" data-sae=\"\"><strong class=\"Yjhzub\" data-sfc-root=\"c\" data-sfc-cb=\"\" data-complete=\"true\">La r\u00e9volution du textile de course : Plus l\u00e9ger, plus rapide<\/strong><\/div>\n<div class=\"Y3BBE\" data-sfc-cp=\"\" data-sfc-root=\"c\" data-sfc-cb=\"\" data-hveid=\"CAEIDBAA\" data-complete=\"true\" data-processed=\"true\">Le\u00a0<strong class=\"Yjhzub\" data-sfc-root=\"c\" data-sfc-cb=\"\" data-complete=\"true\" data-processed=\"true\">Powerskin ST Next Fireflow<\/strong> pour homme repr\u00e9sente une avanc\u00e9e majeure dans la gamme de comp\u00e9tition Arena. En retravaillant la structure du tissu, Arena a cr\u00e9\u00e9 un jammer qui absorbe moins d&#8217;eau et offre une meilleure flottabilit\u00e9. Le r\u00e9sultat ? Une sensation de l\u00e9g\u00e8ret\u00e9 constante, m\u00eame lors des derni\u00e8res longueurs d&#8217;un 400m ou 1500m.<\/div>\n<div class=\"Fsg96\" data-sfc-cp=\"\" data-sfc-root=\"c\" data-sfc-cb=\"\" data-complete=\"true\" data-processed=\"true\"><\/div>\n<div class=\"AdPoic\" role=\"heading\" data-animation-nesting=\"\" data-sfc-cp=\"\" data-sfc-root=\"c\" data-sfc-cb=\"\" data-processed=\"true\" data-sae=\"\" data-complete=\"true\"><strong class=\"Yjhzub\" data-sfc-root=\"c\" data-sfc-cb=\"\" data-complete=\"true\">Design Fireflow : Le calme et la puissance<\/strong><\/div>\n<div class=\"Y3BBE\" data-sfc-cp=\"\" data-sfc-root=\"c\" data-sfc-cb=\"\" data-hveid=\"CAEIDhAA\" data-complete=\"true\" data-processed=\"true\">L&#8217;\u00e9dition limit\u00e9e\u00a0<strong class=\"Yjhzub\" data-sfc-root=\"c\" data-sfc-cb=\"\" data-complete=\"true\" data-processed=\"true\">Fireflow Seaglass<\/strong> est un hommage \u00e0 la force mentale des athl\u00e8tes olympiques. Le graphisme &#8220;Seaglass&#8221; combine des tons aquatiques profonds avec des \u00e9clats d&#8217;\u00e9nergie, capturant l&#8217;essence du mouvement fluide sous haute pression.<\/div>\n<div class=\"Fsg96\" data-sfc-cp=\"\" data-sfc-root=\"c\" data-sfc-cb=\"\" data-complete=\"true\" data-processed=\"true\"><\/div>\n<div class=\"AdPoic\" role=\"heading\" data-animation-nesting=\"\" data-sfc-cp=\"\" data-sfc-root=\"c\" data-sfc-cb=\"\" data-complete=\"true\" data-processed=\"true\" data-sae=\"\"><strong class=\"Yjhzub\" data-sfc-root=\"c\" data-sfc-cb=\"\" data-complete=\"true\">Caract\u00e9ristiques de performance :<\/strong><\/div>\n<ul class=\"KsbFXc U6u95\" data-sfc-root=\"c\" data-sfc-cb=\"\" data-complete=\"true\" data-processed=\"true\">\n<li class=\"Z1qcYe\" data-sfc-cp=\"\" data-sfc-root=\"c\" data-sfc-cb=\"\" data-hveid=\"CAEIEBAA\" data-complete=\"true\" data-sae=\"\"><span class=\"T286Pc\" data-sfc-cp=\"\" data-sfc-root=\"c\" data-sfc-cb=\"\" data-complete=\"true\"><strong class=\"Yjhzub\" data-sfc-root=\"c\" data-sfc-cb=\"\" data-complete=\"true\">Soutien Musculaire Actif :<\/strong>\u00a0La compression du ST Next est con\u00e7ue pour r\u00e9duire les vibrations musculaires et la fatigue, tout en offrant une libert\u00e9 de mouvement totale pour les virages et les d\u00e9parts explosifs.<\/span><\/li>\n<li class=\"Z1qcYe\" data-sfc-cp=\"\" data-sfc-root=\"c\" data-sfc-cb=\"\" data-hveid=\"CAEIEBAB\" data-complete=\"true\" data-sae=\"\"><span class=\"T286Pc\" data-sfc-cp=\"\" data-sfc-root=\"c\" data-sfc-cb=\"\" data-complete=\"true\"><strong class=\"Yjhzub\" data-sfc-root=\"c\" data-sfc-cb=\"\" data-complete=\"true\">Hydrodynamisme Sup\u00e9rieur :<\/strong>\u00a0Le rev\u00eatement sp\u00e9cial du tissu am\u00e9liore la p\u00e9n\u00e9tration dans l&#8217;eau, permettant au nageur de maintenir une position &#8220;haute&#8221; optimale sur la surface.<\/span><\/li>\n<li class=\"Z1qcYe\" data-sfc-cp=\"\" data-sfc-root=\"c\" data-sfc-cb=\"\" data-hveid=\"CAEIEBAC\" data-complete=\"true\" data-sae=\"\"><span class=\"T286Pc\" data-sfc-cp=\"\" data-sfc-root=\"c\" data-sfc-cb=\"\" data-complete=\"true\"><strong class=\"Yjhzub\" data-sfc-root=\"c\" data-sfc-cb=\"\" data-complete=\"true\">Confort Longue Dur\u00e9e :<\/strong>\u00a0Contrairement aux combinaisons de compression extr\u00eame, le ST Next reste confortable pour de longues sessions, ce qui en fait un excellent choix pour les nageurs de club et de Masters.<\/span><\/li>\n<li class=\"Z1qcYe\" data-sfc-cp=\"\" data-sfc-root=\"c\" data-sfc-cb=\"\" data-hveid=\"CAEIEBAD\" data-complete=\"true\" data-sae=\"\"><span class=\"T286Pc\" data-sfc-cp=\"\" data-sfc-root=\"c\" data-sfc-cb=\"\" data-complete=\"true\"><strong class=\"Yjhzub\" data-sfc-root=\"c\" data-sfc-cb=\"\" data-complete=\"true\">Construction Durable :<\/strong> Les coutures plates renforc\u00e9es assurent une solidit\u00e9 \u00e0 toute \u00e9preuve lors de l&#8217;enfilage et une durabilit\u00e9 accrue face au chlore.<\/span><\/li>\n<\/ul>\n<div class=\"Y3BBE\" data-sfc-cp=\"\" data-sfc-root=\"c\" data-sfc-cb=\"\" data-hveid=\"CAEIERAA\" data-complete=\"true\" data-processed=\"true\"><strong class=\"Yjhzub\" data-sfc-root=\"c\" data-sfc-cb=\"\" data-complete=\"true\" data-processed=\"true\">Sp\u00e9cifications techniques :<\/strong><\/div>\n<ul class=\"KsbFXc U6u95\" data-sfc-root=\"c\" data-sfc-cb=\"\" data-processed=\"true\" data-complete=\"true\">\n<li class=\"Z1qcYe\" data-sfc-cp=\"\" data-sfc-root=\"c\" data-sfc-cb=\"\" data-hveid=\"CAEIEhAA\" data-complete=\"true\" data-sae=\"\"><span class=\"T286Pc\" data-sfc-cp=\"\" data-sfc-root=\"c\" data-sfc-cb=\"\" data-complete=\"true\"><strong class=\"Yjhzub\" data-sfc-root=\"c\" data-sfc-cb=\"\" data-complete=\"true\">Mati\u00e8re :<\/strong>\u00a065% Polyamide recycl\u00e9 \/ 35% \u00c9lasthanne.<\/span><\/li>\n<li class=\"Z1qcYe\" data-sfc-cp=\"\" data-sfc-root=\"c\" data-sfc-cb=\"\" data-hveid=\"CAEIEhAB\" data-complete=\"true\" data-sae=\"\"><span class=\"T286Pc\" data-sfc-cp=\"\" data-sfc-root=\"c\" data-sfc-cb=\"\" data-complete=\"true\"><strong class=\"Yjhzub\" data-sfc-root=\"c\" data-sfc-cb=\"\" data-complete=\"true\">Finition :<\/strong>\u00a0Cordon de serrage plat pour un maintien s\u00e9curis\u00e9 sans points de pression.<\/span><\/li>\n<li class=\"Z1qcYe\" data-sfc-cp=\"\" data-sfc-root=\"c\" data-sfc-cb=\"\" data-hveid=\"CAEIEhAC\" data-sae=\"\" data-complete=\"true\"><span class=\"T286Pc\" data-sfc-cp=\"\" data-sfc-root=\"c\" data-sfc-cb=\"\" data-complete=\"true\"><strong class=\"Yjhzub\" data-sfc-root=\"c\" data-sfc-cb=\"\" data-complete=\"true\">Entretien :<\/strong> Rincer \u00e0 l&#8217;eau froide apr\u00e8s usage et s\u00e9cher \u00e0 plat.<\/span><\/li>\n<\/ul>\n<div data-xid=\"Gd7Hsc\" data-sfc-cp=\"\" data-sfc-root=\"c\" data-wiz-uids=\"U5EDvf_4c\" data-sfc-cb=\"\" data-complete=\"true\" data-processed=\"true\">\n<div class=\"DBd2Wb\" data-complete=\"true\" data-processed=\"true\">\n<div data-sfc-root=\"c\" data-sfc-cb=\"\" data-complete=\"true\" data-processed=\"true\">\n<div class=\"v4bSkd\" data-processed=\"true\"><\/div>\n<\/div>\n<div class=\"zkL70c\" data-processed=\"true\">\n<div class=\"RkJvxe\" data-sfc-root=\"c\" data-wiz-uids=\"U5EDvf_4f\" data-sfc-cb=\"\" data-complete=\"true\" data-processed=\"true\">\n<div class=\"YHsVn\" data-sfc-cp=\"\" data-sfc-root=\"c\" data-wiz-uids=\"U5EDvf_4h,U5EDvf_4i,U5EDvf_4j\" data-sfc-cb=\"\" data-complete=\"true\" data-processed=\"true\">\n<div class=\"\" data-processed=\"true\"><\/div>\n<\/div>\n<\/div>\n<div data-xid=\"YruvMc\" data-sfc-root=\"c\" data-sfc-cb=\"\" data-complete=\"true\" data-processed=\"true\">\n<div class=\"OUQe0e\" data-processed=\"true\">\n<div id=\"shrproxy43\" class=\"bQ0Yzc\" data-ved=\"0CAAQp4QQahcKEwjwmvHtzYSUAxUAAAAAHQAAAAAQbw\" data-hveid=\"0\" data-processed=\"true\">\n<div class=\"\"><\/div>\n<div><\/div>\n<div><\/div>\n<\/div>\n<\/div>\n<\/div>\n<div data-sfc-root=\"c\" data-wiz-uids=\"U5EDvf_56,U5EDvf_57,U5EDvf_58\" data-sfc-cb=\"\" data-complete=\"true\" data-processed=\"true\">\n<div id=\"fbproxy44\" class=\"UrecDd\" data-processed=\"true\">\n<div class=\"YHsVn\" data-sfc-cp=\"\" data-sfc-root=\"c\" data-wiz-uids=\"U5EDvf_5a,U5EDvf_5b,U5EDvf_5c\" data-sfc-cb=\"\" data-complete=\"true\" data-processed=\"true\"><\/div>\n<div class=\"YHsVn\" data-sfc-cp=\"\" data-sfc-root=\"c\" data-wiz-uids=\"U5EDvf_5e,U5EDvf_5f,U5EDvf_5g\" data-sfc-cb=\"\" data-complete=\"true\" data-processed=\"true\"><\/div>\n<\/div>\n<\/div>\n<div class=\"FYF80\" data-processed=\"true\"><\/div>\n<\/div>\n<\/div>\n<div data-zzy=\"1\" data-processed=\"true\"><\/div>\n<\/div>\n<div class=\"Fsg96\" data-sfc-cp=\"\" data-sfc-root=\"c\" data-sfc-cb=\"\" data-complete=\"true\" data-processed=\"true\"><\/div>\n<div data-subtree=\"aimba\" data-sfc-cp=\"\" data-sfc-root=\"c\" data-sfc-cb=\"\" data-complete=\"true\" data-processed=\"true\">\n<div class=\"Jd31eb\" data-sfc-root=\"c\" data-sfc-cb=\"\" data-complete=\"true\" data-processed=\"true\">\n<div class=\"cycAue\" data-ved=\"2ahUKEwj_ooOd04SUAxXcV6QEHdemK1cQ3OMSegYIAQgXEAA\" data-hveid=\"CAEIFxAA\" data-processed=\"true\"><\/div>\n<\/div>\n<\/div>\n<\/div>\n<div class=\"SGF5Lb\" data-processed=\"true\">\n<div data-container-id=\"6\" data-processed=\"true\"><\/div>\n<\/div>\n<div class=\"SGF5Lb\" data-processed=\"true\">\n<div data-container-id=\"7\" data-processed=\"true\"><\/div>\n<\/div>\n<div class=\"SGF5Lb\" data-processed=\"true\">\n<div data-container-id=\"8\" data-processed=\"true\"><\/div>\n<\/div>\n<div class=\"SGF5Lb\" data-processed=\"true\">\n<div data-container-id=\"9\" data-processed=\"true\"><\/div>\n<\/div>\n<div class=\"SGF5Lb\" data-processed=\"true\">\n<div data-container-id=\"10\" data-processed=\"true\"><\/div>\n<\/div>\n<div class=\"SGF5Lb\" data-processed=\"true\">\n<div data-container-id=\"11\" data-processed=\"true\"><\/div>\n<\/div>\n<div class=\"SGF5Lb\" data-processed=\"true\">\n<div data-container-id=\"12\" data-processed=\"true\"><\/div>\n<\/div>\n<\/div>\n<div class=\"\" data-sfc-root=\"c\" data-sfc-cb=\"\" data-complete=\"true\" data-processed=\"true\">\n<div class=\"ofHStc\" data-container-id=\"rhs-col\" data-sfc-root=\"c\" data-sfc-cb=\"\" data-ved=\"2ahUKEwj_ooOd04SUAxXcV6QEHdemK1cQ3aYQegYIAQgAEAI\" data-processed=\"true\">\n<div data-container-id=\"14\" data-processed=\"true\"><\/div>\n<\/div>\n<\/div>\n<div data-xid=\"aQR2uf\" data-processed=\"true\"><\/div>\n<div data-sfc-root=\"c\" data-wiz-uids=\"U5EDvf_a,U5EDvf_b\" data-sfc-cb=\"rnAwJc=&amp;U5EDvf_1:bREfu\" data-complete=\"true\" data-processed=\"true\"><\/div>\n<\/div>\n<\/div>\n<div data-processed=\"true\"><\/div>\n<div data-processed=\"true\"><\/div>\n<div data-processed=\"true\"><\/div>\n<div data-processed=\"true\"><\/div>\n<div data-processed=\"true\"><\/div>\n<div data-processed=\"true\"><\/div>\n<div data-processed=\"true\"><\/div>\n<div data-processed=\"true\"><\/div>\n<div data-processed=\"true\"><\/div>\n<div data-processed=\"true\"><\/div>\n<div data-processed=\"true\"><\/div>\n<div data-processed=\"true\"><\/div>\n<div data-processed=\"true\"><\/div>\n<div data-processed=\"true\"><\/div>\n<div data-processed=\"true\"><\/div>\n<div data-processed=\"true\"><\/div>\n<div data-processed=\"true\"><\/div>\n<div data-processed=\"true\"><\/div>\n<div data-processed=\"true\"><\/div>\n<div data-processed=\"true\"><\/div>\n<div data-processed=\"true\"><\/div>\n<div data-processed=\"true\"><\/div>\n<div data-processed=\"true\"><\/div>\n<div data-processed=\"true\"><\/div>\n<div data-processed=\"true\"><\/div>\n<div data-processed=\"true\"><\/div>\n<div data-processed=\"true\"><\/div>\n<div data-processed=\"true\"><\/div>\n<div data-processed=\"true\"><\/div>\n<div data-processed=\"true\"><\/div>\n<div data-processed=\"true\"><\/div>\n<div data-processed=\"true\"><\/div>\n<div data-processed=\"true\"><\/div>\n<div data-processed=\"true\"><\/div>\n<div data-mcsf=\"true\" data-processed=\"true\"><\/div>\n<\/div>\n<\/div>\n<\/div>\n<\/div>\n<\/div>\n<div class=\"maNQof hh3ttd\"><\/div>\n<div class=\"y4VEUd vve6Ce\">\n<div class=\"t0ITR hh3ttd\">\n<div data-sfc-root=\"c\" data-wiz-uids=\"YrL2nc_37,YrL2nc_38,YrL2nc_39,YrL2nc_3a,YrL2nc_3b,YrL2nc_3c,YrL2nc_3d,YrL2nc_3e,YrL2nc_3f,YrL2nc_3g,YrL2nc_3h,YrL2nc_3i,YrL2nc_3j\" data-sfc-cb=\"lc6cze=&amp;YrL2nc_0:w9Opme;TlpD4=&amp;YrL2nc_0:vAEM8;vNEa7c=&amp;YrL2nc_0:KpV9hd\">\n<div class=\"UAbVe AdSAi iUTYAe YBkage sk67dc\" data-xid=\"aim-mars-input-plate\" data-active=\"input-plate-active\">\n<div><\/div>\n<div class=\"AgWCw\">\n<div class=\"Zze5V\" aria-hidden=\"true\" data-wiz-attrbind=\"class=YrL2nc_36\/ycmk7d\"><\/div>\n<div class=\"jUiaTd\" role=\"presentation\"><\/div>\n<div class=\"esoFne\" role=\"presentation\">\n<div class=\"yaj8zd\" role=\"presentation\">\n<div class=\"iLxK4c DoMzQb\" data-wiz-attrbind=\"class=YrL2nc_3k\/R4Tih\" data-sfc-root=\"c\" data-sfc-cb=\"\"><\/div>\n<\/div>\n<\/div>\n<\/div>\n<\/div>\n<\/div>\n<\/div>\n<\/div>","protected":false},"excerpt":{"rendered":"<div class=\"Y3BBE\" data-sfc-cp=\"\" data-sfc-root=\"c\" data-sfc-cb=\"\" data-hveid=\"CAEIBBAA\" data-complete=\"true\" data-processed=\"true\"><strong class=\"Yjhzub\" data-sfc-root=\"c\" data-sfc-cb=\"\" data-complete=\"true\" data-processed=\"true\">Explosivit\u00e9 et innovation durable avec l&#8217;\u00e9dition limit\u00e9e Fireflow !<\/strong><\/div>\n<div data-sfc-cp=\"\" data-sfc-root=\"c\" data-sfc-cb=\"\" data-hveid=\"CAEIBBAA\" data-complete=\"true\" data-processed=\"true\"><\/div>\n<div class=\"Y3BBE\" data-sfc-cp=\"\" data-sfc-root=\"c\" data-sfc-cb=\"\" data-hveid=\"CAEIBRAA\" data-complete=\"true\" data-processed=\"true\">Le\u00a0<strong class=\"Yjhzub\" data-sfc-root=\"c\" data-sfc-cb=\"\" data-complete=\"true\" data-processed=\"true\">Jammer Arena Powerskin ST Next Fireflow Seaglass<\/strong>\u00a0est le choix ultime pour les nageurs cherchant l&#8217;\u00e9quilibre parfait entre compression et confort. Premier maillot de course au monde con\u00e7u \u00e0 partir de tissus recycl\u00e9s, il est\u00a0<strong class=\"Yjhzub\" data-sfc-root=\"c\" data-sfc-cb=\"\" data-complete=\"true\" data-processed=\"true\">20 % plus l\u00e9ger<\/strong> que le ST 2.0, offrant une glisse exceptionnelle et une tra\u00een\u00e9e minimale pour vos comp\u00e9titions les plus exigeantes.<\/div>\n<ul class=\"KsbFXc U6u95\" data-sfc-root=\"c\" data-sfc-cb=\"\" data-complete=\"true\" data-processed=\"true\">\n<li class=\"Z1qcYe\" data-sfc-cp=\"\" data-sfc-root=\"c\" data-sfc-cb=\"\" data-hveid=\"CAEIBhAA\" data-complete=\"true\" data-sae=\"\"><span class=\"T286Pc\" data-sfc-cp=\"\" data-sfc-root=\"c\" data-sfc-cb=\"\" data-complete=\"true\"><strong class=\"Yjhzub\" data-sfc-root=\"c\" data-sfc-cb=\"\" data-complete=\"true\">Id\u00e9al pour :<\/strong>\u00a0Comp\u00e9titions (toutes distances) et entra\u00eenements de haut niveau.<\/span><\/li>\n<li class=\"Z1qcYe\" data-sfc-cp=\"\" data-sfc-root=\"c\" data-sfc-cb=\"\" data-hveid=\"CAEIBhAB\" data-complete=\"true\" data-sae=\"\"><span class=\"T286Pc\" data-sfc-cp=\"\" data-sfc-root=\"c\" data-sfc-cb=\"\" data-complete=\"true\"><strong class=\"Yjhzub\" data-sfc-root=\"c\" data-sfc-cb=\"\" data-complete=\"true\">Technologie :<\/strong>\u00a060 % de fibres recycl\u00e9es pour une performance \u00e9co-responsable.<\/span><\/li>\n<li class=\"Z1qcYe\" data-sfc-cp=\"\" data-sfc-root=\"c\" data-sfc-cb=\"\" data-hveid=\"CAEIBhAC\" data-complete=\"true\" data-sae=\"\"><span class=\"T286Pc\" data-sfc-cp=\"\" data-sfc-root=\"c\" data-sfc-cb=\"\" data-complete=\"true\"><strong class=\"Yjhzub\" data-sfc-root=\"c\" data-sfc-cb=\"\" data-complete=\"true\">Maintien :<\/strong>\u00a0Compression cibl\u00e9e des muscles pour une stabilit\u00e9 du tronc et des hanches.<\/span><\/li>\n<li class=\"Z1qcYe\" data-sfc-cp=\"\" data-sfc-root=\"c\" data-sfc-cb=\"\" data-hveid=\"CAEIBhAD\" data-complete=\"true\" data-sae=\"\"><span class=\"T286Pc\" data-sfc-cp=\"\" data-sfc-root=\"c\" data-sfc-cb=\"\" data-complete=\"true\"><strong class=\"Yjhzub\" data-sfc-root=\"c\" data-sfc-cb=\"\" data-complete=\"true\">Certifi\u00e9 :<\/strong>\u00a0Approuv\u00e9 par\u00a0<strong class=\"Yjhzub\" data-sfc-root=\"c\" data-sfc-cb=\"\" data-complete=\"true\">World Aquatics (FINA)<\/strong>.<\/span><\/li>\n<li data-sfc-cp=\"\" data-sfc-root=\"c\" data-sfc-cb=\"\" data-hveid=\"CAEIBhAC\" data-complete=\"true\" data-sae=\"\"><\/li>\n<\/ul>","protected":false},"featured_media":46785,"comment_status":"open","ping_status":"closed","template":"","meta":[],"product_brand":[326],"product_cat":[60,126,41],"product_tag":[204],"class_list":{"0":"post-46781","1":"product","2":"type-product","3":"status-publish","4":"has-post-thumbnail","6":"product_brand-arena","7":"product_cat-fina","8":"product_cat-maillot-competition","9":"product_cat-natation","10":"product_tag-edition-limitee-caiman","11":"zank_product_brands-arena","12":"nt-post-class","13":"","19":"first","20":"instock","21":"taxable","22":"shipping-taxable","23":"purchasable","24":"product-type-variable"},"_links":{"self":[{"href":"https:\/\/www.infinitri.be\/de\/wp-json\/wp\/v2\/product\/46781","targetHints":{"allow":["GET"]}}],"collection":[{"href":"https:\/\/www.infinitri.be\/de\/wp-json\/wp\/v2\/product"}],"about":[{"href":"https:\/\/www.infinitri.be\/de\/wp-json\/wp\/v2\/types\/product"}],"replies":[{"embeddable":true,"href":"https:\/\/www.infinitri.be\/de\/wp-json\/wp\/v2\/comments?post=46781"}],"wp:featuredmedia":[{"embeddable":true,"href":"https:\/\/www.infinitri.be\/de\/wp-json\/wp\/v2\/media\/46785"}],"wp:attachment":[{"href":"https:\/\/www.infinitri.be\/de\/wp-json\/wp\/v2\/media?parent=46781"}],"wp:term":[{"taxonomy":"product_brand","embeddable":true,"href":"https:\/\/www.infinitri.be\/de\/wp-json\/wp\/v2\/product_brand?post=46781"},{"taxonomy":"product_cat","embeddable":true,"href":"https:\/\/www.infinitri.be\/de\/wp-json\/wp\/v2\/product_cat?post=46781"},{"taxonomy":"product_tag","embeddable":true,"href":"https:\/\/www.infinitri.be\/de\/wp-json\/wp\/v2\/product_tag?post=46781"}],"curies":[{"name":"wp","href":"https:\/\/api.w.org\/{rel}","templated":true}]}}