{"id":28401,"date":"2025-12-25T16:45:12","date_gmt":"2025-12-25T16:45:12","guid":{"rendered":"https:\/\/www.infinitri.be\/?post_type=product&#038;p=28401"},"modified":"2026-04-04T17:34:02","modified_gmt":"2026-04-04T16:34:02","slug":"fusion-s3-cycling-jacket-unisexe","status":"publish","type":"product","link":"https:\/\/www.infinitri.be\/en\/product\/fusion-s3-cycling-jacket-unisexe\/","title":{"rendered":"Fusion S3 Cycling Jacket Unisex"},"content":{"rendered":"<p><!--themify_builder_static--><\/p>\n<h1 style=\"text-align: center;\">Description \u2699<\/h1>\n<p style=\"text-align: left;\">La veste S3 CYCLING JACKET est fabriqu\u00e9e \u00e0 partir d&#8217;un lamin\u00e9 3 couches hautement extensible qui est \u00e0 la fois hautement isolant, hydrofuge et offre un ajustement confortable pour de nombreux types de corps. Ainsi, quel que soit le temps qu&#8217;il fait en hiver, cette veste super confortable vous garde au chaud et au sec, avec simplement un C3 Merino LS comme couche de base.<\/p>\n<p style=\"text-align: left;\">Une longueur suppl\u00e9mentaire dans le dos prot\u00e8ge de l&#8217;eau provenant de la roue arri\u00e8re lorsque vous roulez sans garde-boue. La veste poss\u00e8de une fermeture \u00e9clair \u00e0 l&#8217;avant et des poches fonctionnelles \u00e0 l&#8217;arri\u00e8re. Haute visibilit\u00e9 gr\u00e2ce \u00e0 la fonction r\u00e9flexe orient\u00e9e vers l&#8217;arri\u00e8re et \u00e0 la fonction r\u00e9fl\u00e9chissante \u00e0 360 degr\u00e9s. La coupe est moyenne et ajust\u00e9e.<\/p>\n<p style=\"text-align: left;\">Recommand\u00e9 pour l&#8217;entra\u00eenement cycliste.<\/p>\n<p><img fetchpriority=\"high\" decoding=\"async\" src=\"https:\/\/infinitri.be\/wp-content\/uploads\/2023\/02\/S3-Cycling-Jacket_0039_Black_6f_v3-4827358_750x-545x545.webp\" width=\"545\" height=\"545\" title=\"S3-Cycling-Jacket_0039_Black_6f_v3-4827358_750x\" alt=\"S3-Cycling-Jacket_0039_Black_6f_v3-4827358_750x\" srcset=\"https:\/\/infinitri.be\/wp-content\/uploads\/2023\/02\/S3-Cycling-Jacket_0039_Black_6f_v3-4827358_750x-545x545.webp 545w, https:\/\/infinitri.be\/wp-content\/uploads\/2023\/02\/S3-Cycling-Jacket_0039_Black_6f_v3-4827358_750x-300x300.webp 300w, https:\/\/infinitri.be\/wp-content\/uploads\/2023\/02\/S3-Cycling-Jacket_0039_Black_6f_v3-4827358_750x-100x100.webp 100w, https:\/\/infinitri.be\/wp-content\/uploads\/2023\/02\/S3-Cycling-Jacket_0039_Black_6f_v3-4827358_750x-2x3.webp 2w, https:\/\/infinitri.be\/wp-content\/uploads\/2023\/02\/S3-Cycling-Jacket_0039_Black_6f_v3-4827358_750x-150x150.webp 150w\" sizes=\"(max-width: 545px) 100vw, 545px\" \/><\/p>\n<h1>Technical Specifications<\/h1>\n<ul>\n<li>Le tissu S3 hautement \u00e9lastique assure un ajustement serr\u00e9 et confortable pour la plupart des types de corps. Tissu produit en Italie<\/li>\n<li>La respirabilit\u00e9 exceptionnelle assure un confort accru dans une large gamme de temp\u00e9ratures.<\/li>\n<li>Un grand logo r\u00e9fl\u00e9chissant orient\u00e9 vers l&#8217;arri\u00e8re assure la visibilit\u00e9 du trafic suivant et offre une protection contre les \u00e9claboussures.<\/li>\n<li>Visibilit\u00e9 r\u00e9fl\u00e9chissante \u00e0 360 degr\u00e9s en cas de faible luminosit\u00e9<\/li>\n<li>Unisex products<\/li>\n<li>Manufactured in Europe at the FUSION factory.<\/li>\n<li>Product certified STANDARD 100 by OEKO-TEX\u00ae. This means that all components, such as fabrics, threads, transfers, zippers, elastic, labels, etc., are tested and approved in accordance with the standard and therefore do not contain any harmful substances.<\/li>\n<\/ul>\n<p><svg> <circle r=\"calc(50% - 1.50px)\" cx=\"50%\" cy=\"50%\" stroke-width=\"3\"\/> <circle r=\"calc(50% - 1.50px)\" cx=\"50%\" cy=\"50%\" stroke=\"#000000\" stroke-width=\"3\" data-progress=\"100\" stroke-dasharray=\"0,10000\"\/> <\/svg> <em style=\"color:#000000\"><svg aria-hidden=\"true\"><use href=\"#tf-fas-wind\"><\/use><\/svg><\/em> <\/p>\n<p>WIND PROTECTION \u2605\u2605\u2605\u2605\u2605<\/p>\n<p><svg> <circle r=\"calc(50% - 1.50px)\" cx=\"50%\" cy=\"50%\" stroke-width=\"3\"\/> <circle r=\"calc(50% - 1.50px)\" cx=\"50%\" cy=\"50%\" stroke=\"#000000\" stroke-width=\"3\" data-progress=\"100\" stroke-dasharray=\"0,10000\"\/> <\/svg> <em style=\"color:#000000\"><svg aria-hidden=\"true\"><use href=\"#tf-fas-water\"><\/use><\/svg><\/em> <\/p>\n<p>RAIN PROTECTION \u2605\u2605\u2605\u2605\u2605<\/p>\n<p><svg> <circle r=\"calc(50% - 1.50px)\" cx=\"50%\" cy=\"50%\" stroke-width=\"3\"\/> <circle r=\"calc(50% - 1.50px)\" cx=\"50%\" cy=\"50%\" stroke=\"#000000\" stroke-width=\"3\" data-progress=\"100\" stroke-dasharray=\"0,10000\"\/> <\/svg> <em style=\"color:#000000\"><svg aria-hidden=\"true\"><use href=\"#tf-fas-running\"><\/use><\/svg><\/em> <\/p>\n<p style=\"text-align: center;\">LIGHTNESS \u2605\u2605\u2605<\/p>\n<p><svg> <circle r=\"calc(50% - 1.50px)\" cx=\"50%\" cy=\"50%\" stroke-width=\"3\"\/> <circle r=\"calc(50% - 1.50px)\" cx=\"50%\" cy=\"50%\" stroke=\"#000000\" stroke-width=\"3\" data-progress=\"100\" stroke-dasharray=\"0,10000\"\/> <\/svg> <em style=\"color:#000000\"><svg aria-hidden=\"true\"><use href=\"#tf-fas-male\"><\/use><\/svg><\/em> <\/p>\n<p>SLIM FIT \u2605\u2605\u2605\u2605<\/p>\n<p><svg> <circle r=\"calc(50% - 1.50px)\" cx=\"50%\" cy=\"50%\" stroke-width=\"3\"\/> <circle r=\"calc(50% - 1.50px)\" cx=\"50%\" cy=\"50%\" stroke=\"#000000\" stroke-width=\"3\" data-progress=\"100\" stroke-dasharray=\"0,10000\"\/> <\/svg> <em style=\"color:#000000\"><svg aria-hidden=\"true\"><use href=\"#tf-fas-compress-alt\"><\/use><\/svg><\/em> <\/p>\n<p>NIVEAU DE COMPRESSION \u2605\u2605<\/p>\n<h1 style=\"text-align: center;\">Material \ud83d\udc56<\/h1>\n<p style=\"text-align: left;\">Devant de la veste : 73% nylon, 27% \u00e9lasthanne<\/p>\n<p style=\"text-align: left;\">Dos de la veste : 100% polyester<\/p>\n<p style=\"text-align: left;\">Membrane : 100% polyur\u00e9thane<\/p>\n<p style=\"text-align: left;\">Utilisation de -5\u00b0C \u00e0 5\u00b0C<\/p>\n<p><img decoding=\"async\" src=\"https:\/\/infinitri.be\/wp-content\/uploads\/2023\/02\/S3-Cycling-Jacket_0039_Orange_4f_v2-4636492_750x-545x545.webp\" width=\"545\" height=\"545\" title=\"S3-Cycling-Jacket_0039_Orange_4f_v2-4636492_750x\" alt=\"S3-Cycling-Jacket_0039_Orange_4f_v2-4636492_750x\" srcset=\"https:\/\/infinitri.be\/wp-content\/uploads\/2023\/02\/S3-Cycling-Jacket_0039_Orange_4f_v2-4636492_750x-545x545.webp 545w, https:\/\/infinitri.be\/wp-content\/uploads\/2023\/02\/S3-Cycling-Jacket_0039_Orange_4f_v2-4636492_750x-300x300.webp 300w, https:\/\/infinitri.be\/wp-content\/uploads\/2023\/02\/S3-Cycling-Jacket_0039_Orange_4f_v2-4636492_750x-100x100.webp 100w, https:\/\/infinitri.be\/wp-content\/uploads\/2023\/02\/S3-Cycling-Jacket_0039_Orange_4f_v2-4636492_750x-2x3.webp 2w, https:\/\/infinitri.be\/wp-content\/uploads\/2023\/02\/S3-Cycling-Jacket_0039_Orange_4f_v2-4636492_750x-150x150.webp 150w\" sizes=\"(max-width: 545px) 100vw, 545px\" \/><br \/>\n<img decoding=\"async\" src=\"https:\/\/infinitri.be\/wp-content\/uploads\/2023\/02\/S3-Cycling-Jacket_0039_Black_8d_V3-4827364_750x-545x545.webp\" width=\"545\" height=\"545\" title=\"S3-Cycling-Jacket_0039_Black_8d_V3-4827364_750x\" alt=\"S3-Cycling-Jacket_0039_Black_8d_V3-4827364_750x\" srcset=\"https:\/\/infinitri.be\/wp-content\/uploads\/2023\/02\/S3-Cycling-Jacket_0039_Black_8d_V3-4827364_750x-545x545.webp 545w, https:\/\/infinitri.be\/wp-content\/uploads\/2023\/02\/S3-Cycling-Jacket_0039_Black_8d_V3-4827364_750x-300x300.webp 300w, https:\/\/infinitri.be\/wp-content\/uploads\/2023\/02\/S3-Cycling-Jacket_0039_Black_8d_V3-4827364_750x-100x100.webp 100w, https:\/\/infinitri.be\/wp-content\/uploads\/2023\/02\/S3-Cycling-Jacket_0039_Black_8d_V3-4827364_750x-2x3.webp 2w, https:\/\/infinitri.be\/wp-content\/uploads\/2023\/02\/S3-Cycling-Jacket_0039_Black_8d_V3-4827364_750x-150x150.webp 150w, https:\/\/infinitri.be\/wp-content\/uploads\/2023\/02\/S3-Cycling-Jacket_0039_Black_8d_V3-4827364_750x-600x600.webp 600w, https:\/\/infinitri.be\/wp-content\/uploads\/2023\/02\/S3-Cycling-Jacket_0039_Black_8d_V3-4827364_750x-28x28.webp 28w\" sizes=\"(max-width: 545px) 100vw, 545px\" \/><\/p>\n<h1 style=\"text-align: center;\">Maintenance tips \ud83d\udca1<\/h1>\n<p>Wash it before its first use. If you add a little vinegar during the first wash, the color will remain brighter and last longer.<\/p>\n<p>Wash your sportswear at a maximum temperature of 40\u00b0C. Do not use detergent or bleach.<\/p>\n<p>The use of detergent will limit the transport of moisture from the product.<\/p>\n<p>Air dry your FUSION sportswear. Do not tumble dry.<\/p>\n<p>Be careful with sharp objects, edges, and Velcro strips on backpacks, belts, and other items that rub against the fabric and seams of your clothing. This can tear the fabric and seams of your FUSION sportswear.<\/p>\n<h1 style=\"text-align: center;\">What is my height?\u00a0<\/h1>\n<p><img decoding=\"async\" src=\"https:\/\/infinitri.be\/wp-content\/uploads\/2023\/02\/s3-cycling-jacket-size.png\" title=\"s3-cycling-jacket-size\" alt=\"s3-cycling-jacket-size\" srcset=\"https:\/\/infinitri.be\/wp-content\/uploads\/2023\/02\/s3-cycling-jacket-size.png 885w, https:\/\/infinitri.be\/wp-content\/uploads\/2023\/02\/s3-cycling-jacket-size-2x1.png 2w, https:\/\/infinitri.be\/wp-content\/uploads\/2023\/02\/s3-cycling-jacket-size-300x150.png 300w, https:\/\/infinitri.be\/wp-content\/uploads\/2023\/02\/s3-cycling-jacket-size-768x384.png 768w\" sizes=\"(max-width: 885px) 100vw, 885px\" \/><br \/>\n<img loading=\"lazy\" decoding=\"async\" src=\"https:\/\/infinitri.be\/wp-content\/uploads\/2023\/01\/fusion-logo-expanded.svg\" width=\"545\" height=\"545\" title=\"merger-logo-expanded\" alt=\"fusion-logo-expanded\"><!--\/themify_builder_static--><\/p>","protected":false},"excerpt":{"rendered":"<p>Veste de cyclisme chaude, protectrice et respirante pour l&#8217;entra\u00eenement au printemps, en automne et surtout en hiver &#8211; <strong>unisex<\/strong>. Une veste de cyclisme protectrice et respirante pour l&#8217;entra\u00eenement dans des conditions froides et humides au printemps, en automne et surtout en hiver. Pour les hommes et les femmes.<br \/>\nCe produit est de taille NORMALE. Choisissez la taille que vous utilisez normalement, mais attendez-vous \u00e0 un ajustement relativement serr\u00e9. Si vous \u00eates typiquement entre deux tailles et que vous souhaitez un ajustement l\u00e9g\u00e8rement plus l\u00e2che, choisissez la taille sup\u00e9rieure.<\/p>","protected":false},"featured_media":368,"comment_status":"open","ping_status":"closed","template":"","meta":[],"product_brand":[331],"product_cat":[37,38],"product_tag":[],"class_list":{"0":"post-28401","1":"product","2":"type-product","3":"status-publish","4":"has-post-thumbnail","6":"product_brand-fusion","7":"product_cat-cyclisme","8":"product_cat-vestes-et-coupe-vent","9":"zank_product_brands-fusion","10":"nt-post-class","11":"","17":"first","18":"instock","19":"taxable","20":"shipping-taxable","21":"purchasable","22":"product-type-variable"},"_links":{"self":[{"href":"https:\/\/www.infinitri.be\/en\/wp-json\/wp\/v2\/product\/28401","targetHints":{"allow":["GET"]}}],"collection":[{"href":"https:\/\/www.infinitri.be\/en\/wp-json\/wp\/v2\/product"}],"about":[{"href":"https:\/\/www.infinitri.be\/en\/wp-json\/wp\/v2\/types\/product"}],"replies":[{"embeddable":true,"href":"https:\/\/www.infinitri.be\/en\/wp-json\/wp\/v2\/comments?post=28401"}],"wp:featuredmedia":[{"embeddable":true,"href":"https:\/\/www.infinitri.be\/en\/wp-json\/wp\/v2\/media\/368"}],"wp:attachment":[{"href":"https:\/\/www.infinitri.be\/en\/wp-json\/wp\/v2\/media?parent=28401"}],"wp:term":[{"taxonomy":"product_brand","embeddable":true,"href":"https:\/\/www.infinitri.be\/en\/wp-json\/wp\/v2\/product_brand?post=28401"},{"taxonomy":"product_cat","embeddable":true,"href":"https:\/\/www.infinitri.be\/en\/wp-json\/wp\/v2\/product_cat?post=28401"},{"taxonomy":"product_tag","embeddable":true,"href":"https:\/\/www.infinitri.be\/en\/wp-json\/wp\/v2\/product_tag?post=28401"}],"curies":[{"name":"wp","href":"https:\/\/api.w.org\/{rel}","templated":true}]}}