{"id":28660,"date":"2025-12-25T16:45:40","date_gmt":"2025-12-25T16:45:40","guid":{"rendered":"https:\/\/www.infinitri.be\/?post_type=product&#038;p=28660"},"modified":"2026-04-04T17:30:06","modified_gmt":"2026-04-04T16:30:06","slug":"arena-slow-motion-court","status":"publish","type":"product","link":"https:\/\/www.infinitri.be\/en\/product\/arena-slow-motion-court\/","title":{"rendered":"Arena - Slow Motion Court"},"content":{"rendered":"<p>The ultra-chlorine-resistant MaxLife Eco fabric with integrated UPF 50+ UV protection is durable and quick-drying. This new eco-responsible version of arenaMaxLife fabric contains at least 50% of polyester recycled from PET plastic bottles. What's more, it comes from a production process optimized to save energy, reduce CO2 emissions and minimize water consumption. Features a front lining. Adjustable inner drawcord guarantees excellent fit.<\/p>\n<p>Longueur: 14 cm. Tous les composants de ce tissu certifie STANDARD 100 by OEKO-TEX ont ete soumis \u00e0 des contr\u00f4les sur les substances dangereuses afin de garantir un article sans danger pour la sante humaine. Ces contr\u00f4les sont realises dans les instituts de notre partenaire OEKO-TEX independant en fonction d\u2019un ensemble complet de crit\u00e8res d\u2019essai.<\/p>","protected":false},"excerpt":{"rendered":"<p>Le short de bain taille basse tendance, ultra-durable et resistant au chlore arena Slow Motion pour hommes de la ligne Performance d\u2019arena est ideal pour les nageurs competiteurs et les nageurs reguliers, qui nagent souvent en piscine.<\/p>","protected":false},"featured_media":28094,"comment_status":"open","ping_status":"closed","template":"","meta":[],"product_brand":[326],"product_cat":[86,41],"product_tag":[],"class_list":{"0":"post-28660","1":"product","2":"type-product","3":"status-publish","4":"has-post-thumbnail","6":"product_brand-arena","7":"product_cat-maillots","8":"product_cat-natation","9":"zank_product_brands-arena","10":"nt-post-class","11":"","17":"first","18":"instock","19":"sale","20":"taxable","21":"shipping-taxable","22":"purchasable","23":"product-type-variable"},"_links":{"self":[{"href":"https:\/\/www.infinitri.be\/en\/wp-json\/wp\/v2\/product\/28660","targetHints":{"allow":["GET"]}}],"collection":[{"href":"https:\/\/www.infinitri.be\/en\/wp-json\/wp\/v2\/product"}],"about":[{"href":"https:\/\/www.infinitri.be\/en\/wp-json\/wp\/v2\/types\/product"}],"replies":[{"embeddable":true,"href":"https:\/\/www.infinitri.be\/en\/wp-json\/wp\/v2\/comments?post=28660"}],"wp:featuredmedia":[{"embeddable":true,"href":"https:\/\/www.infinitri.be\/en\/wp-json\/wp\/v2\/media\/28094"}],"wp:attachment":[{"href":"https:\/\/www.infinitri.be\/en\/wp-json\/wp\/v2\/media?parent=28660"}],"wp:term":[{"taxonomy":"product_brand","embeddable":true,"href":"https:\/\/www.infinitri.be\/en\/wp-json\/wp\/v2\/product_brand?post=28660"},{"taxonomy":"product_cat","embeddable":true,"href":"https:\/\/www.infinitri.be\/en\/wp-json\/wp\/v2\/product_cat?post=28660"},{"taxonomy":"product_tag","embeddable":true,"href":"https:\/\/www.infinitri.be\/en\/wp-json\/wp\/v2\/product_tag?post=28660"}],"curies":[{"name":"wp","href":"https:\/\/api.w.org\/{rel}","templated":true}]}}