{"id":29451,"date":"2025-12-25T17:18:43","date_gmt":"2025-12-25T17:18:43","guid":{"rendered":"https:\/\/www.infinitri.be\/?post_type=product&#038;p=29451"},"modified":"2026-04-04T17:35:07","modified_gmt":"2026-04-04T16:35:07","slug":"huub-eternal-cuissard-court-homme","status":"publish","type":"product","link":"https:\/\/www.infinitri.be\/en\/product\/huub-eternal-cuissard-court-homme\/","title":{"rendered":"Huub ETERNAL Short Cycling Shorts \u2013 Men"},"content":{"rendered":"<p><!--themify_builder_static--><\/p>\n<h1 style=\"text-align: center\">Description \u2699<\/h1>\n<p style=\"text-align: left\">Il b\u00e9n\u00e9ficie de tissus super doux habituels de HUUB, ce qui le rend confortable au contact de la peau tout en \u00e9tant tr\u00e8s respirant, r\u00e9sistant, facile \u00e0 entretenir et polyvalent dans toutes les conditions.<\/p>\n<p><img fetchpriority=\"high\" decoding=\"async\" src=\"https:\/\/infinitri.be\/wp-content\/uploads\/2023\/04\/ambiance-huub-1024x725-545x545.png\" width=\"545\" height=\"545\" title=\"ambiance huub\" alt=\"ambiance huub\" \/><\/p>\n<h1>Technical Specifications<\/h1>\n<p>&#8211; coupe multi-panneaux pour un ajustement parfait<br \/>\n&#8211; bretelles en maille \u00e0 s\u00e9chage rapide pour plus de confort<br \/>\n&#8211; Fabriqu\u00e9 \u00e0 partir de tissus coupe-vent de la plus haute qualit\u00e9.<br \/>\n&#8211; Griffes de jambe en silicone<br \/>\n&#8211; Peau de chamois haute densit\u00e9 avec des alv\u00e9oles perfor\u00e9es pour le confort et le refroidissement<br \/>\n&#8211; Coutures Flat Lock pour un meilleur ajustement et un plus grand confort<br \/>\n&#8211; Bavette \u00e9lastique en mesh pour une meilleure respirabilit\u00e9.<\/p>\n<p>    <em style=\"color:#000000\"><\/em><\/p>\n<p style=\"text-align: left\">MULTI-PANNEAUX<\/p>\n<p>    <em style=\"color:#000000\"><\/em>ALV\u00c9OLES PERFOR\u00c9ES<\/p>\n<p>    <em style=\"color:#000000\"><\/em>COUTURE FLAT LOCK<\/p>\n<p>    <em style=\"color:#000000\"><\/em>RESPIRABILIT\u00c9<\/p>\n<h1 style=\"text-align: center\">What is my height?<\/h1>\n<p><img decoding=\"async\" src=\"https:\/\/infinitri.be\/wp-content\/uploads\/2023\/04\/huub-bib-size.png\" title=\"huub bib size\" alt=\"huub bib size\" \/><br \/>\n<img decoding=\"async\" src=\"https:\/\/infinitri.be\/wp-content\/uploads\/2023\/04\/huub-strada-2023-1-725x1024-545x545.png\" width=\"545\" height=\"545\" title=\"huub-strada-2023-1\" alt=\"huub-strada-2023-1\" \/><!--\/themify_builder_static--><\/p>","protected":false},"excerpt":{"rendered":"<p>Le cuissard \u00e0 bretelles Eternal offre les meilleures performances pour les longues journ\u00e9es en selle et une excellente protection l\u00e0 o\u00f9 c&#8217;est le plus n\u00e9cessaire.<\/p>","protected":false},"featured_media":29519,"comment_status":"open","ping_status":"closed","template":"","meta":[],"product_brand":[286],"product_cat":[39,37,141],"product_tag":[],"class_list":{"0":"post-29451","1":"product","2":"type-product","3":"status-publish","4":"has-post-thumbnail","6":"product_brand-huub","7":"product_cat-cuissards","8":"product_cat-cyclisme","9":"product_cat-outlet","10":"zank_product_brands-huub","11":"nt-post-class","12":"","18":"first","19":"instock","20":"sale","21":"taxable","22":"shipping-taxable","23":"purchasable","24":"product-type-variable"},"_links":{"self":[{"href":"https:\/\/www.infinitri.be\/en\/wp-json\/wp\/v2\/product\/29451","targetHints":{"allow":["GET"]}}],"collection":[{"href":"https:\/\/www.infinitri.be\/en\/wp-json\/wp\/v2\/product"}],"about":[{"href":"https:\/\/www.infinitri.be\/en\/wp-json\/wp\/v2\/types\/product"}],"replies":[{"embeddable":true,"href":"https:\/\/www.infinitri.be\/en\/wp-json\/wp\/v2\/comments?post=29451"}],"wp:featuredmedia":[{"embeddable":true,"href":"https:\/\/www.infinitri.be\/en\/wp-json\/wp\/v2\/media\/29519"}],"wp:attachment":[{"href":"https:\/\/www.infinitri.be\/en\/wp-json\/wp\/v2\/media?parent=29451"}],"wp:term":[{"taxonomy":"product_brand","embeddable":true,"href":"https:\/\/www.infinitri.be\/en\/wp-json\/wp\/v2\/product_brand?post=29451"},{"taxonomy":"product_cat","embeddable":true,"href":"https:\/\/www.infinitri.be\/en\/wp-json\/wp\/v2\/product_cat?post=29451"},{"taxonomy":"product_tag","embeddable":true,"href":"https:\/\/www.infinitri.be\/en\/wp-json\/wp\/v2\/product_tag?post=29451"}],"curies":[{"name":"wp","href":"https:\/\/api.w.org\/{rel}","templated":true}]}}