{"id":33186,"date":"2025-12-26T15:30:11","date_gmt":"2025-12-26T15:30:11","guid":{"rendered":"https:\/\/www.infinitri.be\/?post_type=product&#038;p=33186"},"modified":"2026-04-23T17:47:02","modified_gmt":"2026-04-23T16:47:02","slug":"huub-gants-de-natation-eau-libre","status":"publish","type":"product","link":"https:\/\/www.infinitri.be\/en\/product\/huub-gants-de-natation-eau-libre\/","title":{"rendered":"Huub - Open water swimming gloves"},"content":{"rendered":"","protected":false},"excerpt":{"rendered":"<p>Les gants en n\u00e9opr\u00e8ne HUUB sont con\u00e7us pour garder vos mains au chaud pendant les baignades en eau froide.<\/p>\n<p>Fabriqu\u00e9s en n\u00e9opr\u00e8ne de haute qualit\u00e9 de 3 mm pour une chaleur et une protection accrues de vos mains.<\/p>","protected":false},"featured_media":33218,"comment_status":"open","ping_status":"closed","template":"","meta":[],"product_brand":[286],"product_cat":[137,57,41,59],"product_tag":[],"class_list":{"0":"post-33186","1":"product","2":"type-product","3":"status-publish","4":"has-post-thumbnail","6":"product_brand-huub","7":"product_cat-accessoires-eau-libre","8":"product_cat-accessoires-natation","9":"product_cat-natation","10":"product_cat-triathlon","11":"zank_product_brands-huub","12":"nt-post-class","13":"","19":"first","20":"instock","21":"taxable","22":"shipping-taxable","23":"purchasable","24":"product-type-variable"},"_links":{"self":[{"href":"https:\/\/www.infinitri.be\/en\/wp-json\/wp\/v2\/product\/33186","targetHints":{"allow":["GET"]}}],"collection":[{"href":"https:\/\/www.infinitri.be\/en\/wp-json\/wp\/v2\/product"}],"about":[{"href":"https:\/\/www.infinitri.be\/en\/wp-json\/wp\/v2\/types\/product"}],"replies":[{"embeddable":true,"href":"https:\/\/www.infinitri.be\/en\/wp-json\/wp\/v2\/comments?post=33186"}],"wp:featuredmedia":[{"embeddable":true,"href":"https:\/\/www.infinitri.be\/en\/wp-json\/wp\/v2\/media\/33218"}],"wp:attachment":[{"href":"https:\/\/www.infinitri.be\/en\/wp-json\/wp\/v2\/media?parent=33186"}],"wp:term":[{"taxonomy":"product_brand","embeddable":true,"href":"https:\/\/www.infinitri.be\/en\/wp-json\/wp\/v2\/product_brand?post=33186"},{"taxonomy":"product_cat","embeddable":true,"href":"https:\/\/www.infinitri.be\/en\/wp-json\/wp\/v2\/product_cat?post=33186"},{"taxonomy":"product_tag","embeddable":true,"href":"https:\/\/www.infinitri.be\/en\/wp-json\/wp\/v2\/product_tag?post=33186"}],"curies":[{"name":"wp","href":"https:\/\/api.w.org\/{rel}","templated":true}]}}