{"id":33312,"date":"2025-12-26T15:38:47","date_gmt":"2025-12-26T15:38:47","guid":{"rendered":"https:\/\/www.infinitri.be\/?post_type=product&#038;p=33312"},"modified":"2026-04-04T17:28:30","modified_gmt":"2026-04-04T16:28:30","slug":"arena-escape-swimsuit-challenge-back-black-waterblue","status":"publish","type":"product","link":"https:\/\/www.infinitri.be\/en\/product\/arena-escape-swimsuit-challenge-back-black-waterblue\/","title":{"rendered":"Arena \u2013 Escape Swimsuit Challenge Back Black Water Blue"},"content":{"rendered":"<p>The ultra-chlorine-resistant MaxLife Eco fabric with integrated UPF 50+ UV protection is durable and quick-drying. This new eco-responsible version of arenaMaxLife fabric contains at least 50% of polyester recycled from PET plastic bottles. What's more, it comes from an optimized production process to save energy, reduce CO? emissions and minimize water consumption. The open back, slim straps and high cut guarantee maximum freedom of movement, excellent feel on the water and reduced drag. All components of this STANDARD 100 by OEKO-TEX-certified fabric have been tested for hazardous substances to ensure that they pose no danger to human health. These checks are carried out in the institutes of our independent OEKO-TEX partner according to a comprehensive set of test criteria.<\/p>\n<p><!--themify_builder_static-->    <em><\/em> <\/p>\n<h3> Chlorine resistant <\/h3>\n<p>Yes<\/p>\n<p>    <em><\/em> <\/p>\n<h3> Material <\/h3>\n<p>\u00a0MaxLife Eco<\/p>\n<p>    <em><\/em> <\/p>\n<h3> Back <\/h3>\n<p>Challenge back<\/p>\n<p>    <em><\/em> <\/p>\n<h3> Cup <\/h3>\n<p>High cut<\/p>\n<p>    <em><\/em> <\/p>\n<h3> Lining <\/h3>\n<p>Front lining<\/p>\n<p>    <em><\/em> <\/p>\n<h3> Training intensity <\/h3>\n<p>Intensive swimming<\/p>\n<p><!--\/themify_builder_static--><\/p>","protected":false},"excerpt":{"rendered":"<p>Le maillot de bain tendance, ultra-durable et r\u00e9sistant au chlore arena camo kikko Challenge Back de la ligne Performance d\u2019arena est id\u00e9al pour les nageuses comp\u00e9titrices et les nageuses r\u00e9guli\u00e8res, qui nagent souvent en piscine.<\/p>","protected":false},"featured_media":33330,"comment_status":"open","ping_status":"closed","template":"","meta":[],"product_brand":[326],"product_cat":[86,41],"product_tag":[],"class_list":{"0":"post-33312","1":"product","2":"type-product","3":"status-publish","4":"has-post-thumbnail","6":"product_brand-arena","7":"product_cat-maillots","8":"product_cat-natation","9":"zank_product_brands-arena","10":"nt-post-class","11":"","17":"first","18":"instock","19":"taxable","20":"shipping-taxable","21":"purchasable","22":"product-type-variable"},"_links":{"self":[{"href":"https:\/\/www.infinitri.be\/en\/wp-json\/wp\/v2\/product\/33312","targetHints":{"allow":["GET"]}}],"collection":[{"href":"https:\/\/www.infinitri.be\/en\/wp-json\/wp\/v2\/product"}],"about":[{"href":"https:\/\/www.infinitri.be\/en\/wp-json\/wp\/v2\/types\/product"}],"replies":[{"embeddable":true,"href":"https:\/\/www.infinitri.be\/en\/wp-json\/wp\/v2\/comments?post=33312"}],"wp:featuredmedia":[{"embeddable":true,"href":"https:\/\/www.infinitri.be\/en\/wp-json\/wp\/v2\/media\/33330"}],"wp:attachment":[{"href":"https:\/\/www.infinitri.be\/en\/wp-json\/wp\/v2\/media?parent=33312"}],"wp:term":[{"taxonomy":"product_brand","embeddable":true,"href":"https:\/\/www.infinitri.be\/en\/wp-json\/wp\/v2\/product_brand?post=33312"},{"taxonomy":"product_cat","embeddable":true,"href":"https:\/\/www.infinitri.be\/en\/wp-json\/wp\/v2\/product_cat?post=33312"},{"taxonomy":"product_tag","embeddable":true,"href":"https:\/\/www.infinitri.be\/en\/wp-json\/wp\/v2\/product_tag?post=33312"}],"curies":[{"name":"wp","href":"https:\/\/api.w.org\/{rel}","templated":true}]}}