{"id":35493,"date":"2025-12-26T21:16:55","date_gmt":"2025-12-26T21:16:55","guid":{"rendered":"https:\/\/www.infinitri.be\/?post_type=product&#038;p=35493"},"modified":"2026-04-04T17:34:35","modified_gmt":"2026-04-04T16:34:35","slug":"huub-bonnets-neoprene","status":"publish","type":"product","link":"https:\/\/www.infinitri.be\/en\/product\/huub-bonnets-neoprene\/","title":{"rendered":"Huub neoprene hats"},"content":{"rendered":"<p>Le bonnet de natation en n\u00e9opr\u00e8ne HUUB est un bonnet de natation enti\u00e8rement r\u00e9glable. Il est dot\u00e9 d&#8217;une sangle r\u00e9glable pour plus de confort lorsque vous nagez en eau libre.<\/p>\n<ul>\n<li>Mentonni\u00e8re r\u00e9glable<\/li>\n<li>N\u00e9opr\u00e8ne de haute qualit\u00e9 de 3 mm pour plus de chaleur<\/li>\n<li>Le bonnet de bain en n\u00e9opr\u00e8ne le plus confortable du march\u00e9Guide des tailles<\/li>\n<\/ul>\n<p>&nbsp;<\/p>\n<p>Guide des tailles<\/p>\n<p>S &#8211; Tour de t\u00eate demoins de 55cm<\/p>\n<p>M &#8211; Tour de t\u00eate 55-59cm<\/p>\n<p>L &#8211; Tour de t\u00eate de plus de 59 cm<\/p>","protected":false},"excerpt":{"rendered":"<p>Le bonnet de natation en n\u00e9opr\u00e8ne HUUB est un bonnet de natation enti\u00e8rement r\u00e9glable. Il est dot\u00e9 d&#8217;une sangle r\u00e9glable pour plus de confort lorsque vous nagez en eau libre.<\/p>","protected":false},"featured_media":35534,"comment_status":"open","ping_status":"closed","template":"","meta":[],"product_brand":[286],"product_cat":[137,15],"product_tag":[],"class_list":{"0":"post-35493","1":"product","2":"type-product","3":"status-publish","4":"has-post-thumbnail","6":"product_brand-huub","7":"product_cat-accessoires-eau-libre","8":"product_cat-non-classe","9":"zank_product_brands-huub","10":"nt-post-class","11":"","17":"first","18":"instock","19":"taxable","20":"shipping-taxable","21":"purchasable","22":"product-type-variable","23":"has-default-attributes"},"_links":{"self":[{"href":"https:\/\/www.infinitri.be\/en\/wp-json\/wp\/v2\/product\/35493","targetHints":{"allow":["GET"]}}],"collection":[{"href":"https:\/\/www.infinitri.be\/en\/wp-json\/wp\/v2\/product"}],"about":[{"href":"https:\/\/www.infinitri.be\/en\/wp-json\/wp\/v2\/types\/product"}],"replies":[{"embeddable":true,"href":"https:\/\/www.infinitri.be\/en\/wp-json\/wp\/v2\/comments?post=35493"}],"wp:featuredmedia":[{"embeddable":true,"href":"https:\/\/www.infinitri.be\/en\/wp-json\/wp\/v2\/media\/35534"}],"wp:attachment":[{"href":"https:\/\/www.infinitri.be\/en\/wp-json\/wp\/v2\/media?parent=35493"}],"wp:term":[{"taxonomy":"product_brand","embeddable":true,"href":"https:\/\/www.infinitri.be\/en\/wp-json\/wp\/v2\/product_brand?post=35493"},{"taxonomy":"product_cat","embeddable":true,"href":"https:\/\/www.infinitri.be\/en\/wp-json\/wp\/v2\/product_cat?post=35493"},{"taxonomy":"product_tag","embeddable":true,"href":"https:\/\/www.infinitri.be\/en\/wp-json\/wp\/v2\/product_tag?post=35493"}],"curies":[{"name":"wp","href":"https:\/\/api.w.org\/{rel}","templated":true}]}}