{"id":36017,"date":"2025-12-27T11:47:37","date_gmt":"2025-12-27T10:47:37","guid":{"rendered":"https:\/\/www.infinitri.be\/?post_type=product&#038;p=36017"},"modified":"2026-04-23T17:43:18","modified_gmt":"2026-04-23T16:43:18","slug":"brownlee-custom-air-2-white-gold-mirror","status":"publish","type":"product","link":"https:\/\/www.infinitri.be\/en\/product\/brownlee-custom-air-2-white-gold-mirror\/","title":{"rendered":"Brownlee Custom Air 2 White \u2013 Gold Mirror"},"content":{"rendered":"<p>The Brownlee 2 Custom Air is the result of combining two of our most popular goggles, the Brownlee 2 and the Pinnacle Air Seal. The goggles feature a double-wall air cushion, as found on Pinnacle goggles, which eliminates pressure points and allows them to adapt to all eye shapes.<br \/>\nThe sleek design, combined with three lens options\u2014Gold Mirror, Light Smoke Mirror, and Dark Smoke Mirror\u2014all featuring anti-fog coating and UV protection for optimal clarity of vision, makes these the ideal running glasses for all conditions.<\/p>\n<ul>\n<li>Custom Air Fit technology adapts to all face shapes<\/li>\n<li>Double-walled air cushion and soft silicone seals for total comfort<\/li>\n<li>Anti-UV and anti-fog coating for crystal-clear visibility<\/li>\n<li>Interchangeable nose bridge<\/li>\n<\/ul>\n<p>&nbsp;<\/p>\n<p><!--&gt;--><\/p>","protected":false},"excerpt":{"rendered":"<p>La Brownlee 2 Custom Air est le r\u00e9sultat de la combinaison de deux de nos lunettes les plus populaires, le Brownlee 2 et le Pinnacle Air Seal. Les lunettes sont dot\u00e9es d&#8217;un coussin d&#8217;air \u00e0 double paroi, comme sur les lunettes Pinnacle, ce qui \u00e9limine les points de pression et permet de s&#8217;adapter \u00e0 toutes&#8230;<\/p>","protected":false},"featured_media":36060,"comment_status":"open","ping_status":"closed","template":"","meta":[],"product_brand":[],"product_cat":[54,55,56,41],"product_tag":[259,303],"class_list":{"0":"post-36017","1":"product","2":"type-product","3":"status-publish","4":"has-post-thumbnail","6":"product_cat-lunettes","7":"product_cat-lunettes-natation","8":"product_cat-lunettes-triathlon","9":"product_cat-natation","10":"product_tag-2025brochure","11":"product_tag-newfor2025","12":"nt-post-class","13":"","16":"excerpt-none","19":"first","20":"instock","21":"taxable","22":"shipping-taxable","23":"purchasable","24":"product-type-simple"},"_links":{"self":[{"href":"https:\/\/www.infinitri.be\/en\/wp-json\/wp\/v2\/product\/36017","targetHints":{"allow":["GET"]}}],"collection":[{"href":"https:\/\/www.infinitri.be\/en\/wp-json\/wp\/v2\/product"}],"about":[{"href":"https:\/\/www.infinitri.be\/en\/wp-json\/wp\/v2\/types\/product"}],"replies":[{"embeddable":true,"href":"https:\/\/www.infinitri.be\/en\/wp-json\/wp\/v2\/comments?post=36017"}],"wp:featuredmedia":[{"embeddable":true,"href":"https:\/\/www.infinitri.be\/en\/wp-json\/wp\/v2\/media\/36060"}],"wp:attachment":[{"href":"https:\/\/www.infinitri.be\/en\/wp-json\/wp\/v2\/media?parent=36017"}],"wp:term":[{"taxonomy":"product_brand","embeddable":true,"href":"https:\/\/www.infinitri.be\/en\/wp-json\/wp\/v2\/product_brand?post=36017"},{"taxonomy":"product_cat","embeddable":true,"href":"https:\/\/www.infinitri.be\/en\/wp-json\/wp\/v2\/product_cat?post=36017"},{"taxonomy":"product_tag","embeddable":true,"href":"https:\/\/www.infinitri.be\/en\/wp-json\/wp\/v2\/product_tag?post=36017"}],"curies":[{"name":"wp","href":"https:\/\/api.w.org\/{rel}","templated":true}]}}