{"id":36019,"date":"2025-12-27T10:47:37","date_gmt":"2025-12-27T10:47:37","guid":{"rendered":"https:\/\/www.infinitri.be\/?post_type=product&#038;p=36019"},"modified":"2026-04-04T18:44:59","modified_gmt":"2026-04-04T17:44:59","slug":"huub-bouees-eau-libre-lime-camo","status":"publish","type":"product","link":"https:\/\/www.infinitri.be\/en\/product\/huub-bouees-eau-libre-lime-camo\/","title":{"rendered":"HUUB open water buoys \u2013 Lime Camo"},"content":{"rendered":"<p>Brightly colored tow floats are an essential piece of equipment for outdoor swimmers, and for some races they're mandatory. Perfect for waters where there are boats, the tow float will increase your visibility in the water, whether you're swimming alone or in a group. It interferes very little with your swimming and you won't even be aware of its presence.<\/p>\n<p>If you need to rest or need help, a towing float will provide you with a floating support capable of supporting your weight, and you'll be easier to locate. If you're taking your children out to sea, a towing float will enable you to locate them very quickly.<\/p>\n<p>Once inflated, the 16l safety float can be attached with an adjustable belt and leash. Made from durable PVC, it's 100 % waterproof and can carry personal belongings, keeping them safe and dry while you swim. The float also features an integrated whistle, so you can call the attention of others if you need to.<\/p>\n<p>&nbsp;<\/p>","protected":false},"excerpt":{"rendered":"<p>Les flotteurs de remorquage aux couleurs vives sont un \u00e9quipement essentiel pour les nageurs de plein air et pour certaines courses, ils sont obligatoires. Parfait pour les eaux o\u00f9 il y a des bateaux, le flotteur de remorquage augmentera votre visibilit\u00e9 dans l&#8217;eau, que vous nagiez seul ou en groupe. Il n&#8217;interf\u00e8re que tr\u00e8s peu&#8230;<\/p>","protected":false},"featured_media":36064,"comment_status":"open","ping_status":"closed","template":"","meta":[],"product_brand":[286],"product_cat":[137,59],"product_tag":[259,303],"class_list":{"0":"post-36019","1":"product","2":"type-product","3":"status-publish","4":"has-post-thumbnail","6":"product_brand-huub","7":"product_cat-accessoires-eau-libre","8":"product_cat-triathlon","9":"product_tag-2025brochure","10":"product_tag-newfor2025","11":"zank_product_brands-huub","12":"nt-post-class","13":"","16":"excerpt-none","19":"first","20":"instock","21":"taxable","22":"shipping-taxable","23":"purchasable","24":"product-type-simple"},"_links":{"self":[{"href":"https:\/\/www.infinitri.be\/en\/wp-json\/wp\/v2\/product\/36019","targetHints":{"allow":["GET"]}}],"collection":[{"href":"https:\/\/www.infinitri.be\/en\/wp-json\/wp\/v2\/product"}],"about":[{"href":"https:\/\/www.infinitri.be\/en\/wp-json\/wp\/v2\/types\/product"}],"replies":[{"embeddable":true,"href":"https:\/\/www.infinitri.be\/en\/wp-json\/wp\/v2\/comments?post=36019"}],"wp:featuredmedia":[{"embeddable":true,"href":"https:\/\/www.infinitri.be\/en\/wp-json\/wp\/v2\/media\/36064"}],"wp:attachment":[{"href":"https:\/\/www.infinitri.be\/en\/wp-json\/wp\/v2\/media?parent=36019"}],"wp:term":[{"taxonomy":"product_brand","embeddable":true,"href":"https:\/\/www.infinitri.be\/en\/wp-json\/wp\/v2\/product_brand?post=36019"},{"taxonomy":"product_cat","embeddable":true,"href":"https:\/\/www.infinitri.be\/en\/wp-json\/wp\/v2\/product_cat?post=36019"},{"taxonomy":"product_tag","embeddable":true,"href":"https:\/\/www.infinitri.be\/en\/wp-json\/wp\/v2\/product_tag?post=36019"}],"curies":[{"name":"wp","href":"https:\/\/api.w.org\/{rel}","templated":true}]}}