{"id":36457,"date":"2025-12-27T11:23:39","date_gmt":"2025-12-27T11:23:39","guid":{"rendered":"https:\/\/www.infinitri.be\/?post_type=product&#038;p=36457"},"modified":"2026-04-04T17:35:47","modified_gmt":"2026-04-04T16:35:47","slug":"brownlee-agilis-silver-bronze-wetsuit-mens","status":"publish","type":"product","link":"https:\/\/www.infinitri.be\/en\/product\/brownlee-agilis-silver-bronze-wetsuit-mens\/","title":{"rendered":"Brownlee Agilis Silver Bronze Wetsuit - Men's"},"content":{"rendered":"<p><b>JONNY BROWNLEE SILVER &amp; BRONZE 3:5 WETSUIT<\/b><\/p>\n<p><b>THE ULTIMATE WETSUIT FOR ELITE PERFORMANCE\u00a0<\/b><\/p>\n<p>Il y a des choses qu&#8217;on ne peut pas am\u00e9liorer (enfin, pour l&#8217;instant) ! Les fr\u00e8res Alistair et Jonny Brownlee, m\u00e9daill\u00e9s d&#8217;or et d&#8217;argent aux Jeux olympiques, nous ont mis au d\u00e9fi de cr\u00e9er la combinaison Agilis avec deux objectifs simples.<\/p>\n<p>Les Brownlees voulaient pouvoir :<\/p>\n<ol>\n<li>Nager comme s&#8217;ils ne portaient pas de combinaison pendant tout le cycle de nage.<\/li>\n<li>Faire en sorte que leurs hanches et leurs jambes soient aussi hautes que possible et les maintenir dans cette position.<\/li>\n<\/ol>\n<p>C&#8217;est maintenant la troisi\u00e8me ann\u00e9e depuis l&#8217;introduction de la combinaison, et ce devait \u00eatre une ann\u00e9e plut\u00f4t standard jusqu&#8217;\u00e0 ce que 2020 et Covid-19 transforment 2021 en une ann\u00e9e olympique. Nous avons voulu c\u00e9l\u00e9brer les exploits d&#8217;Ali et de Jonny au cours des deux derniers Jeux olympiques avec ces combinaisons Brownlee Agilis en \u00e9dition limit\u00e9e.<\/p>\n<p>Les combinaisons repr\u00e9sentent la couleur des m\u00e9dailles remport\u00e9es par Alistair et Jonny lors des triathlons olympiques de Londres en 2012 et de Rio en 2016. Nous sommes fiers de notre partenariat avec les Brownless, et nos \u00e9ditions limit\u00e9es Gold Agilis et Silver &amp; Bronze Agilis rendent hommage aux m\u00e9dailles d&#8217;or d&#8217;Alistair et aux m\u00e9dailles d&#8217;argent et de bronze de Jonny. Chaque combinaison est limit\u00e9e \u00e0 500 exemplaires, mais les m\u00eames performances haut de gamme, les m\u00eames connaissances hydrodynamiques et la m\u00eame qualit\u00e9 de conception sont au rendez-vous.<\/p>\n<p><strong>+43\u2122<\/strong><\/p>\n<p>Les nouveaux mat\u00e9riaux de flottabilit\u00e9 offrent une portance des jambes et du bas du corps jamais vue, dans le respect des r\u00e8gles r\u00e9glementaires. La mousse de flottabilit\u00e9 exclusive +43\u2122 de HUUB offre 43 % de flottabilit\u00e9 suppl\u00e9mentaire par rapport au n\u00e9opr\u00e8ne standard. En g\u00e9n\u00e9ral, les fabricants de combinaisons ajoutent de la flottabilit\u00e9 au niveau des cuisses et des hanches, mais sur cette combinaison, le mat\u00e9riau +43\u2122 va au-del\u00e0 du centre de flottabilit\u00e9 pour une portance maximale des jambes.<\/p>\n<p>Gr\u00e2ce \u00e0 la contribution d&#8217;Alistair, de Jonny et du professeur Huub Toussaint, nous pouvons d\u00e9sormais affirmer en toute confiance qu&#8217;il n&#8217;existe pas de combinaison plus rapide. C&#8217;est ce que les triathl\u00e8tes attendaient, une combinaison sans compromis pour le jour de la course. Alistair et Jonny ne sacrifieront leurs performances pour rien au monde, il n&#8217;est donc pas surprenant qu&#8217;ils ne se tournent pas vers une combinaison \u00e0 moins qu&#8217;elle ne soit VRAIMENT la meilleure dans laquelle ils aient jamais nag\u00e9.<\/p>\n<p>Recevoir ce genre de commentaires de la part des fr\u00e8res est quelque chose qui n&#8217;est pas r\u00e9alisable sans une immense connaissance et une grande source d&#8217;informations. Cette combinaison est vraiment un \u00e9quipement magnifique pour nager. Simple mais incroyablement efficace, elle est dot\u00e9e de technologies invisibles, mais comme nous le disons, \u00ab c&#8217;est ce que vous ne voyez pas qui vous rend plus rapide \u00bb.\u201d<\/p>\n<p><strong>Key features:<\/strong><\/p>\n<ul>\n<li style=\"list-style-type: none\">\n<ul>\n<li>Technologie exclusive et en instance de brevet Arms Neutral\u2122 offrant une Rotational Freedom\u2122 totalement in\u00e9gal\u00e9e et in\u00e9galable.<\/li>\n<li>Mousse de flottabilit\u00e9 exclusive +43\u2122 de HUUB offrant 43 % de flottabilit\u00e9 suppl\u00e9mentaire par rapport au n\u00e9opr\u00e8ne standard.<\/li>\n<li>Con\u00e7u avec la participation active des fr\u00e8res Brownlee.<\/li>\n<li>N\u00e9opr\u00e8ne de qualit\u00e9 sup\u00e9rieure.<\/li>\n<li>Fermeture \u00e9clair pour les transitions les plus rapides.<\/li>\n<li>Le bord du cou est press\u00e9 pour plus de confort.<\/li>\n<\/ul>\n<\/li>\n<\/ul>\n<h4>\u00c0 quoi doit ressembler une combinaison de plong\u00e9e bien ajust\u00e9e ?<\/h4>\n<p>Choisissez une taille ci-dessous pour voir \u00e0 quoi elle devrait ressembler :<\/p>\n<div>Mens Size:\u00a0 \u00a0\u00a0<strong><a href=\"https:\/\/cdn.shopify.com\/s\/files\/1\/0233\/5881\/files\/MENS_S.mp4?16185\" target=\"_blank\" rel=\"noopener\">S<\/a>\u00a0<\/strong> -\u00a0\u00a0\u00a0<a href=\"https:\/\/cdn.shopify.com\/s\/files\/1\/0233\/5881\/files\/MENS_SMT.mp4?16185\" target=\"_blank\" rel=\"noopener\"><strong>SMT<\/strong><\/a>\u00a0 -\u00a0 <a href=\"https:\/\/cdn.shopify.com\/s\/files\/1\/0233\/5881\/files\/MENS_M.mp4?16189\" target=\"_blank\" rel=\"noopener\"><strong>M<\/strong><\/a>\u00a0 -\u00a0 <a href=\"https:\/\/cdn.shopify.com\/s\/files\/1\/0233\/5881\/files\/MENS_MT.mp4?16189\" target=\"_blank\" rel=\"noopener\"><strong>MT<\/strong><\/a>\u00a0 -\u00a0 <a href=\"https:\/\/cdn.shopify.com\/s\/files\/1\/0233\/5881\/files\/MENS_ML.mp4?16189\" target=\"_blank\" rel=\"noopener\"><strong>ML<\/strong><\/a>\u00a0 -\u00a0 <a href=\"https:\/\/cdn.shopify.com\/s\/files\/1\/0233\/5881\/files\/MENS_XL.mp4?16189\" target=\"_blank\" rel=\"noopener\"><strong>XL<\/strong><\/a>\u00a0 -\u00a0<strong>\u00a0\u00a0<a href=\"https:\/\/cdn.shopify.com\/s\/files\/1\/0233\/5881\/files\/MENS_SS.mp4?16190\" target=\"_blank\" rel=\"noopener\">SS<\/a><\/strong><\/div>\n<div><\/div>\n<div>Womens Size:\u00a0 \u00a0<a href=\"https:\/\/cdn.shopify.com\/s\/files\/1\/0233\/5881\/files\/WOMENS_S_2.0.mp4?16189\" target=\"_blank\" rel=\"noopener\"><strong>S<\/strong><\/a>\u00a0 -\u00a0 <a href=\"https:\/\/cdn.shopify.com\/s\/files\/1\/0233\/5881\/files\/WOMENS_M.mp4?16189\" target=\"_blank\" rel=\"noopener\"><strong>M<\/strong><\/a>\u00a0 -\u00a0 <a href=\"https:\/\/cdn.shopify.com\/s\/files\/1\/0233\/5881\/files\/WOMENS_ML.mp4?16189\" target=\"_blank\" rel=\"noopener\"><strong>ML<\/strong><\/a>\u00a0\u00a0-\u00a0\u00a0<a href=\"https:\/\/cdn.shopify.com\/s\/files\/1\/0233\/5881\/files\/WOMENS_SS_1.mp4?16190\" target=\"_blank\" rel=\"noopener\"><strong>SS<\/strong><\/a><\/div>\n<div><\/div>\n<div><\/div>\n<div><\/div>\n<div>\n<p><a href=\"https:\/\/huubdesign.com\/pages\/refund-policy\">Warranty Information<\/a><\/p>\n<\/div>","protected":false},"excerpt":{"rendered":"<p>JONNY BROWNLEE SILVER &amp; BRONZE 3:5 WETSUIT THE ULTIMATE WETSUIT FOR ELITE PERFORMANCE\u00a0 Il y a des choses qu&#8217;on ne peut pas am\u00e9liorer (enfin, pour l&#8217;instant) ! Les fr\u00e8res Alistair et Jonny Brownlee, m\u00e9daill\u00e9s d&#8217;or et d&#8217;argent aux Jeux olympiques, nous ont mis au d\u00e9fi de cr\u00e9er la combinaison Agilis avec deux objectifs simples. Les&#8230;<\/p>","protected":false},"featured_media":36529,"comment_status":"open","ping_status":"closed","template":"","meta":[],"product_brand":[286],"product_cat":[130,141,59],"product_tag":[],"class_list":{"0":"post-36457","1":"product","2":"type-product","3":"status-publish","4":"has-post-thumbnail","6":"product_brand-huub","7":"product_cat-combinaison-neoprene","8":"product_cat-outlet","9":"product_cat-triathlon","10":"zank_product_brands-huub","11":"nt-post-class","12":"","15":"excerpt-none","18":"first","19":"outofstock","20":"sale","21":"taxable","22":"shipping-taxable","23":"purchasable","24":"product-type-variable","25":"has-default-attributes"},"_links":{"self":[{"href":"https:\/\/www.infinitri.be\/en\/wp-json\/wp\/v2\/product\/36457","targetHints":{"allow":["GET"]}}],"collection":[{"href":"https:\/\/www.infinitri.be\/en\/wp-json\/wp\/v2\/product"}],"about":[{"href":"https:\/\/www.infinitri.be\/en\/wp-json\/wp\/v2\/types\/product"}],"replies":[{"embeddable":true,"href":"https:\/\/www.infinitri.be\/en\/wp-json\/wp\/v2\/comments?post=36457"}],"wp:featuredmedia":[{"embeddable":true,"href":"https:\/\/www.infinitri.be\/en\/wp-json\/wp\/v2\/media\/36529"}],"wp:attachment":[{"href":"https:\/\/www.infinitri.be\/en\/wp-json\/wp\/v2\/media?parent=36457"}],"wp:term":[{"taxonomy":"product_brand","embeddable":true,"href":"https:\/\/www.infinitri.be\/en\/wp-json\/wp\/v2\/product_brand?post=36457"},{"taxonomy":"product_cat","embeddable":true,"href":"https:\/\/www.infinitri.be\/en\/wp-json\/wp\/v2\/product_cat?post=36457"},{"taxonomy":"product_tag","embeddable":true,"href":"https:\/\/www.infinitri.be\/en\/wp-json\/wp\/v2\/product_tag?post=36457"}],"curies":[{"name":"wp","href":"https:\/\/api.w.org\/{rel}","templated":true}]}}