{"id":36762,"date":"2025-12-27T11:57:01","date_gmt":"2025-12-27T11:57:01","guid":{"rendered":"https:\/\/www.infinitri.be\/?post_type=product&#038;p=36762"},"modified":"2026-04-04T17:28:06","modified_gmt":"2026-04-04T16:28:06","slug":"arena-powerskin-carbon-air%c2%b2-dos-ouvert-biscay-bay-femme","status":"publish","type":"product","link":"https:\/\/www.infinitri.be\/en\/product\/arena-powerskin-carbon-air%c2%b2-dos-ouvert-biscay-bay-femme\/","title":{"rendered":"Arena - Women's Powerskin Carbon Air\u00b2 Open Back Biscay Bay"},"content":{"rendered":"<p>&nbsp;<\/p>\n<p><!--themify_builder_static--><\/p>\n<h1 style=\"text-align: center\" data-content-type=\"text\" data-appearance=\"default\" data-element=\"main\" data-pb-style=\"WTSTT5E\">POWERSKIN CARBON AIR\u00b2<\/h1>\n<h3 style=\"text-align: center\" data-content-type=\"text\" data-appearance=\"default\" data-element=\"main\" data-pb-style=\"WTSTT5E\">COMPRESSION HAS NEVER BEEN SO PLEASANT.<\/h3>\n<p><iframe title=\"arena Powerskin Carbon-Air\u00b2 explained (Eng)\" width=\"960\" height=\"540\" src=\"https:\/\/www.youtube.com\/embed\/vVI3i8aixpY?feature=oembed\" frameborder=\"0\" allow=\"accelerometer; autoplay; clipboard-write; encrypted-media; gyroscope; picture-in-picture; web-share\" referrerpolicy=\"strict-origin-when-cross-origin\" allowfullscreen><\/iframe><\/p>\n<p><img decoding=\"async\" title=\"logo-fina-approved-200px\" src=\"https:\/\/infinitri.be\/wp-content\/uploads\/2023\/02\/logo-fina-approved-200px.webp\" alt=\"logo-fina-approved-200px\" \/><br \/>\n<img decoding=\"async\" title=\"arena-carbon-air-positive-logo-2021\" src=\"https:\/\/infinitri.be\/wp-content\/uploads\/2023\/02\/arena-carbon-air-positive-logo-2021.webp\" alt=\"arena-carbon-air-positive-logo-2021\" \/><br \/>\n<img decoding=\"async\" title=\"ARENA-LOGO-NEW-HORIZONTAL-BLACK-WHITE-POSITIVE\" src=\"https:\/\/infinitri.be\/wp-content\/uploads\/2023\/02\/ARENA-LOGO-NEW-HORIZONTAL-BLACK-WHITE-POSITIVE-1024x724-336x75.jpg\" alt=\"ARENA-LOGO-NEW-HORIZONTAL-BLACK-WHITE-POSITIVE\" width=\"336\" height=\"75\" \/><br \/>\n<img fetchpriority=\"high\" decoding=\"async\" title=\"arena-powerskin-carbon-air-2-carbon-band-fabric-1920x900\" src=\"https:\/\/infinitri.be\/wp-content\/uploads\/2023\/02\/arena-powerskin-carbon-air-2-carbon-band-fabric-1920x900-1-1024x480-580x600.webp\" alt=\"arena-powerskin-carbon-air-2-carbon-band-fabric-1920x900\" width=\"580\" height=\"600\" \/><\/p>\n<p><b>COMPRESSION<\/b><\/p>\n<p>Comfortable carbon-striped fabric<\/p>\n<p>Horizontal carbon bands attach at a critical stretch point to provide compression, core stability and power when and where it's needed. Intelligent, lighter compression with the comfort of a second skin.<\/p>\n<p style=\"text-align: left\"><b>SECOND-SKIN EFFECT<\/b><\/p>\n<p>One-piece constructionThanks to the absence of multiple seams, Carbon-Air2 offers supreme comfort and absorbs less water, resulting in lower drag and advanced hydrodynamics. It's also easier to put on.<\/p>\n<p><img decoding=\"async\" title=\"arena-powerskin-carbon-air-2-new-internal-lining-1920x900\" src=\"https:\/\/infinitri.be\/wp-content\/uploads\/2023\/02\/arena-powerskin-carbon-air-2-new-internal-lining-1920x900-1-1024x480-600x628.webp\" alt=\"arena-powerskin-carbon-air-2-new-internal-lining-1920x900\" width=\"600\" height=\"628\" \/><br \/>\n<img loading=\"lazy\" decoding=\"async\" title=\"arena-powerskin-carbon-air-2-single-piece-construction-1920x900\" src=\"https:\/\/infinitri.be\/wp-content\/uploads\/2023\/02\/arena-powerskin-carbon-air-2-single-piece-construction-1920x900-1-1024x480-580x600.webp\" alt=\"arena-powerskin-carbon-air-2-single-piece-construction-1920x900\" width=\"580\" height=\"600\" \/><\/p>\n<h3><strong>REDESIGNED FOR GREATER FREEDOM<\/strong><\/h3>\n<p>Internal lining.<\/p>\n<p>The inner lining is made up of three separate panels for greater freedom of movement. The result is less compression in the chest area (women's suits), reduced pressure on the hips and improved flexibility.<\/p>\n<p><!--\/themify_builder_static--><\/p>","protected":false},"excerpt":{"rendered":"<p>Le Carbon-Air2 pr\u00e9sente deux grandes am\u00e9liorations : la doublure interne est con\u00e7ue avec 3 panneaux s\u00e9par\u00e9s, offrant une plus grande libert\u00e9 de mouvement pour un poids r\u00e9duit. La nouvelle structure d&#8217;un seul tenant offre un meilleur ajustement et de meilleures sensations pour un maillot qui est comme une seconde peau. Carbon-Air2 est fabriqu\u00e9 avec le m\u00eame textile tisse \u00e9prouv\u00e9 que le Carbon-Air original, avec des bandes Carbon horizontales. On retrouve ainsi tous les avantages de ce tissu : l\u00e9g\u00e8rete, compression, faible r\u00e9sistance. Gr\u00e2ce \u00e0 toutes ces qualit\u00e9s, le nouveau Carbon-Air2 est plus l\u00e9ger, flexible et confortable.<\/p>","protected":false},"featured_media":36815,"comment_status":"open","ping_status":"closed","template":"","meta":[],"product_brand":[326],"product_cat":[60,126,41],"product_tag":[],"class_list":{"0":"post-36762","1":"product","2":"type-product","3":"status-publish","4":"has-post-thumbnail","6":"product_brand-arena","7":"product_cat-fina","8":"product_cat-maillot-competition","9":"product_cat-natation","10":"zank_product_brands-arena","11":"nt-post-class","12":"","18":"first","19":"instock","20":"sale","21":"taxable","22":"shipping-taxable","23":"purchasable","24":"product-type-variable"},"_links":{"self":[{"href":"https:\/\/www.infinitri.be\/en\/wp-json\/wp\/v2\/product\/36762","targetHints":{"allow":["GET"]}}],"collection":[{"href":"https:\/\/www.infinitri.be\/en\/wp-json\/wp\/v2\/product"}],"about":[{"href":"https:\/\/www.infinitri.be\/en\/wp-json\/wp\/v2\/types\/product"}],"replies":[{"embeddable":true,"href":"https:\/\/www.infinitri.be\/en\/wp-json\/wp\/v2\/comments?post=36762"}],"wp:featuredmedia":[{"embeddable":true,"href":"https:\/\/www.infinitri.be\/en\/wp-json\/wp\/v2\/media\/36815"}],"wp:attachment":[{"href":"https:\/\/www.infinitri.be\/en\/wp-json\/wp\/v2\/media?parent=36762"}],"wp:term":[{"taxonomy":"product_brand","embeddable":true,"href":"https:\/\/www.infinitri.be\/en\/wp-json\/wp\/v2\/product_brand?post=36762"},{"taxonomy":"product_cat","embeddable":true,"href":"https:\/\/www.infinitri.be\/en\/wp-json\/wp\/v2\/product_cat?post=36762"},{"taxonomy":"product_tag","embeddable":true,"href":"https:\/\/www.infinitri.be\/en\/wp-json\/wp\/v2\/product_tag?post=36762"}],"curies":[{"name":"wp","href":"https:\/\/api.w.org\/{rel}","templated":true}]}}