{"id":36962,"date":"2025-12-27T12:44:46","date_gmt":"2025-12-27T12:44:46","guid":{"rendered":"https:\/\/www.infinitri.be\/?post_type=product&#038;p=36962"},"modified":"2026-04-04T17:33:46","modified_gmt":"2026-04-04T16:33:46","slug":"compressport-pro-racing-socks-v4-0-bike-rouge-fluo-blanc","status":"publish","type":"product","link":"https:\/\/www.infinitri.be\/en\/product\/compressport-pro-racing-socks-v4-0-bike-rouge-fluo-blanc\/","title":{"rendered":"Compressport \u2013 Pro Racing Socks v4.0 Bike Neon Red White"},"content":{"rendered":"<p class=\"key_benefit_1\">A\u00e9rodynamisme am\u00e9lior\u00e9 gr\u00e2ce \u00e0 une chaussette plus haute, d\u00e9di\u00e9e au cyclisme, et \u00e0 la technologie Aero.dot qui r\u00e9duit la r\u00e9sistance<\/p>\n<p class=\"key_benefit_2\">Support de la vo\u00fbte plantaire serr\u00e9 pour activer le retour veineux et stimuler la circulation pendant l\u2019effort, ce qui am\u00e9liore les performances et emp\u00eache la chaussette de bouger pendant vos vir\u00e9es<\/p>\n<p class=\"key_benefit_3\">Grand confort pendant les longues journ\u00e9es en selle gr\u00e2ce \u00e0 une grande respirabilit\u00e9, une ventilation et une coupe ergonomique<\/p>","protected":false},"excerpt":{"rendered":"<p>Les chaussettes Compressport Pro Racing Socks v4.0 Bike sont des chaussettes \u00e9l\u00e9gantes \u00e0\u00a0 coupe haute pour le cyclisme, avec des performances a\u00e9rodynamiques am\u00e9lior\u00e9es et une ventilation optimis\u00e9e pour un cyclisme encore plus rapide et plus confortable.<\/p>","protected":false},"featured_media":37005,"comment_status":"open","ping_status":"closed","template":"","meta":[],"product_brand":[329],"product_cat":[173,37,321],"product_tag":[],"class_list":{"0":"post-36962","1":"product","2":"type-product","3":"status-publish","4":"has-post-thumbnail","6":"product_brand-compressport","7":"product_cat-chaussettes-cyclisme","8":"product_cat-cyclisme","9":"product_cat-nouveaute","10":"zank_product_brands-compressport","11":"nt-post-class","12":"","18":"first","19":"instock","20":"taxable","21":"shipping-taxable","22":"purchasable","23":"product-type-variable"},"_links":{"self":[{"href":"https:\/\/www.infinitri.be\/en\/wp-json\/wp\/v2\/product\/36962","targetHints":{"allow":["GET"]}}],"collection":[{"href":"https:\/\/www.infinitri.be\/en\/wp-json\/wp\/v2\/product"}],"about":[{"href":"https:\/\/www.infinitri.be\/en\/wp-json\/wp\/v2\/types\/product"}],"replies":[{"embeddable":true,"href":"https:\/\/www.infinitri.be\/en\/wp-json\/wp\/v2\/comments?post=36962"}],"wp:featuredmedia":[{"embeddable":true,"href":"https:\/\/www.infinitri.be\/en\/wp-json\/wp\/v2\/media\/37005"}],"wp:attachment":[{"href":"https:\/\/www.infinitri.be\/en\/wp-json\/wp\/v2\/media?parent=36962"}],"wp:term":[{"taxonomy":"product_brand","embeddable":true,"href":"https:\/\/www.infinitri.be\/en\/wp-json\/wp\/v2\/product_brand?post=36962"},{"taxonomy":"product_cat","embeddable":true,"href":"https:\/\/www.infinitri.be\/en\/wp-json\/wp\/v2\/product_cat?post=36962"},{"taxonomy":"product_tag","embeddable":true,"href":"https:\/\/www.infinitri.be\/en\/wp-json\/wp\/v2\/product_tag?post=36962"}],"curies":[{"name":"wp","href":"https:\/\/api.w.org\/{rel}","templated":true}]}}