{"id":36975,"date":"2025-12-27T12:45:09","date_gmt":"2025-12-27T12:45:09","guid":{"rendered":"https:\/\/www.infinitri.be\/?post_type=product&#038;p=36975"},"modified":"2026-04-04T17:33:46","modified_gmt":"2026-04-04T16:33:46","slug":"compressport-pro-racing-socks-v4-0-run-low-elf-yellow-fluo-red","status":"publish","type":"product","link":"https:\/\/www.infinitri.be\/en\/product\/compressport-pro-racing-socks-v4-0-run-low-elf-yellow-fluo-red\/","title":{"rendered":"Compressport-Pro Racing Socks v4.0 Run Low elf yellow fluo red"},"content":{"rendered":"<p>Le tissage technique est l\u00e9ger et a\u00e9r\u00e9, il \u00e9vacue rapidement l`humidit\u00e9 pour que vos pieds restent frais et secs. Une zone des orteils &#8220;renfort de pointe&#8221; redessin\u00e9e et plus large offre un ajustement plus ergonomique et une meilleure proprioception, permettant aux orteils de s`agripper intuitivement \u00e0 la r\u00e9ception pour une foul\u00e9e naturelle et fluide. La maille fine autour du talon, identique \u00e0 celle de la version PRS High, offre un soutien cibl\u00e9 lorsque vous acc\u00e9l\u00e9rez le rythme, tandis que le rembourrage en tissu \u00e9ponge sur le gros orteil vous pr\u00e9serve des ongles noircis lors des courses plus longues. Le support de vo\u00fbte plantaire moyen stimule la microcirculation et emp\u00eache le tissu de se tordre et de se plier pour tenir \u00e0 distance les ampoules et les irritations douloureuses. Notre toute nouvelle technologie Flat.Dots r\u00e9unit des points 3D sp\u00e9ciaux autour du tendon d`Achille pour un rembourrage et une protection suppl\u00e9mentaires lorsque vos pieds battent la piste. Sous le pied, un motif de 3D.Dots (75 %) et de Flat.Dots (25 %) amortit l`impact et offre une meilleure ventilation, une meilleure adh\u00e9rence dans la chaussure ainsi qu`une stimulation douce pour stimuler le retour veineux et retarder la fatigue.<\/p>","protected":false},"excerpt":{"rendered":"<p>Compressport Pro Racing Socks v4.0 are the new generation of low-profile racing socks that offer ultimate comfort, blister prevention and optimal ventilation during the race.<\/p>","protected":false},"featured_media":37008,"comment_status":"open","ping_status":"closed","template":"","meta":[],"product_brand":[329],"product_cat":[207,16,321],"product_tag":[],"class_list":{"0":"post-36975","1":"product","2":"type-product","3":"status-publish","4":"has-post-thumbnail","6":"product_brand-compressport","7":"product_cat-chaussettes-running","8":"product_cat-course","9":"product_cat-nouveaute","10":"zank_product_brands-compressport","11":"nt-post-class","12":"","18":"first","19":"instock","20":"taxable","21":"shipping-taxable","22":"purchasable","23":"product-type-variable"},"_links":{"self":[{"href":"https:\/\/www.infinitri.be\/en\/wp-json\/wp\/v2\/product\/36975","targetHints":{"allow":["GET"]}}],"collection":[{"href":"https:\/\/www.infinitri.be\/en\/wp-json\/wp\/v2\/product"}],"about":[{"href":"https:\/\/www.infinitri.be\/en\/wp-json\/wp\/v2\/types\/product"}],"replies":[{"embeddable":true,"href":"https:\/\/www.infinitri.be\/en\/wp-json\/wp\/v2\/comments?post=36975"}],"wp:featuredmedia":[{"embeddable":true,"href":"https:\/\/www.infinitri.be\/en\/wp-json\/wp\/v2\/media\/37008"}],"wp:attachment":[{"href":"https:\/\/www.infinitri.be\/en\/wp-json\/wp\/v2\/media?parent=36975"}],"wp:term":[{"taxonomy":"product_brand","embeddable":true,"href":"https:\/\/www.infinitri.be\/en\/wp-json\/wp\/v2\/product_brand?post=36975"},{"taxonomy":"product_cat","embeddable":true,"href":"https:\/\/www.infinitri.be\/en\/wp-json\/wp\/v2\/product_cat?post=36975"},{"taxonomy":"product_tag","embeddable":true,"href":"https:\/\/www.infinitri.be\/en\/wp-json\/wp\/v2\/product_tag?post=36975"}],"curies":[{"name":"wp","href":"https:\/\/api.w.org\/{rel}","templated":true}]}}