{"id":37014,"date":"2025-12-27T12:46:56","date_gmt":"2025-12-27T12:46:56","guid":{"rendered":"https:\/\/www.infinitri.be\/?post_type=product&#038;p=37014"},"modified":"2026-04-04T17:33:38","modified_gmt":"2026-04-04T16:33:38","slug":"compressport-pro-racing-socks-v4-0-run-high-blanche-rouge-fluo","status":"publish","type":"product","link":"https:\/\/www.infinitri.be\/en\/product\/compressport-pro-racing-socks-v4-0-run-high-blanche-rouge-fluo\/","title":{"rendered":"Compressport-Pro Racing Socks v4.0 Run High White\/Neon Red"},"content":{"rendered":"<div class=\"d-flex flex-wrap col-12 product\">\n<div id=\"description\" class=\"d-flex flex-wrap w-100\">\n<div class=\"col-12\">\n<div class=\"d-none d-md-block container-fluid mt-5\">\n<div class=\"product__description rich-text\">Une chaussette de course sp\u00e9cialement con\u00e7ue pour offrir une a\u00e9ration optimale et une protection contre les ampoules lorsque vous vous dirigez vers votre prochain record. Le tissage technique est l\u00e9ger et a\u00e9r\u00e9, il \u00e9vacue rapidement l`humidit\u00e9 pour que vos pieds restent frais et secs, m\u00eame dans des conditions plus chaudes. Une toute nouvelle zone des orteils &#8220;renfort de pointe&#8221; plus large offre un ajustement plus ergonomique et une meilleure proprioception, permettant aux orteils de s`agripper intuitivement \u00e0 la r\u00e9ception pour une foul\u00e9e naturelle et fluide. Une maille fine autour de la cheville offre un soutien cibl\u00e9 lorsque vous acc\u00e9l\u00e9rez le rythme, tandis qu`un rembourrage en tissu \u00e9ponge sur le gros orteil vous \u00e9vite d`avoir les ongles noircis lors des courses plus longues. Le support de vo\u00fbte plantaire moyen stimule la microcirculation et emp\u00eache le tissu de se tordre et de se plier, vous \u00e9vitant ainsi les ampoules et les irritations douloureuses. Sur le tendon d`Achille, deux lignes de 3D.Dots ajoutent protection et soutien. Elles entourent une rang\u00e9e de tout nouveaux Flat.Dots pour une meilleure ventilation. Sous le pied, un motif de 3D.Dots (75 %) et de Flat.Dots (25 %) amortit les impacts et offre une adh\u00e9rence et une ventilation suppl\u00e9mentaires, ainsi qu`une l\u00e9g\u00e8re micro-stimulation, ce qui permet d`augmenter le retour veineux et de retarder la fatigue au fur et \u00e0 mesure que les kilom\u00e8tres s`accumulent.La hauteur est inf\u00e9rieure \u00e0 celle des mod\u00e8les de trail et de v\u00e9lo, avec un ajustement et des technologies sp\u00e9cialement con\u00e7us pour les exigences de la course sur route.<\/div>\n<\/div>\n<div id=\"caract\" class=\"d-flex w-100\">\n<div class=\"d-flex flex-wrap w-100 dashboard_features\">\n<div class=\"col-12 col-md-6 right_features d-flex flex-column justify-content-center\">\n<div class=\"feature_block d-flex align-items-baseline\">\n<p class=\"title\">D\u00e9velopp\u00e9 pour<\/p>\n<div class=\"d-flex justify-content-around align-items-start\">\n<div class=\"feature_values text-center\"><span class=\"value ms-2\">Thermor\u00e9gulation maximale et \u00e9vacuation de la sueur<\/span><\/div>\n<\/div>\n<\/div>\n<div class=\"feature_block weight d-flex align-items-baseline\">\n<p class=\"title\">POIDS<\/p>\n<div class=\"d-flex justify-content-center align-items-start ms-2\"><span class=\"value\">37.00 g<\/span><\/div>\n<\/div>\n<\/div>\n<div class=\"col-12 col-md-6 left_features\">\n<div class=\"feature_block f_activity\">\n<p class=\"title px-md-5 text-bold\">\n<\/div>\n<\/div>\n<\/div>\n<\/div>\n<div id=\"video\" class=\"video-wrapper\"><\/div>\n<div id=\"reviews\" class=\"product-details-wrapper col-12 d-none d-md-block\"><\/div>\n<\/div>\n<\/div>\n<\/div>\n<div class=\"fixed-product-actions position-fixed bottom-0 p-4 bg-white w-100\">\n<div class=\"d-flex align-items-center\">\n<div class=\"col-7 col-md-5 addToCart\">\n<div class=\"product__add-to-cart product-add-to-cart js-product-add-to-cart mb-0\">\n<div class=\"product-actions__button add col ps-0 mt-0\"><\/div>\n<\/div>\n<\/div>\n<\/div>\n<\/div>","protected":false},"excerpt":{"rendered":"<p>Les chaussettes Compressport Pro Racing Socks v4.0 Run High offrent un confort ultime, \u00e9vitent les ampoules et assurent une ventilation optimale pendant toutes vos courses.<\/p>","protected":false},"featured_media":37047,"comment_status":"open","ping_status":"closed","template":"","meta":[],"product_brand":[329],"product_cat":[207,16,321],"product_tag":[],"class_list":{"0":"post-37014","1":"product","2":"type-product","3":"status-publish","4":"has-post-thumbnail","6":"product_brand-compressport","7":"product_cat-chaussettes-running","8":"product_cat-course","9":"product_cat-nouveaute","10":"zank_product_brands-compressport","11":"nt-post-class","12":"","18":"first","19":"instock","20":"taxable","21":"shipping-taxable","22":"purchasable","23":"product-type-variable"},"_links":{"self":[{"href":"https:\/\/www.infinitri.be\/en\/wp-json\/wp\/v2\/product\/37014","targetHints":{"allow":["GET"]}}],"collection":[{"href":"https:\/\/www.infinitri.be\/en\/wp-json\/wp\/v2\/product"}],"about":[{"href":"https:\/\/www.infinitri.be\/en\/wp-json\/wp\/v2\/types\/product"}],"replies":[{"embeddable":true,"href":"https:\/\/www.infinitri.be\/en\/wp-json\/wp\/v2\/comments?post=37014"}],"wp:featuredmedia":[{"embeddable":true,"href":"https:\/\/www.infinitri.be\/en\/wp-json\/wp\/v2\/media\/37047"}],"wp:attachment":[{"href":"https:\/\/www.infinitri.be\/en\/wp-json\/wp\/v2\/media?parent=37014"}],"wp:term":[{"taxonomy":"product_brand","embeddable":true,"href":"https:\/\/www.infinitri.be\/en\/wp-json\/wp\/v2\/product_brand?post=37014"},{"taxonomy":"product_cat","embeddable":true,"href":"https:\/\/www.infinitri.be\/en\/wp-json\/wp\/v2\/product_cat?post=37014"},{"taxonomy":"product_tag","embeddable":true,"href":"https:\/\/www.infinitri.be\/en\/wp-json\/wp\/v2\/product_tag?post=37014"}],"curies":[{"name":"wp","href":"https:\/\/api.w.org\/{rel}","templated":true}]}}