{"id":39941,"date":"2026-02-05T17:18:49","date_gmt":"2026-02-05T17:18:49","guid":{"rendered":"https:\/\/www.infinitri.be\/?post_type=product&#038;p=39941"},"modified":"2026-04-04T17:36:50","modified_gmt":"2026-04-04T16:36:50","slug":"uvex-lunettes-velo-sportstyle-231-black-yellow","status":"publish","type":"product","link":"https:\/\/www.infinitri.be\/en\/product\/uvex-lunettes-velo-sportstyle-231-black-yellow\/","title":{"rendered":"Uvex - SPORTSTYLE 231 Black Yellow bike goggles"},"content":{"rendered":"<h3>Atouts:<\/h3>\n<ul>\n<li>Polyvalente<\/li>\n<li>Design et style<\/li>\n<li>Protection<\/li>\n<\/ul>\n<h3>Caract\u00e9ristiques techniques:<\/h3>\n<ul>\n<li>Technologie uvex supravision\u00ae pour une vision sans bu\u00e9e<\/li>\n<li>Facile \u00e0 nettoyer<\/li>\n<li>Plaquettes de nez souples et r\u00e9glables<\/li>\n<li>Branches souples, r\u00e9glables et formables \u00e0 froid<\/li>\n<li>Protection 100% UVA, UVB, UVC jusqu&#8217;\u00e0 400 nm<\/li>\n<\/ul>","protected":false},"excerpt":{"rendered":"<p>Les<strong>\u00a0lunettes Uvex sportstyle 231 2.0<\/strong>\u00a0avec \u00e9cran miroir XXL Shield pour un temps ensoleill\u00e9. Les lunettes parfaite pour le v\u00e9lo, le trail, et la randonn\u00e9e. Le style \u00e0 la mode et dans l&#8217;air du temps<\/p>","protected":false},"featured_media":39942,"comment_status":"open","ping_status":"closed","template":"","meta":[],"product_brand":[342],"product_cat":[140,139,16,37,141],"product_tag":[],"class_list":{"0":"post-39941","1":"product","2":"type-product","3":"status-publish","4":"has-post-thumbnail","6":"product_brand-uvex","7":"product_cat-accessoires-cyclisme","8":"product_cat-accessoires-running","9":"product_cat-course","10":"product_cat-cyclisme","11":"product_cat-outlet","12":"zank_product_brands-uvex","13":"nt-post-class","14":"","20":"first","21":"instock","22":"sale","23":"taxable","24":"shipping-taxable","25":"purchasable","26":"product-type-simple"},"_links":{"self":[{"href":"https:\/\/www.infinitri.be\/en\/wp-json\/wp\/v2\/product\/39941","targetHints":{"allow":["GET"]}}],"collection":[{"href":"https:\/\/www.infinitri.be\/en\/wp-json\/wp\/v2\/product"}],"about":[{"href":"https:\/\/www.infinitri.be\/en\/wp-json\/wp\/v2\/types\/product"}],"replies":[{"embeddable":true,"href":"https:\/\/www.infinitri.be\/en\/wp-json\/wp\/v2\/comments?post=39941"}],"wp:featuredmedia":[{"embeddable":true,"href":"https:\/\/www.infinitri.be\/en\/wp-json\/wp\/v2\/media\/39942"}],"wp:attachment":[{"href":"https:\/\/www.infinitri.be\/en\/wp-json\/wp\/v2\/media?parent=39941"}],"wp:term":[{"taxonomy":"product_brand","embeddable":true,"href":"https:\/\/www.infinitri.be\/en\/wp-json\/wp\/v2\/product_brand?post=39941"},{"taxonomy":"product_cat","embeddable":true,"href":"https:\/\/www.infinitri.be\/en\/wp-json\/wp\/v2\/product_cat?post=39941"},{"taxonomy":"product_tag","embeddable":true,"href":"https:\/\/www.infinitri.be\/en\/wp-json\/wp\/v2\/product_tag?post=39941"}],"curies":[{"name":"wp","href":"https:\/\/api.w.org\/{rel}","templated":true}]}}