{"id":573,"date":"2023-01-30T22:16:47","date_gmt":"2023-01-30T22:16:47","guid":{"rendered":"https:\/\/infinitri.be\/?page_id=3"},"modified":"2023-01-30T22:16:47","modified_gmt":"2023-01-30T22:16:47","slug":"politique-de-confidentialite","status":"publish","type":"page","link":"https:\/\/www.infinitri.be\/es\/politique-de-confidentialite\/","title":{"rendered":"Politique de confidentialit\u00e9"},"content":{"rendered":"<p><strong><\/strong><\/p>\n<p><strong>\u00bfQui\u00e9nes somos?<\/strong><\/p>\n<p>La direcci\u00f3n de nuestro sitio web es : <a href=\"https:\/\/www.infinitri.be\/es\/\">https:\/\/www.infinitri.be\/<\/a><\/p>\n<p>Nuestras condiciones de uso est\u00e1n disponibles en <a href=\"https:\/\/www.infinitri.be\/es\/retours\/\">https:\/\/www.infinitri.be\/retours\/<\/a><\/p>\n<p><strong>Comentarios<\/strong><\/p>\n<p>Cuando los visitantes dejan comentarios en el sitio, recogemos los datos contenidos en el formulario de comentarios, as\u00ed como la direcci\u00f3n IP del visitante y la cadena de agentes de usuario del navegador para ayudar a detectar el spam.<\/p>\n<p>Se puede proporcionar al servicio Gravatar una cadena an\u00f3nima creada a partir de su direcci\u00f3n de correo electr\u00f3nico (tambi\u00e9n conocida como \u201chash\u201d) para comprobar si la est\u00e1 utilizando. La pol\u00edtica de privacidad de Gravatar est\u00e1 disponible aqu\u00ed: https:\/\/automattic.com\/privacy\/. Una vez aprobado tu comentario, tu foto de perfil ser\u00e1 visible al p\u00fablico en el contexto de tu comentario.<\/p>\n<p><strong>Medios de comunicaci\u00f3n<\/strong><\/p>\n<p>Si subes im\u00e1genes al sitio web, debes evitar subir im\u00e1genes que contengan datos de localizaci\u00f3n incrustados (EXIF GPS). Los visitantes del sitio web pueden descargar y extraer todos los datos de localizaci\u00f3n de las im\u00e1genes del sitio web.<\/p>\n<p><strong>Cookies<\/strong><\/p>\n<p>Si deja un comentario en nuestro sitio, puede aceptar que su nombre, direcci\u00f3n de correo electr\u00f3nico y sitio web se almacenen en cookies. Estas cookies tienen por objeto facilitarle las cosas, de modo que no tenga que volver a facilitar sus datos cuando deje otro comentario. Estas cookies tienen una vida \u00fatil de un a\u00f1o.<\/p>\n<p>Si visita nuestra p\u00e1gina de inicio de sesi\u00f3n, instalaremos una cookie temporal para determinar si su navegador acepta cookies. Esta cookie no contiene datos personales y se elimina al cerrar el navegador.<\/p>\n<p>Cuando inicia sesi\u00f3n, tambi\u00e9n instalamos una serie de cookies para registrar su informaci\u00f3n de inicio de sesi\u00f3n y sus opciones de visualizaci\u00f3n en pantalla. Las cookies de inicio de sesi\u00f3n tienen una vida \u00fatil de dos d\u00edas y las de opciones de pantalla, de un a\u00f1o. Si selecciona \u201cRecordarme\u201d, su conexi\u00f3n se conservar\u00e1 durante quince d\u00edas. Si sale de su cuenta, se borrar\u00e1n las cookies de inicio de sesi\u00f3n.<\/p>\n<p>Si modifica o publica un art\u00edculo, se almacenar\u00e1 una cookie adicional en su navegador. Esta cookie no contiene datos personales e indica simplemente el identificador del art\u00edculo que acaba de modificar. Caduca al cabo de 1 d\u00eda.<\/p>\n<p><strong>Contenidos integrados de otros sitios web<\/strong><\/p>\n<p>Los art\u00edculos de este sitio pueden contener contenidos incrustados (por ejemplo, v\u00eddeos, im\u00e1genes, art\u00edculos, etc.). El contenido incrustado de otros sitios web se comporta exactamente igual que si el visitante hubiera visitado el otro sitio web.<\/p>\n<p>Estos sitios web pueden recopilar datos sobre usted, utilizar cookies, integrar un seguimiento adicional por parte de terceros y supervisar su interacci\u00f3n con este contenido integrado, incluida su interacci\u00f3n con el contenido integrado si tiene una cuenta y est\u00e1 conectado a este sitio web.<\/p>\n<p><strong>\u00bfCon qui\u00e9n compartimos sus datos?<\/strong><\/p>\n<p>Si solicita un restablecimiento de contrase\u00f1a, su direcci\u00f3n IP se incluir\u00e1 en el correo electr\u00f3nico de restablecimiento.<\/p>\n<p><strong>Per\u00edodo de conservaci\u00f3n de los datos<\/strong><\/p>\n<p>Si deja un comentario, \u00e9ste y sus metadatos se conservan indefinidamente. Esto nos permite reconocer y aprobar autom\u00e1ticamente los comentarios posteriores en lugar de mantenerlos en una cola de moderaci\u00f3n.<\/p>\n<p>En el caso de los usuarios que se registran en nuestro sitio web (si procede), tambi\u00e9n almacenamos la informaci\u00f3n personal que nos facilitan en su perfil de usuario. Todos los usuarios pueden ver, modificar o borrar su informaci\u00f3n personal en cualquier momento (salvo que no pueden cambiar su nombre de usuario). Los administradores del sitio web tambi\u00e9n pueden ver y modificar esta informaci\u00f3n.<\/p>\n<p><strong>\u00bfQu\u00e9 derechos tiene sobre sus datos?<\/strong><\/p>\n<p>Si tiene una cuenta en este sitio, o si ha dejado comentarios, puede solicitar que le enviemos un archivo exportado de los datos personales que tenemos sobre usted, incluidos los que nos haya facilitado. Tambi\u00e9n puede pedirnos que eliminemos cualquier dato personal que tengamos sobre usted. Esto no incluye los datos que estamos obligados a conservar por motivos administrativos, legales o de seguridad.<\/p>\n<p><strong>\u00bfD\u00f3nde se env\u00edan sus datos?<\/strong><\/p>\n<p>Los comentarios de los visitantes pueden ser controlados por un servicio automatizado de detecci\u00f3n de spam.<\/p>\n<p><strong><\/strong><\/p>","protected":false},"excerpt":{"rendered":"<p>Qui sommes-nous ? L&#8217;adresse de notre site web est : https:\/\/www.infinitri.be\/ Nos conditions d&#8217;utilisation sont disponible sur https:\/\/www.infinitri.be\/retours\/ Commentaires Lorsque des visiteurs laissent des commentaires sur le site, nous recueillons les donn\u00e9es figurant dans le formulaire de commentaires, ainsi que l&#8217;adresse IP du visiteur et la cha\u00eene de l&#8217;agent utilisateur du navigateur pour faciliter la&#8230;<\/p>","protected":false},"author":1,"featured_media":0,"parent":0,"menu_order":0,"comment_status":"closed","ping_status":"closed","template":"","meta":{"footnotes":""},"class_list":{"0":"post-573","1":"page","2":"type-page","3":"status-publish","4":"hentry","5":"nt-post-class","6":"","7":"thumb-none","9":"excerpt-none"},"_links":{"self":[{"href":"https:\/\/www.infinitri.be\/es\/wp-json\/wp\/v2\/pages\/573","targetHints":{"allow":["GET"]}}],"collection":[{"href":"https:\/\/www.infinitri.be\/es\/wp-json\/wp\/v2\/pages"}],"about":[{"href":"https:\/\/www.infinitri.be\/es\/wp-json\/wp\/v2\/types\/page"}],"author":[{"embeddable":true,"href":"https:\/\/www.infinitri.be\/es\/wp-json\/wp\/v2\/users\/1"}],"replies":[{"embeddable":true,"href":"https:\/\/www.infinitri.be\/es\/wp-json\/wp\/v2\/comments?post=573"}],"version-history":[{"count":0,"href":"https:\/\/www.infinitri.be\/es\/wp-json\/wp\/v2\/pages\/573\/revisions"}],"wp:attachment":[{"href":"https:\/\/www.infinitri.be\/es\/wp-json\/wp\/v2\/media?parent=573"}],"curies":[{"name":"wp","href":"https:\/\/api.w.org\/{rel}","templated":true}]}}