{"id":579,"date":"2023-01-31T22:17:52","date_gmt":"2023-01-31T22:17:52","guid":{"rendered":"https:\/\/infinitri.be\/?page_id=490"},"modified":"2023-01-31T22:17:52","modified_gmt":"2023-01-31T22:17:52","slug":"retours","status":"publish","type":"page","link":"https:\/\/www.infinitri.be\/es\/retours\/","title":{"rendered":"Retours"},"content":{"rendered":"<p><strong>DEVOLVER EL VALE<\/strong><\/p>\n\n\n\n<p>Nuestra pol\u00edtica de devoluciones, cambios y reembolsos<\/p>\n\n\n\n<p>Dispone de un plazo de 14 d\u00edas a partir de la recepci\u00f3n del pedido realizado en la tienda infinitri.com para devolver la totalidad o parte de sus compras para su cambio o reembolso, si no le satisfacen.<\/p>\n\n\n\n<p>Art\u00edculo 6: Derecho de renuncia<\/p>\n\n\n\n<p>De conformidad con la ley, el consumidor tiene derecho a notificar al Vendedor que renuncia a su compra, sin penalizaci\u00f3n alguna y sin indicar el motivo, en un plazo de 14 d\u00edas h\u00e1biles a partir del d\u00eda siguiente a la entrega del producto o a la celebraci\u00f3n del contrato de servicios. Este derecho de renuncia no se aplica al Comprador profesional.<\/p>\n\n\n\n<p>Dentro de este plazo, el consumidor deber\u00e1 notificar su intenci\u00f3n de desistir utilizando el formulario de devoluciones y devolver, por su cuenta y riesgo, el producto entregado a la sede administrativa de Infinitri S.P.R.L. :<\/p>\n\n\n\n<p>Rue Doyard 7C 4520 Vinalmont.<\/p>\n\n\n\n<p>Los productos deben devolverse en su embalaje original, sin da\u00f1os, acompa\u00f1ados de todos los accesorios, el manual de usuario y la factura\/albar\u00e1n de entrega originales. Los productos devueltos de este modo no deben haber sido desembalados, desprecintados ni utilizados de ning\u00fan modo. Deben estar etiquetados y llevar la tira protectora para ba\u00f1adores y ropa interior. No se aceptar\u00e1n mercanc\u00edas incompletas, da\u00f1adas o ensuciadas por el cliente.<\/p>\n\n\n\n<p>En un plazo de 14 d\u00edas, si la devoluci\u00f3n se ajusta a las condiciones de aceptaci\u00f3n, tras la aceptaci\u00f3n de la devoluci\u00f3n de los productos, el Vendedor se compromete a reembolsar cualquier pago, a excepci\u00f3n de los gastos de env\u00edo. El reembolso se efectuar\u00e1 en la tarjeta bancaria utilizada para el pago inicial a la recepci\u00f3n de los productos devueltos.<\/p>\n\n\n\n<p>S\u00f3lo los productos comprados en www www.infinitri.be\/ pueden devolverse mediante el proceso de devoluciones en l\u00ednea. Los art\u00edculos que no cumplan este criterio no podr\u00e1n devolverse al remitente (art\u00edculos adquiridos en otra tienda o en puestos de venta directa).<\/p>\n\n\n\n<p>Transcurrido el plazo de 14 d\u00edas, no podr\u00e1 devolverse ni cambiarse ning\u00fan art\u00edculo.<\/p>\n\n\n\n<p>Para m\u00e1s informaci\u00f3n o si necesita ayuda, p\u00f3ngase en contacto con nosotros por correo electr\u00f3nico en la siguiente direcci\u00f3n: info@infinitri.be<\/p>\n\n\n\n<p>C\u00f3mo devolver un art\u00edculo infinitri<\/p>\n\n\n\n<p>1. P\u00f3ngase en contacto con nosotros en la siguiente direcci\u00f3n&nbsp;<a href=\"mailto:info@infinitri.be\">info@infinitri.be<\/a><\/p>\n\n\n\n<p>2. Descargue y rellene el formulario de devoluci\u00f3n que figura a continuaci\u00f3n, indicando las referencias del art\u00edculo que devuelve, su cantidad, si se trata de un cambio o de un reembolso y el motivo de su devoluci\u00f3n.<\/p>\n\n\n\n<p>3. Introduzca el albar\u00e1n de devoluci\u00f3n en el paquete junto con el art\u00edculo que desea devolver. Aseg\u00farate de elegir un embalaje protector y de que est\u00e9 bien sellado.<\/p>\n\n\n\n\n<!--themify_builder_static--><a href=\"https:\/\/www.infinitri.be\/wp-content\/uploads\/2023\/01\/BON-DE-RETOUR.pdf\" > Descargar el formulario de devoluci\u00f3n <\/a><!--\/themify_builder_static-->","protected":false},"excerpt":{"rendered":"<p>BON DE RETOUR Notre politique de retours, \u00e9changes &amp; remboursements Vous disposez d\u2019un d\u00e9lai de 14 jours apr\u00e8s r\u00e9ception de votre commande pass\u00e9e sur le webshop infinitri.com pour retourner tout ou une partie de vos achats contre \u00e9change ou remboursement, s\u2019ils ne vous conviennent pas. Article 6 : Droit de renonciation Conform\u00e9ment \u00e0 la loi,&#8230;<\/p>","protected":false},"author":1,"featured_media":0,"parent":0,"menu_order":0,"comment_status":"closed","ping_status":"closed","template":"","meta":{"footnotes":""},"class_list":{"0":"post-579","1":"page","2":"type-page","3":"status-publish","4":"hentry","5":"nt-post-class","6":"","7":"thumb-none","9":"excerpt-none"},"_links":{"self":[{"href":"https:\/\/www.infinitri.be\/es\/wp-json\/wp\/v2\/pages\/579","targetHints":{"allow":["GET"]}}],"collection":[{"href":"https:\/\/www.infinitri.be\/es\/wp-json\/wp\/v2\/pages"}],"about":[{"href":"https:\/\/www.infinitri.be\/es\/wp-json\/wp\/v2\/types\/page"}],"author":[{"embeddable":true,"href":"https:\/\/www.infinitri.be\/es\/wp-json\/wp\/v2\/users\/1"}],"replies":[{"embeddable":true,"href":"https:\/\/www.infinitri.be\/es\/wp-json\/wp\/v2\/comments?post=579"}],"version-history":[{"count":0,"href":"https:\/\/www.infinitri.be\/es\/wp-json\/wp\/v2\/pages\/579\/revisions"}],"wp:attachment":[{"href":"https:\/\/www.infinitri.be\/es\/wp-json\/wp\/v2\/media?parent=579"}],"curies":[{"name":"wp","href":"https:\/\/api.w.org\/{rel}","templated":true}]}}