{"id":28261,"date":"2025-12-25T16:44:57","date_gmt":"2025-12-25T16:44:57","guid":{"rendered":"https:\/\/www.infinitri.be\/?post_type=product&#038;p=28261"},"modified":"2026-04-04T17:34:18","modified_gmt":"2026-04-04T16:34:18","slug":"fusion-c3-short-tights-femme","status":"publish","type":"product","link":"https:\/\/www.infinitri.be\/es\/producto\/fusion-c3-short-tights-femme\/","title":{"rendered":"Mallas cortas Fusion C3 para mujer"},"content":{"rendered":"<p><!--themify_builder_static--><\/p>\n<h1 style=\"text-align: center\">Descripci\u00f3n \u2699<\/h1>\n<p>La longueur des jambes est plus courte que celle de nos collants courts traditionnels et sans les marques blanches.<\/p>\n<p>Tout comme nos WOMEN&#8217;S C3 TRAINING TIGHTS, ces collants sont sp\u00e9cialement con\u00e7us pour les femmes, car ils sont dot\u00e9s d&#8217;une taille extra haute pour un ajustement sp\u00e9cifique aux femmes.<\/p>\n<p>Un design intemporel enti\u00e8rement test\u00e9 qui a subi 15 ans de d\u00e9veloppement et d&#8217;utilisation intensive est votre garantie que votre collant r\u00e9sistera \u00e0 une utilisation intensive et \u00e0 la laveuse pendant des ann\u00e9es.<\/p>\n<p>Agr\u00e9ablement confortable : Notre mat\u00e9riau sp\u00e9cial C3 permet une \u00e9vacuation rapide et efficace de l&#8217;humidit\u00e9, pour que vous n&#8217;ayez jamais froid et ne soyez pas humide pendant ou apr\u00e8s une activit\u00e9.<\/p>\n<p>Coupe optimale : Votre collant reste en place pendant votre activit\u00e9, car nous utilisons un tricotage circulaire et un pourcentage \u00e9lev\u00e9 d&#8217;\u00e9lasthanne powerfit, ce qui rend les zips g\u00eanants superflus.<\/p>\n<p>Il est dot\u00e9 de poches lat\u00e9rales fonctionnelles FUSION qui permettent de garder le contenu pr\u00e8s du corps sans perturber votre sch\u00e9ma de mouvement naturel.<\/p>\n<p><img fetchpriority=\"high\" decoding=\"async\" src=\"https:\/\/infinitri.be\/wp-content\/uploads\/2023\/02\/Womens-C3-short-training-tights_0277_Black_4f_v1-4976555_750x-545x545.webp\" width=\"545\" height=\"545\" title=\"Womens-C3-short-training-tights_0277_Black_4f_v1-4976555_750x\" alt=\"Womens-C3-short-training-tights_0277_Black_4f_v1-4976555_750x\" \/><\/p>\n<h1>Especificaciones t\u00e9cnicas<\/h1>\n<ul>\n<li>Tejido Compressor3 con mecha activa, fabricado en Italia<\/li>\n<li>Bolsillos en la parte exterior de los muslos para geles (hasta 3 por bolsillo) \/ llaves \/ tel\u00e9fono<\/li>\n<li>Faja de cintura profunda para una comodidad m\u00e1xima<\/li>\n<li>Fabricado en Europa en la FUSION.FACTORY<\/li>\n<li>Producto certificado STANDARD 100 por OEKO-TEX\u00ae. Esto significa que todos los componentes, como tejidos, hilos, transfers, cremalleras, el\u00e1sticos, etiquetas, etc., han sido probados y aprobados seg\u00fan la norma y, por tanto, no contienen sustancias nocivas.<\/li>\n<\/ul>\n<p>    <em style=\"color:#000000\"><\/em>PROTECCI\u00d3N CONTRA EL VIENTO \u2605\u2605\u2605<\/p>\n<p>    <em style=\"color:#000000\"><\/em>PROTECCI\u00d3N CONTRA LA LLUVIA \u2605\u2605\u2605<\/p>\n<p>    <em style=\"color:#000000\"><\/em><\/p>\n<p style=\"text-align: center\">LIGEREZA \u2605\u2605\u2605<\/p>\n<p>    <em style=\"color:#000000\"><\/em>CORTES AJUSTADOS \u2605\u2605\u2605\u2605<\/p>\n<p>    <em style=\"color:#000000\"><\/em>NIVEL DE COMPRESI\u00d3N \u2605\u2605\u2605\u2605<\/p>\n<h1 style=\"text-align: center\">Material \ud83d\udc56<\/h1>\n<p>Punto circular. Poliamida 77%, elastano 23% para temperaturas de 10\u00b0C a 30\u00b0C.<\/p>\n<p>El material \u00fanico y duradero FUSION C3 garantiza un ajuste perfecto del producto gracias a su tejido circular y a su contenido excepcionalmente alto en elastano Powerfit.<\/p>\n<p>El tejido FUSION C3 garantiza una aut\u00e9ntica evacuaci\u00f3n activa del sudor, ya que lo aleja de la superficie de la piel y lo transporta hacia la superficie exterior del tejido, donde se disipa sobre una superficie mayor y se evapora r\u00e1pidamente.<\/p>\n<p>Tu piel se mantiene c\u00f3moda y sientes que sudas menos. Todo ello gracias a un efecto mecha capilar mec\u00e1nico que se mantiene igual durante toda la vida \u00fatil del producto.<\/p>\n<p>No nos importa realizar esfuerzos adicionales en el proceso de desarrollo de tejidos.<\/p>\n<p><img decoding=\"async\" src=\"https:\/\/infinitri.be\/wp-content\/uploads\/2023\/02\/Womens-C3-short-training-tights_0277_Black_5b_v1-4976557_750x-545x545.webp\" width=\"545\" height=\"545\" title=\"Womens-C3-short-training-tights_0277_Black_5b_v1-4976557_750x\" alt=\"Womens-C3-short-training-tights_0277_Black_5b_v1-4976557_750x\" \/><br \/>\n<img decoding=\"async\" src=\"https:\/\/infinitri.be\/wp-content\/uploads\/2023\/02\/Womens-C3-short-training-tights_0277_Black_7b_v2-4976560_750x-545x545.webp\" width=\"545\" height=\"545\" title=\"Womens-C3-short-training-tights_0277_Black_7b_v2-4976560_750x\" alt=\"Womens-C3-short-training-tights_0277_Black_7b_v2-4976560_750x\" \/><\/p>\n<h1 style=\"text-align: center\">Consejos de mantenimiento \ud83d\udca1<\/h1>\n<p>L\u00e1velo antes de usarlo por primera vez. Si a\u00f1ade un poco de vinagre durante el primer lavado, el color se mantendr\u00e1 m\u00e1s claro y durar\u00e1 m\u00e1s tiempo.<\/p>\n<p>Lave su prenda deportiva a una temperatura m\u00e1xima de 40 \u00b0C. No utilice detergente ni lej\u00eda.<\/p>\n<p>El uso de detergente limitar\u00e1 el transporte de humedad del producto.<\/p>\n<p>Seca tu prenda deportiva FUSION al aire libre. No la metas en la secadora.<\/p>\n<p>Ten cuidado con los objetos puntiagudos, los bordes y las tiras de velcro de mochilas, cinturones y otros objetos que rozan la tela y las costuras de tu prenda. Esto puede rasgar la tela y las costuras de tu prenda deportiva FUSION.<\/p>\n<h1 style=\"text-align: center\">\u00bfCu\u00e1l es mi talla?<\/h1>\n<p><img decoding=\"async\" src=\"https:\/\/infinitri.be\/wp-content\/uploads\/2023\/02\/c3_short_woman_size.png\" title=\"c3_short_woman_size\" alt=\"c3_short_woman_size\" \/><br \/>\n<img loading=\"lazy\" decoding=\"async\" src=\"https:\/\/infinitri.be\/wp-content\/uploads\/2023\/02\/0277_lifestyle_1-2566585-1024x683-545x545.webp\" width=\"545\" height=\"545\" title=\"0277_lifestyle_1-2566585\" alt=\"0277_lifestyle_1-2566585\" \/><!--\/themify_builder_static--><\/p>","protected":false},"excerpt":{"rendered":"<p>Des collants courts pour toutes vos activit\u00e9s &#8211; sp\u00e9cialement con\u00e7us pour les femmes.<\/p>\n<p>Une paire de collants polyvalents et performants pour la course, le yoga, le fitness, l&#8217;entra\u00eenement fonctionnel, une journ\u00e9e de d\u00e9tente \u00e0 la maison ou comme collant sous une robe d&#8217;\u00e9t\u00e9.<\/p>","protected":false},"featured_media":106,"comment_status":"open","ping_status":"closed","template":"","meta":[],"product_brand":[331],"product_cat":[17,16,18],"product_tag":[],"class_list":{"0":"post-28261","1":"product","2":"type-product","3":"status-publish","4":"has-post-thumbnail","6":"product_brand-fusion","7":"product_cat-bas","8":"product_cat-course","9":"product_cat-shorts-collants","10":"zank_product_brands-fusion","11":"nt-post-class","12":"","18":"first","19":"instock","20":"taxable","21":"shipping-taxable","22":"purchasable","23":"product-type-variable"},"_links":{"self":[{"href":"https:\/\/www.infinitri.be\/es\/wp-json\/wp\/v2\/product\/28261","targetHints":{"allow":["GET"]}}],"collection":[{"href":"https:\/\/www.infinitri.be\/es\/wp-json\/wp\/v2\/product"}],"about":[{"href":"https:\/\/www.infinitri.be\/es\/wp-json\/wp\/v2\/types\/product"}],"replies":[{"embeddable":true,"href":"https:\/\/www.infinitri.be\/es\/wp-json\/wp\/v2\/comments?post=28261"}],"wp:featuredmedia":[{"embeddable":true,"href":"https:\/\/www.infinitri.be\/es\/wp-json\/wp\/v2\/media\/106"}],"wp:attachment":[{"href":"https:\/\/www.infinitri.be\/es\/wp-json\/wp\/v2\/media?parent=28261"}],"wp:term":[{"taxonomy":"product_brand","embeddable":true,"href":"https:\/\/www.infinitri.be\/es\/wp-json\/wp\/v2\/product_brand?post=28261"},{"taxonomy":"product_cat","embeddable":true,"href":"https:\/\/www.infinitri.be\/es\/wp-json\/wp\/v2\/product_cat?post=28261"},{"taxonomy":"product_tag","embeddable":true,"href":"https:\/\/www.infinitri.be\/es\/wp-json\/wp\/v2\/product_tag?post=28261"}],"curies":[{"name":"wp","href":"https:\/\/api.w.org\/{rel}","templated":true}]}}