{"id":28267,"date":"2025-12-25T16:44:57","date_gmt":"2025-12-25T16:44:57","guid":{"rendered":"https:\/\/www.infinitri.be\/?post_type=product&#038;p=28267"},"modified":"2026-04-04T17:34:18","modified_gmt":"2026-04-04T16:34:18","slug":"fusion-c3-short-tights-homme","status":"publish","type":"product","link":"https:\/\/www.infinitri.be\/es\/producto\/fusion-c3-short-tights-homme\/","title":{"rendered":"Mallas cortas Fusion C3 para hombre"},"content":{"rendered":"<p><!--themify_builder_static--><\/p>\n<h1 style=\"text-align: center\">Descripci\u00f3n \u2699<\/h1>\n<p>Las MENS SHORT TIGHTS se basan en las mallas cortas C3, un dise\u00f1o atemporal y probado que lleva 15 a\u00f1os estableciendo nuevos est\u00e1ndares en funcionalidad, comodidad y ajuste. Hechas para durar en duras sesiones de entrenamiento, competiciones y a\u00f1os de lavados a m\u00e1quina.<\/p>\n<p>Agradablemente c\u00f3modo: Nuestro material especial C3 evacua la humedad de forma r\u00e1pida y eficaz, por lo que nunca sentir\u00e1s fr\u00edo ni humedad durante o despu\u00e9s de la actividad.<\/p>\n<p>Ajuste \u00f3ptimo: las mallas se mantienen en su sitio durante la actividad porque est\u00e1n tejidas en redondo y contienen un alto porcentaje de elastano powerfit.<\/p>\n<p>Tiene una ancha banda el\u00e1stica en la cadera con cord\u00f3n ajustable y bolsillos FUSION funcionales para mantener el contenido cerca del cuerpo sin interrumpir tu patr\u00f3n de movimiento natural. Ajuste ce\u00f1ido.<\/p>\n<p><img fetchpriority=\"high\" decoding=\"async\" src=\"https:\/\/infinitri.be\/wp-content\/uploads\/2023\/01\/0024_lifestyle_2-2544527-1024x683-545x545.webp\" width=\"545\" height=\"545\" title=\"0024_lifestyle_2-2544527\" alt=\"0024_lifestyle_2-2544527\" \/><\/p>\n<h1>Especificaciones t\u00e9cnicas<\/h1>\n<ul>\n<li>Tejido Compressor3 con mecha activa, fabricado en Italia<\/li>\n<li>Bolsillos en la parte exterior de los muslos para geles (hasta 3 por bolsillo) \/ llaves \/ tel\u00e9fono<\/li>\n<li>Faja de cintura profunda para una comodidad m\u00e1xima<\/li>\n<li>Fabricado en Europa en la FUSION.FACTORY<\/li>\n<li>Producto certificado STANDARD 100 por OEKO-TEX\u00ae. Esto significa que todos los componentes, como tejidos, hilos, transfers, cremalleras, el\u00e1sticos, etiquetas, etc., han sido probados y aprobados seg\u00fan la norma y, por tanto, no contienen sustancias nocivas.<\/li>\n<\/ul>\n<p>    <em style=\"color:#000000\"><\/em>PROTECCI\u00d3N CONTRA EL VIENTO \u2605\u2605\u2605<\/p>\n<p>    <em style=\"color:#000000\"><\/em>PROTECCI\u00d3N CONTRA LA LLUVIA \u2605\u2605\u2605<\/p>\n<p>    <em style=\"color:#000000\"><\/em><\/p>\n<p style=\"text-align: center\">LIGEREZA \u2605\u2605\u2605<\/p>\n<p>    <em style=\"color:#000000\"><\/em>CORTES AJUSTADOS \u2605\u2605\u2605\u2605<\/p>\n<p>    <em style=\"color:#000000\"><\/em>NIVEL DE COMPRESI\u00d3N \u2605\u2605\u2605\u2605<\/p>\n<h1 style=\"text-align: center\">Material \ud83d\udc56<\/h1>\n<p>Punto circular. Poliamida 77%, elastano 23% para temperaturas de 10\u00b0C a 30\u00b0C.<\/p>\n<p>El material \u00fanico y duradero FUSION C3 garantiza un ajuste perfecto del producto gracias a su tejido circular y a su contenido excepcionalmente alto en elastano Powerfit.<\/p>\n<p>El tejido FUSION C3 garantiza una aut\u00e9ntica evacuaci\u00f3n activa del sudor, ya que lo aleja de la superficie de la piel y lo transporta hacia la superficie exterior del tejido, donde se disipa sobre una superficie mayor y se evapora r\u00e1pidamente.<\/p>\n<p>Tu piel se mantiene c\u00f3moda y sientes que sudas menos. Todo ello gracias a un efecto mecha capilar mec\u00e1nico que se mantiene igual durante toda la vida \u00fatil del producto.<\/p>\n<p>No nos importa realizar esfuerzos adicionales en el proceso de desarrollo de tejidos.<\/p>\n<p><img decoding=\"async\" src=\"https:\/\/infinitri.be\/wp-content\/uploads\/2023\/01\/C3-short-tights_0024_Black_7s_v1-5025621_2000x-768x1024-545x545.webp\" width=\"545\" height=\"545\" title=\"C3-short-tights_0024_Black_7s_v1-5025621_2000x\" alt=\"C3-short-tights_0024_Black_7s_v1-5025621_2000x\" \/><br \/>\n<img decoding=\"async\" src=\"https:\/\/infinitri.be\/wp-content\/uploads\/2023\/01\/C3-short-tights_0024_Black_5s_v1-5025619_2000x-768x1024-545x545.webp\" width=\"545\" height=\"545\" title=\"C3-short-tights_0024_Black_5s_v1-5025619_2000x\" alt=\"C3-short-tights_0024_Black_5s_v1-5025619_2000x\" \/><\/p>\n<h1 style=\"text-align: center\">Consejos de mantenimiento \ud83d\udca1<\/h1>\n<p>L\u00e1velo antes de usarlo por primera vez. Si a\u00f1ade un poco de vinagre durante el primer lavado, el color se mantendr\u00e1 m\u00e1s claro y durar\u00e1 m\u00e1s tiempo.<\/p>\n<p>Lave su prenda deportiva a una temperatura m\u00e1xima de 40 \u00b0C. No utilice detergente ni lej\u00eda.<\/p>\n<p>El uso de detergente limitar\u00e1 el transporte de humedad del producto.<\/p>\n<p>Seca tu prenda deportiva FUSION al aire libre. No la metas en la secadora.<\/p>\n<p>Ten cuidado con los objetos puntiagudos, los bordes y las tiras de velcro de mochilas, cinturones y otros objetos que rozan la tela y las costuras de tu prenda. Esto puede rasgar la tela y las costuras de tu prenda deportiva FUSION.<\/p>\n<h1 style=\"text-align: center\">\u00bfCu\u00e1l es mi talla?<\/h1>\n<p><img decoding=\"async\" src=\"https:\/\/infinitri.be\/wp-content\/uploads\/2023\/02\/c3-short-tights-homme-size.png\" title=\"c3-medias-cortas-talla-hombre\" alt=\"c3-short-tights-homme-size\" \/><br \/>\n<img loading=\"lazy\" decoding=\"async\" src=\"https:\/\/infinitri.be\/wp-content\/uploads\/2023\/02\/0024_lifestyle_v3-5025623-1024x683-545x545.webp\" width=\"545\" height=\"545\" title=\"0024_lifestyle_v3-5025623\" alt=\"0024_lifestyle_v3-5025623\" \/><!--\/themify_builder_static--><\/p>","protected":false},"excerpt":{"rendered":"<p>Mallas cortas para correr sin ropa interior.<br \/>\nLas mallas cortas para hombre te permiten correr sin ropa interior\/pantal\u00f3n. Las costuras planas y el suave micropolar de la entrepierna ofrecen la m\u00e1xima comodidad para carreras m\u00e1s largas.<\/p>","protected":false},"featured_media":110,"comment_status":"open","ping_status":"closed","template":"","meta":[],"product_brand":[331],"product_cat":[17,16,18],"product_tag":[],"class_list":{"0":"post-28267","1":"product","2":"type-product","3":"status-publish","4":"has-post-thumbnail","6":"product_brand-fusion","7":"product_cat-bas","8":"product_cat-course","9":"product_cat-shorts-collants","10":"zank_product_brands-fusion","11":"nt-post-class","12":"","18":"first","19":"instock","20":"taxable","21":"shipping-taxable","22":"purchasable","23":"product-type-variable"},"_links":{"self":[{"href":"https:\/\/www.infinitri.be\/es\/wp-json\/wp\/v2\/product\/28267","targetHints":{"allow":["GET"]}}],"collection":[{"href":"https:\/\/www.infinitri.be\/es\/wp-json\/wp\/v2\/product"}],"about":[{"href":"https:\/\/www.infinitri.be\/es\/wp-json\/wp\/v2\/types\/product"}],"replies":[{"embeddable":true,"href":"https:\/\/www.infinitri.be\/es\/wp-json\/wp\/v2\/comments?post=28267"}],"wp:featuredmedia":[{"embeddable":true,"href":"https:\/\/www.infinitri.be\/es\/wp-json\/wp\/v2\/media\/110"}],"wp:attachment":[{"href":"https:\/\/www.infinitri.be\/es\/wp-json\/wp\/v2\/media?parent=28267"}],"wp:term":[{"taxonomy":"product_brand","embeddable":true,"href":"https:\/\/www.infinitri.be\/es\/wp-json\/wp\/v2\/product_brand?post=28267"},{"taxonomy":"product_cat","embeddable":true,"href":"https:\/\/www.infinitri.be\/es\/wp-json\/wp\/v2\/product_cat?post=28267"},{"taxonomy":"product_tag","embeddable":true,"href":"https:\/\/www.infinitri.be\/es\/wp-json\/wp\/v2\/product_tag?post=28267"}],"curies":[{"name":"wp","href":"https:\/\/api.w.org\/{rel}","templated":true}]}}