{"id":28274,"date":"2025-12-25T16:44:57","date_gmt":"2025-12-25T16:44:57","guid":{"rendered":"https:\/\/www.infinitri.be\/?post_type=product&#038;p=28274"},"modified":"2026-04-04T17:34:18","modified_gmt":"2026-04-04T16:34:18","slug":"fusion-c3-long-tights-homme","status":"publish","type":"product","link":"https:\/\/www.infinitri.be\/es\/producto\/fusion-c3-long-tights-homme\/","title":{"rendered":"Mallas largas Fusion C3 para hombre"},"content":{"rendered":"<p><!--themify_builder_static--><\/p>\n<h1 style=\"text-align: center\">Descripci\u00f3n \u2699<\/h1>\n<p style=\"text-align: left\">Mallas cl\u00e1sicas vers\u00e1tiles para usar entre 0 \u00b0C y 20 \u00b0C. Una compa\u00f1era de entrenamiento resistente para los d\u00edas m\u00e1s fr\u00edos, especialmente en primavera y oto\u00f1o. Tambi\u00e9n se usa con frecuencia para relajarse en interiores.<\/p>\n<p style=\"text-align: left\">Un dise\u00f1o atemporal totalmente probado, fruto de 15 a\u00f1os de desarrollo y uso intensivo, garantiza que tus mallas te durar\u00e1n a\u00f1os, tanto en los entrenamientos como en las competiciones y en la lavadora.<\/p>\n<p style=\"text-align: left\">Agradablemente c\u00f3modo: nuestro material especial C3 permite una evacuaci\u00f3n r\u00e1pida y eficaz de la humedad, para que nunca pases fr\u00edo ni te mojes durante o despu\u00e9s de la actividad.<\/p>\n<p style=\"text-align: left\">Corte \u00f3ptimo: tus mallas se mantienen en su sitio durante la actividad, ya que utilizamos un tejido circular y un alto porcentaje de elastano powerfit, lo que hace que los inc\u00f3modos cierres sean innecesarios.<\/p>\n<p style=\"text-align: left\">Cuenta con una amplia banda el\u00e1stica en las caderas con cord\u00f3n ajustable y bolsillos FUSION funcionales que mantienen el contenido cerca del cuerpo sin interferir en los movimientos naturales. Los discretos pero eficaces reflectantes 3M en la parte inferior de las piernas garantizan una visibilidad de 360 grados en la oscuridad.<\/p>\n<p><img fetchpriority=\"high\" decoding=\"async\" title=\"C3-Long-tights_0034_Black_4front_v3_low-3226774_750x\" src=\"https:\/\/infinitri.be\/wp-content\/uploads\/2023\/02\/C3-Long-tights_0034_Black_4front_v3_low-3226774_750x-545x545.webp\" alt=\"C3-Long-tights_0034_Black_4front_v3_low-3226774_750x\" width=\"545\" height=\"545\" \/><\/p>\n<h1>Especificaciones t\u00e9cnicas<\/h1>\n<ul>\n<li>Tejido Compressor3 exclusivo, con evacuaci\u00f3n activa, fabricado en Italia.<\/li>\n<li>Bolsillos exteriores en los muslos para geles (hasta 3 por bolsillo), llaves y tel\u00e9fono.<\/li>\n<li>Faja de cintura profunda para una comodidad m\u00e1xima<\/li>\n<li>Discreto bolsillo trasero tipo sobre para llaves o alimentos adicionales.<\/li>\n<li>Bandas reflectantes en la parte inferior de las piernas (delante y detr\u00e1s) para una mayor visibilidad.<\/li>\n<li>Banda el\u00e1stica con cord\u00f3n ajustable para un ajuste personalizado.<\/li>\n<li>Fabricado en Europa en la f\u00e1brica FUSION.<\/li>\n<li>Producto certificado seg\u00fan la norma STANDARD 100 de OEKO-TEX\u00ae. Esto significa que todos los componentes, como tejidos, hilos, transferencias, cremalleras, el\u00e1sticos, etiquetas, etc., han sido probados y aprobados de acuerdo con la norma y, por lo tanto, no contienen sustancias nocivas.<\/li>\n<\/ul>\n<p>PROTECCI\u00d3N CONTRA EL VIENTO \u2605\u2605\u2605<\/p>\n<p>PROTECCI\u00d3N CONTRA LA LLUVIA \u2605\u2605\u2605<\/p>\n<p>&nbsp;<\/p>\n<p style=\"text-align: center\">LIGEREZA \u2605\u2605\u2605<\/p>\n<p>CORTES AJUSTADOS \u2605\u2605\u2605\u2605<\/p>\n<p>NIVEL DE COMPRESI\u00d3N \u2605\u2605\u2605\u2605<\/p>\n<h1 style=\"text-align: center\">Material \ud83d\udc56<\/h1>\n<p>Tejido circular. 77% poliamida, 23% elastano.<\/p>\n<p>El material \u00fanico y duradero FUSION C3 garantiza un ajuste perfecto del producto gracias a su tejido circular y a su contenido excepcionalmente alto en elastano Powerfit.<\/p>\n<p>El tejido FUSION C3 garantiza una aut\u00e9ntica evacuaci\u00f3n activa del sudor, ya que lo aleja de la superficie de la piel y lo transporta hacia la superficie exterior del tejido, donde se disipa sobre una superficie mayor y se evapora r\u00e1pidamente.<\/p>\n<p>Tu piel se mantiene c\u00f3moda y sientes que sudas menos. Todo ello gracias a un efecto mecha capilar mec\u00e1nico que se mantiene igual durante toda la vida \u00fatil del producto.<\/p>\n<p>No nos importa realizar esfuerzos adicionales en el proceso de desarrollo de tejidos.<\/p>\n<p><img decoding=\"async\" title=\"C3-Long-tights_0034_Black_7front_v2_low-3137046_750x\" src=\"https:\/\/infinitri.be\/wp-content\/uploads\/2023\/02\/C3-Long-tights_0034_Black_7front_v2_low-3137046_750x-545x545.webp\" alt=\"C3-Long-tights_0034_Black_7front_v2_low-3137046_750x\" width=\"545\" height=\"545\" \/><br \/>\n<img fetchpriority=\"high\" decoding=\"async\" title=\"C3-Long-tights_0034_Black_4front_v3_low-3226774_750x\" src=\"https:\/\/infinitri.be\/wp-content\/uploads\/2023\/02\/C3-Long-tights_0034_Black_4front_v3_low-3226774_750x-545x545.webp\" alt=\"C3-Long-tights_0034_Black_4front_v3_low-3226774_750x\" width=\"545\" height=\"545\" \/><\/p>\n<h1 style=\"text-align: center\">Consejos de mantenimiento \ud83d\udca1<\/h1>\n<p>L\u00e1velo antes de usarlo por primera vez. Si a\u00f1ade un poco de vinagre durante el primer lavado, el color se mantendr\u00e1 m\u00e1s claro y durar\u00e1 m\u00e1s tiempo.<\/p>\n<p>Lave su prenda deportiva a una temperatura m\u00e1xima de 40 \u00b0C. No utilice detergente ni lej\u00eda.<\/p>\n<p>El uso de detergente limitar\u00e1 el transporte de humedad del producto.<\/p>\n<p>Seca tu prenda deportiva FUSION al aire libre. No la metas en la secadora.<\/p>\n<p>Ten cuidado con los objetos puntiagudos, los bordes y las tiras de velcro de mochilas, cinturones y otros objetos que rozan la tela y las costuras de tu prenda. Esto puede rasgar la tela y las costuras de tu prenda deportiva FUSION.<\/p>\n<h1 style=\"text-align: center\">\u00bfCu\u00e1l es mi talla?<\/h1>\n<p><img decoding=\"async\" title=\"c3-mallas-largas-unisex-talla\" src=\"https:\/\/infinitri.be\/wp-content\/uploads\/2023\/02\/c3-long-tights-unisexe-size.png\" alt=\"c3-long-tights-unisexe-size\" \/><br \/>\n<img decoding=\"async\" title=\"fusi\u00f3n-logotipo-ampliado\" src=\"https:\/\/infinitri.be\/wp-content\/uploads\/2023\/01\/fusion-logo-expanded.svg\" alt=\"fusion-logo-expanded\" width=\"545\" height=\"545\" \/><!--\/themify_builder_static--><\/p>","protected":false},"excerpt":{"rendered":"<p>Mallas cl\u00e1sicas vers\u00e1tiles para usar entre 0 \u00b0C y 20 \u00b0C. Una compa\u00f1era de entrenamiento resistente para los d\u00edas m\u00e1s fr\u00edos, especialmente en primavera y oto\u00f1o. Tambi\u00e9n se usa con frecuencia para relajarse en interiores.<\/p>","protected":false},"featured_media":115,"comment_status":"open","ping_status":"closed","template":"","meta":[],"product_brand":[331],"product_cat":[17,16,18],"product_tag":[],"class_list":{"0":"post-28274","1":"product","2":"type-product","3":"status-publish","4":"has-post-thumbnail","6":"product_brand-fusion","7":"product_cat-bas","8":"product_cat-course","9":"product_cat-shorts-collants","10":"zank_product_brands-fusion","11":"nt-post-class","12":"","18":"first","19":"instock","20":"taxable","21":"shipping-taxable","22":"purchasable","23":"product-type-variable"},"_links":{"self":[{"href":"https:\/\/www.infinitri.be\/es\/wp-json\/wp\/v2\/product\/28274","targetHints":{"allow":["GET"]}}],"collection":[{"href":"https:\/\/www.infinitri.be\/es\/wp-json\/wp\/v2\/product"}],"about":[{"href":"https:\/\/www.infinitri.be\/es\/wp-json\/wp\/v2\/types\/product"}],"replies":[{"embeddable":true,"href":"https:\/\/www.infinitri.be\/es\/wp-json\/wp\/v2\/comments?post=28274"}],"wp:featuredmedia":[{"embeddable":true,"href":"https:\/\/www.infinitri.be\/es\/wp-json\/wp\/v2\/media\/115"}],"wp:attachment":[{"href":"https:\/\/www.infinitri.be\/es\/wp-json\/wp\/v2\/media?parent=28274"}],"wp:term":[{"taxonomy":"product_brand","embeddable":true,"href":"https:\/\/www.infinitri.be\/es\/wp-json\/wp\/v2\/product_brand?post=28274"},{"taxonomy":"product_cat","embeddable":true,"href":"https:\/\/www.infinitri.be\/es\/wp-json\/wp\/v2\/product_cat?post=28274"},{"taxonomy":"product_tag","embeddable":true,"href":"https:\/\/www.infinitri.be\/es\/wp-json\/wp\/v2\/product_tag?post=28274"}],"curies":[{"name":"wp","href":"https:\/\/api.w.org\/{rel}","templated":true}]}}