{"id":28311,"date":"2025-12-25T16:45:00","date_gmt":"2025-12-25T16:45:00","guid":{"rendered":"https:\/\/www.infinitri.be\/?post_type=product&#038;p=28311"},"modified":"2026-04-04T17:34:10","modified_gmt":"2026-04-04T16:34:10","slug":"fusion-c3-zip-neck-femme","status":"publish","type":"product","link":"https:\/\/www.infinitri.be\/es\/producto\/fusion-c3-zip-neck-femme\/","title":{"rendered":"Fusion C3 Zip Neck Mujer"},"content":{"rendered":"<p><!--themify_builder_static--><\/p>\n<h1 style=\"text-align: center\">Descripci\u00f3n \u2699<\/h1>\n<p>Notre mat\u00e9riau sp\u00e9cial C3 rend le WOMEN&#8217;S C3 ZIP NECK doux et confortable et assure une \u00e9vacuation rapide et efficace de l&#8217;humidit\u00e9, afin que vous n&#8217;ayez jamais froid et ne soyez pas humide pendant ou apr\u00e8s l&#8217;activit\u00e9.<\/p>\n<p style=\"text-align: left\">La coupe est moyennement serr\u00e9e<\/p>\n<p><img fetchpriority=\"high\" decoding=\"async\" src=\"https:\/\/infinitri.be\/wp-content\/uploads\/2023\/02\/Womens-C3-zip-neck_0155_Grey_4f_v2-4026789_750x-545x545.webp\" width=\"545\" height=\"545\" title=\"Womens-C3-zip-neck_0155_Grey_4f_v2-4026789_750x\" alt=\"Womens-C3-zip-neck_0155_Grey_4f_v2-4026789_750x\" \/><\/p>\n<h1>Especificaciones t\u00e9cnicas<\/h1>\n<ul>\n<li>Excelentes propiedades de evacuaci\u00f3n de la humedad. La humedad se transporta de la piel al exterior, donde se dispersa por una superficie mayor y se evapora r\u00e1pidamente.<\/li>\n<li>Fermeture \u00e9clair YKK courte<\/li>\n<li>Costuras planas suaves<\/li>\n<li>Bandes r\u00e9fl\u00e9chissantes dans le dos pour une meilleure visibilit\u00e9<\/li>\n<li>Tejido fabricado en Italia<\/li>\n<li>Fabricado en Europa en la FUSION.FACTORY<\/li>\n<li>Producto certificado seg\u00fan la norma STANDARD 100 de OEKO-TEX\u00ae. Esto significa que todos los componentes, como tejidos, hilos, transferencias, cremalleras, el\u00e1sticos, etiquetas, etc., han sido probados y aprobados de acuerdo con la norma y, por lo tanto, no contienen sustancias nocivas.<\/li>\n<\/ul>\n<p>    <em style=\"color:#000000\"><\/em>PROTECCI\u00d3N CONTRA EL VIENTO \u2605\u2605\u2605<\/p>\n<p>    <em style=\"color:#000000\"><\/em>PROTECCI\u00d3N CONTRA LA LLUVIA \u2605\u2605\u2605<\/p>\n<p>    <em style=\"color:#000000\"><\/em><\/p>\n<p style=\"text-align: center\">LIGEREZA \u2605\u2605\u2605<\/p>\n<p>    <em style=\"color:#000000\"><\/em>CORTES AJUSTADOS \u2605\u2605\u2605\u2605<\/p>\n<p>    <em style=\"color:#000000\"><\/em>NIVEL DE COMPRESI\u00d3N \u2605\u2605\u2605<\/p>\n<h1 style=\"text-align: center\">Material \ud83d\udc56<\/h1>\n<p style=\"text-align: left\">Tricot circulaire. 92% polyester 8% \u00e9lasthanne<\/p>\n<p style=\"text-align: left\">Utilisation de 5\u00b0C \u00e0 10\u00b0C<\/p>\n<p><img decoding=\"async\" src=\"https:\/\/infinitri.be\/wp-content\/uploads\/2023\/02\/Womens-C3-zip-neck_0155_Grey_5f_v2-4026791_750x-545x545.webp\" width=\"545\" height=\"545\" title=\"Womens-C3-zip-neck_0155_Grey_5f_v2-4026791_750x\" alt=\"Womens-C3-zip-neck_0155_Grey_5f_v2-4026791_750x\" \/><br \/>\n<img decoding=\"async\" src=\"https:\/\/infinitri.be\/wp-content\/uploads\/2023\/02\/Mens-C3-zip-neck_0166_Grey_7d_v1-4927174_750x-545x545.jpg\" width=\"545\" height=\"545\" title=\"Mens-C3-zip-neck_0166_Grey_7d_v1-4927174_750x\" alt=\"Mens-C3-zip-neck_0166_Grey_7d_v1-4927174_750x\" \/><\/p>\n<h1 style=\"text-align: center\">Consejos de mantenimiento \ud83d\udca1<\/h1>\n<p>L\u00e1velo antes de usarlo por primera vez. Si a\u00f1ade un poco de vinagre durante el primer lavado, el color se mantendr\u00e1 m\u00e1s claro y durar\u00e1 m\u00e1s tiempo.<\/p>\n<p>Lave su prenda deportiva a una temperatura m\u00e1xima de 40 \u00b0C. No utilice detergente ni lej\u00eda.<\/p>\n<p>El uso de detergente limitar\u00e1 el transporte de humedad del producto.<\/p>\n<p>Seca tu prenda deportiva FUSION al aire libre. No la metas en la secadora.<\/p>\n<p>Ten cuidado con los objetos puntiagudos, los bordes y las tiras de velcro de mochilas, cinturones y otros objetos que rozan la tela y las costuras de tu prenda. Esto puede rasgar la tela y las costuras de tu prenda deportiva FUSION.<\/p>\n<h1 style=\"text-align: center\">\u00bfCu\u00e1l es mi talla?<\/h1>\n<p><img decoding=\"async\" src=\"https:\/\/infinitri.be\/wp-content\/uploads\/2023\/02\/c3-women-rip-neck-size.png\" title=\"c3-women-rip-neck-size\" alt=\"c3-women-rip-neck-size\" \/><br \/>\n<img loading=\"lazy\" decoding=\"async\" src=\"https:\/\/infinitri.be\/wp-content\/uploads\/2023\/01\/fusion-logo-expanded.svg\" width=\"545\" height=\"545\" title=\"fusi\u00f3n-logotipo-ampliado\" alt=\"fusion-logo-expanded\"><!--\/themify_builder_static--><\/p>","protected":false},"excerpt":{"rendered":"<p>Un dessus \u00e0 manches longues et \u00e0 fermeture \u00e9clair avec col demi-haut pour l&#8217;entra\u00eenement, les activit\u00e9s de plein air et la d\u00e9tente.<\/p>","protected":false},"featured_media":170,"comment_status":"open","ping_status":"closed","template":"","meta":[],"product_brand":[331],"product_cat":[16,28,29],"product_tag":[],"class_list":{"0":"post-28311","1":"product","2":"type-product","3":"status-publish","4":"has-post-thumbnail","6":"product_brand-fusion","7":"product_cat-course","8":"product_cat-tops-pulls","9":"product_cat-vestes-et-t-shirts","10":"zank_product_brands-fusion","11":"nt-post-class","12":"","18":"first","19":"instock","20":"taxable","21":"shipping-taxable","22":"purchasable","23":"product-type-variable"},"_links":{"self":[{"href":"https:\/\/www.infinitri.be\/es\/wp-json\/wp\/v2\/product\/28311","targetHints":{"allow":["GET"]}}],"collection":[{"href":"https:\/\/www.infinitri.be\/es\/wp-json\/wp\/v2\/product"}],"about":[{"href":"https:\/\/www.infinitri.be\/es\/wp-json\/wp\/v2\/types\/product"}],"replies":[{"embeddable":true,"href":"https:\/\/www.infinitri.be\/es\/wp-json\/wp\/v2\/comments?post=28311"}],"wp:featuredmedia":[{"embeddable":true,"href":"https:\/\/www.infinitri.be\/es\/wp-json\/wp\/v2\/media\/170"}],"wp:attachment":[{"href":"https:\/\/www.infinitri.be\/es\/wp-json\/wp\/v2\/media?parent=28311"}],"wp:term":[{"taxonomy":"product_brand","embeddable":true,"href":"https:\/\/www.infinitri.be\/es\/wp-json\/wp\/v2\/product_brand?post=28311"},{"taxonomy":"product_cat","embeddable":true,"href":"https:\/\/www.infinitri.be\/es\/wp-json\/wp\/v2\/product_cat?post=28311"},{"taxonomy":"product_tag","embeddable":true,"href":"https:\/\/www.infinitri.be\/es\/wp-json\/wp\/v2\/product_tag?post=28311"}],"curies":[{"name":"wp","href":"https:\/\/api.w.org\/{rel}","templated":true}]}}